{"id":11691,"date":"2024-10-30T13:22:55","date_gmt":"2024-10-30T10:22:55","guid":{"rendered":"https:\/\/ceoparts.com\/?post_type=product&#038;p=11691"},"modified":"2026-05-16T10:46:49","modified_gmt":"2026-05-16T07:46:49","slug":"still-cpp-51523602647","status":"publish","type":"product","link":"https:\/\/ceoparts.com\/fr\/urun\/still-cpp-51523602647\/","title":{"rendered":"Still CPP &#8211; 51523602647"},"content":{"rendered":"<p>Still CPP &#8211; 51523602647<\/p>\n","protected":false},"excerpt":{"rendered":"<p data-start=\"0\" data-end=\"289\"><br data-start=\"2613\" data-end=\"2616\" \/>Panneau de contr\u00f4le de processus Still CPP d\u2019occasion est un panneau de contr\u00f4le d\u2019origine utilis\u00e9 dans les chariots \u00e9l\u00e9vateurs et machines industrielles. Il g\u00e8re diverses op\u00e9rations \u00e9lectroniques et m\u00e9caniques dans le v\u00e9hicule. Construction robuste et composants de qualit\u00e9 assurent une longue dur\u00e9e de vie. Test\u00e9 et fonctionnel.<\/p>\n<p data-start=\"2948\" data-end=\"3347\"><strong data-start=\"2948\" data-end=\"2970\">Caract\u00e9ristiques :<\/strong><br data-start=\"2970\" data-end=\"2973\" \/><strong data-start=\"2973\" data-end=\"2993\">Nom du produit :<\/strong> Panneau de contr\u00f4le de processus Still CPP d\u2019occasion<br data-start=\"3047\" data-end=\"3050\" \/><strong data-start=\"3050\" data-end=\"3066\">Code pi\u00e8ce :<\/strong> 51523602647<br data-start=\"3078\" data-end=\"3081\" \/><strong data-start=\"3081\" data-end=\"3095\">Mat\u00e9riau :<\/strong> \u00c9lectronique industrielle et bo\u00eetier plastique robuste<br data-start=\"3150\" data-end=\"3153\" \/><strong data-start=\"3153\" data-end=\"3179\">Domaine d\u2019utilisation:<\/strong> Panneau de contr\u00f4le de processus pour chariots \u00e9l\u00e9vateurs et machines industrielles<br data-start=\"3263\" data-end=\"3266\" \/><strong data-start=\"3266\" data-end=\"3279\">Avantage:<\/strong> Construction durable, haute performance, produit d\u2019occasion test\u00e9<\/p>\n<p data-start=\"3349\" data-end=\"3676\">\n","protected":false},"featured_media":11801,"template":"","meta":[],"product_brand":[],"product_cat":[241,431,524],"product_tag":[],"class_list":{"0":"post-11691","1":"product","2":"type-product","3":"status-publish","4":"has-post-thumbnail","6":"product_cat-still","7":"product_cat-ekranlar-ve-kartlar","8":"product_cat-yedek-parca-still","10":"first","11":"instock","12":"taxable","13":"shipping-taxable","14":"purchasable","15":"product-type-simple"},"_links":{"self":[{"href":"https:\/\/ceoparts.com\/fr\/wp-json\/wp\/v2\/product\/11691","targetHints":{"allow":["GET"]}}],"collection":[{"href":"https:\/\/ceoparts.com\/fr\/wp-json\/wp\/v2\/product"}],"about":[{"href":"https:\/\/ceoparts.com\/fr\/wp-json\/wp\/v2\/types\/product"}],"wp:featuredmedia":[{"embeddable":true,"href":"https:\/\/ceoparts.com\/fr\/wp-json\/wp\/v2\/media\/11801"}],"wp:attachment":[{"href":"https:\/\/ceoparts.com\/fr\/wp-json\/wp\/v2\/media?parent=11691"}],"wp:term":[{"taxonomy":"product_brand","embeddable":true,"href":"https:\/\/ceoparts.com\/fr\/wp-json\/wp\/v2\/product_brand?post=11691"},{"taxonomy":"product_cat","embeddable":true,"href":"https:\/\/ceoparts.com\/fr\/wp-json\/wp\/v2\/product_cat?post=11691"},{"taxonomy":"product_tag","embeddable":true,"href":"https:\/\/ceoparts.com\/fr\/wp-json\/wp\/v2\/product_tag?post=11691"}],"curies":[{"name":"wp","href":"https:\/\/api.w.org\/{rel}","templated":true}]}}