{"id":11713,"date":"2024-11-04T15:52:57","date_gmt":"2024-11-04T12:52:57","guid":{"rendered":"https:\/\/ceoparts.com\/?post_type=product&#038;p=11713"},"modified":"2026-05-16T21:01:52","modified_gmt":"2026-05-16T18:01:52","slug":"still-fmx-dc-donusturucu-input-28-110v-output-24v-13a-153-24-ikinciel","status":"publish","type":"product","link":"https:\/\/ceoparts.com\/fr\/urun\/still-fmx-dc-donusturucu-input-28-110v-output-24v-13a-153-24-ikinciel\/","title":{"rendered":"Still FMX DC Transformateur Entr\u00e9e Produits de deuxi\u00e8me main 28-110V Sortie 24V-13A &#8211; 153-24"},"content":{"rendered":"<p>Still FMX DC Transformateur Entr\u00e9e Produits de deuxi\u00e8me main 28-110V Sortie 24V-13A &#8211; 153-24<\/p>\n<p>Still FMX DC Transformateur Entr\u00e9e 28-110V Sortie 24V-13A &#8211; 153-24<\/p>\n<p>Produits de deuxi\u00e8me main<\/p>","protected":false},"excerpt":{"rendered":"<p data-start=\"0\" data-end=\"406\"><br data-start=\"2907\" data-end=\"2910\" \/>Convertisseur DC Still FMX 2\u00e8me main est un convertisseur de tension d\u2019origine utilis\u00e9 dans les chariots \u00e9l\u00e9vateurs et machines industrielles. Tension d\u2019entr\u00e9e 28-110V, sortie stable 24V \u00e0 13A. Les circuits \u00e9lectroniques assurent un fonctionnement stable et s\u00fbr des syst\u00e8mes \u00e9lectroniques embarqu\u00e9s. Construction robuste pour une longue dur\u00e9e de vie. Produit d\u2019occasion test\u00e9 et fonctionnel.<\/p>\n<p data-start=\"3303\" data-end=\"3674\"><strong data-start=\"3303\" data-end=\"3325\">Caract\u00e9ristiques :<\/strong><br data-start=\"3325\" data-end=\"3328\" \/><strong data-start=\"3328\" data-end=\"3348\">Nom du produit :<\/strong> Convertisseur DC Still FMX 2\u00e8me main<br data-start=\"3385\" data-end=\"3388\" \/><strong data-start=\"3388\" data-end=\"3404\">Code pi\u00e8ce :<\/strong> 153-24<br data-start=\"3411\" data-end=\"3414\" \/><strong data-start=\"3414\" data-end=\"3428\">Mat\u00e9riau :<\/strong> Circuit \u00e9lectronique industriel et bo\u00eetier plastique robuste<br data-start=\"3489\" data-end=\"3492\" \/><strong data-start=\"3492\" data-end=\"3518\">Domaine d\u2019utilisation:<\/strong> Convertisseur de tension pour chariots \u00e9l\u00e9vateurs et machines industrielles<br data-start=\"3594\" data-end=\"3597\" \/><strong data-start=\"3597\" data-end=\"3610\">Avantage:<\/strong> Sortie stable, construction durable, produit d\u2019occasion test\u00e9<\/p>\n<p data-start=\"3676\" data-end=\"4050\">\n","protected":false},"featured_media":11685,"template":"","meta":[],"product_brand":[],"product_cat":[241,433,524],"product_tag":[],"class_list":{"0":"post-11713","1":"product","2":"type-product","3":"status-publish","4":"has-post-thumbnail","6":"product_cat-still","7":"product_cat-ikinci-el-urunler","8":"product_cat-yedek-parca-still","10":"first","11":"instock","12":"taxable","13":"shipping-taxable","14":"purchasable","15":"product-type-simple"},"_links":{"self":[{"href":"https:\/\/ceoparts.com\/fr\/wp-json\/wp\/v2\/product\/11713","targetHints":{"allow":["GET"]}}],"collection":[{"href":"https:\/\/ceoparts.com\/fr\/wp-json\/wp\/v2\/product"}],"about":[{"href":"https:\/\/ceoparts.com\/fr\/wp-json\/wp\/v2\/types\/product"}],"wp:featuredmedia":[{"embeddable":true,"href":"https:\/\/ceoparts.com\/fr\/wp-json\/wp\/v2\/media\/11685"}],"wp:attachment":[{"href":"https:\/\/ceoparts.com\/fr\/wp-json\/wp\/v2\/media?parent=11713"}],"wp:term":[{"taxonomy":"product_brand","embeddable":true,"href":"https:\/\/ceoparts.com\/fr\/wp-json\/wp\/v2\/product_brand?post=11713"},{"taxonomy":"product_cat","embeddable":true,"href":"https:\/\/ceoparts.com\/fr\/wp-json\/wp\/v2\/product_cat?post=11713"},{"taxonomy":"product_tag","embeddable":true,"href":"https:\/\/ceoparts.com\/fr\/wp-json\/wp\/v2\/product_tag?post=11713"}],"curies":[{"name":"wp","href":"https:\/\/api.w.org\/{rel}","templated":true}]}}