{"id":11714,"date":"2024-11-04T16:39:56","date_gmt":"2024-11-04T13:39:56","guid":{"rendered":"https:\/\/ceoparts.com\/?post_type=product&#038;p=11714"},"modified":"2026-05-16T11:03:09","modified_gmt":"2026-05-16T08:03:09","slug":"linde-still-kontrol-su-20-abu-2-el-426489","status":"publish","type":"product","link":"https:\/\/ceoparts.com\/fr\/urun\/linde-still-kontrol-su-20-abu-2-el-426489\/","title":{"rendered":"Linde\/Still Contr\u00f4le Su 20 ABU Deuxi\u00e8me main &#8211; 426489"},"content":{"rendered":"<p>Linde\/Still Contr\u00f4le Su 20 ABU Deuxi\u00e8me main &#8211; 426489<\/p>\n<p>Linde\/Still Contr\u00f4le Su 20 ABU &#8211; 426489<\/p>\n<p>Deuxi\u00e8me main<\/p>","protected":false},"excerpt":{"rendered":"<p data-start=\"0\" data-end=\"372\"><br data-start=\"2746\" data-end=\"2749\" \/>Unit\u00e9 de contr\u00f4le Linde\/Still Su 20 ABU d\u2019occasion est une unit\u00e9 de contr\u00f4le d\u2019origine utilis\u00e9e dans les chariots \u00e9l\u00e9vateurs et machines industrielles. Elle g\u00e8re les signaux \u00e9lectroniques pour optimiser la performance du v\u00e9hicule et assure le bon fonctionnement de diverses fonctions. Construction robuste et composants \u00e9lectroniques de qualit\u00e9. Test\u00e9e et fonctionnelle.<\/p>\n<p data-start=\"3121\" data-end=\"3481\"><strong data-start=\"3121\" data-end=\"3143\">Caract\u00e9ristiques :<\/strong><br data-start=\"3143\" data-end=\"3146\" \/><strong data-start=\"3146\" data-end=\"3166\">Nom du produit :<\/strong> Unit\u00e9 de contr\u00f4le Linde\/Still Su 20 ABU d\u2019occasion<br data-start=\"3217\" data-end=\"3220\" \/><strong data-start=\"3220\" data-end=\"3236\">Code pi\u00e8ce :<\/strong> 426489<br data-start=\"3243\" data-end=\"3246\" \/><strong data-start=\"3246\" data-end=\"3260\">Mat\u00e9riau :<\/strong> Circuit \u00e9lectronique industriel et bo\u00eetier plastique robuste<br data-start=\"3321\" data-end=\"3324\" \/><strong data-start=\"3324\" data-end=\"3350\">Domaine d\u2019utilisation:<\/strong> Syst\u00e8me de contr\u00f4le pour chariots \u00e9l\u00e9vateurs et machines industrielles<br data-start=\"3421\" data-end=\"3424\" \/><strong data-start=\"3424\" data-end=\"3437\">Avantage:<\/strong> Durable, fiable, produit d\u2019occasion test\u00e9<\/p>\n<p data-start=\"3483\" data-end=\"3852\">\n","protected":false},"featured_media":11715,"template":"","meta":[],"product_brand":[],"product_cat":[523,524,241,246,433],"product_tag":[],"class_list":{"0":"post-11714","1":"product","2":"type-product","3":"status-publish","4":"has-post-thumbnail","6":"product_cat-yedek-parca-linde","7":"product_cat-yedek-parca-still","8":"product_cat-still","9":"product_cat-linde","10":"product_cat-ikinci-el-urunler","12":"first","13":"instock","14":"taxable","15":"shipping-taxable","16":"purchasable","17":"product-type-simple"},"_links":{"self":[{"href":"https:\/\/ceoparts.com\/fr\/wp-json\/wp\/v2\/product\/11714","targetHints":{"allow":["GET"]}}],"collection":[{"href":"https:\/\/ceoparts.com\/fr\/wp-json\/wp\/v2\/product"}],"about":[{"href":"https:\/\/ceoparts.com\/fr\/wp-json\/wp\/v2\/types\/product"}],"wp:featuredmedia":[{"embeddable":true,"href":"https:\/\/ceoparts.com\/fr\/wp-json\/wp\/v2\/media\/11715"}],"wp:attachment":[{"href":"https:\/\/ceoparts.com\/fr\/wp-json\/wp\/v2\/media?parent=11714"}],"wp:term":[{"taxonomy":"product_brand","embeddable":true,"href":"https:\/\/ceoparts.com\/fr\/wp-json\/wp\/v2\/product_brand?post=11714"},{"taxonomy":"product_cat","embeddable":true,"href":"https:\/\/ceoparts.com\/fr\/wp-json\/wp\/v2\/product_cat?post=11714"},{"taxonomy":"product_tag","embeddable":true,"href":"https:\/\/ceoparts.com\/fr\/wp-json\/wp\/v2\/product_tag?post=11714"}],"curies":[{"name":"wp","href":"https:\/\/api.w.org\/{rel}","templated":true}]}}