{"id":11720,"date":"2024-11-04T16:56:43","date_gmt":"2024-11-04T13:56:43","guid":{"rendered":"https:\/\/ceoparts.com\/?post_type=product&#038;p=11720"},"modified":"2026-05-16T12:10:56","modified_gmt":"2026-05-16T09:10:56","slug":"still-direksiyon-karti-3903608866","status":"publish","type":"product","link":"https:\/\/ceoparts.com\/fr\/urun\/still-direksiyon-karti-3903608866\/","title":{"rendered":"Still Carte de direction Deuxi\u00e8me main &#8211; 3903608866"},"content":{"rendered":"<p>Still Carte de direction Deuxi\u00e8me main &#8211; 3903608866<\/p>","protected":false},"excerpt":{"rendered":"<p data-start=\"0\" data-end=\"439\"><br data-start=\"3017\" data-end=\"3020\" \/>Carte de direction Still 2\u00e8me main est une carte de contr\u00f4le \u00e9lectronique d\u2019origine utilis\u00e9e dans les chariots \u00e9l\u00e9vateurs et les machines industrielles. Elle g\u00e8re \u00e9lectroniquement la direction, la pr\u00e9cision et le temps de r\u00e9ponse. Optimise la direction de conduite et la maniabilit\u00e9 en fonction des donn\u00e9es des capteurs. Structure robuste et \u00e9lectronique industrielle assurent une longue dur\u00e9e de vie. Test\u00e9e et fonctionnelle en tant que produit d\u2019occasion.<\/p>\n<p data-start=\"3479\" data-end=\"3858\"><strong data-start=\"3479\" data-end=\"3501\">Caract\u00e9ristiques :<\/strong><br data-start=\"3501\" data-end=\"3504\" \/><strong data-start=\"3504\" data-end=\"3524\">Nom du produit :<\/strong> Carte de direction Still 2\u00e8me main<br data-start=\"3559\" data-end=\"3562\" \/><strong data-start=\"3562\" data-end=\"3578\">Code pi\u00e8ce :<\/strong> 3903608866<br data-start=\"3589\" data-end=\"3592\" \/><strong data-start=\"3592\" data-end=\"3606\">Mat\u00e9riau :<\/strong> Circuit \u00e9lectronique industriel et bo\u00eetier plastique robuste<br data-start=\"3667\" data-end=\"3670\" \/><strong data-start=\"3670\" data-end=\"3696\">Domaine d\u2019utilisation:<\/strong> Syst\u00e8me de contr\u00f4le de direction pour chariots \u00e9l\u00e9vateurs et machines industrielles<br data-start=\"3780\" data-end=\"3783\" \/><strong data-start=\"3783\" data-end=\"3796\">Avantage:<\/strong> Haute pr\u00e9cision, structure solide, produit d\u2019occasion test\u00e9<\/p>\n<p data-start=\"3860\" data-end=\"4280\">\n","protected":false},"featured_media":11722,"template":"","meta":[],"product_brand":[],"product_cat":[241,433,524],"product_tag":[],"class_list":{"0":"post-11720","1":"product","2":"type-product","3":"status-publish","4":"has-post-thumbnail","6":"product_cat-still","7":"product_cat-ikinci-el-urunler","8":"product_cat-yedek-parca-still","10":"first","11":"instock","12":"taxable","13":"shipping-taxable","14":"purchasable","15":"product-type-simple"},"_links":{"self":[{"href":"https:\/\/ceoparts.com\/fr\/wp-json\/wp\/v2\/product\/11720","targetHints":{"allow":["GET"]}}],"collection":[{"href":"https:\/\/ceoparts.com\/fr\/wp-json\/wp\/v2\/product"}],"about":[{"href":"https:\/\/ceoparts.com\/fr\/wp-json\/wp\/v2\/types\/product"}],"wp:featuredmedia":[{"embeddable":true,"href":"https:\/\/ceoparts.com\/fr\/wp-json\/wp\/v2\/media\/11722"}],"wp:attachment":[{"href":"https:\/\/ceoparts.com\/fr\/wp-json\/wp\/v2\/media?parent=11720"}],"wp:term":[{"taxonomy":"product_brand","embeddable":true,"href":"https:\/\/ceoparts.com\/fr\/wp-json\/wp\/v2\/product_brand?post=11720"},{"taxonomy":"product_cat","embeddable":true,"href":"https:\/\/ceoparts.com\/fr\/wp-json\/wp\/v2\/product_cat?post=11720"},{"taxonomy":"product_tag","embeddable":true,"href":"https:\/\/ceoparts.com\/fr\/wp-json\/wp\/v2\/product_tag?post=11720"}],"curies":[{"name":"wp","href":"https:\/\/api.w.org\/{rel}","templated":true}]}}