{"id":11725,"date":"2024-11-04T16:57:54","date_gmt":"2024-11-04T13:57:54","guid":{"rendered":"https:\/\/ceoparts.com\/?post_type=product&#038;p=11725"},"modified":"2026-05-16T08:35:36","modified_gmt":"2026-05-16T05:35:36","slug":"linde-direksiyon-karti-3903608851-3903608402","status":"publish","type":"product","link":"https:\/\/ceoparts.com\/fr\/urun\/linde-direksiyon-karti-3903608851-3903608402\/","title":{"rendered":"Linde Carte de direction Deuxi\u00e8me main &#8211; 3903608851 \/ 3903608402"},"content":{"rendered":"<p>Linde Carte de direction Deuxi\u00e8me main &#8211; 3903608851 \/ 3903608402<\/p>","protected":false},"excerpt":{"rendered":"<p data-start=\"82\" data-end=\"517\"><br data-start=\"3100\" data-end=\"3103\" \/>Carte de direction Linde 2\u00e8me main est une carte de contr\u00f4le \u00e9lectronique d\u2019origine utilis\u00e9e dans les chariots \u00e9l\u00e9vateurs et les machines industrielles. Elle g\u00e8re \u00e9lectroniquement la direction, la pr\u00e9cision et la maniabilit\u00e9 du syst\u00e8me de direction. Traite les donn\u00e9es des capteurs de direction et ajuste la direction de conduite et la vitesse de r\u00e9ponse. \u00c9lectronique industrielle robuste, test\u00e9e et fonctionnelle.<\/p>\n<p data-start=\"3520\" data-end=\"3912\"><strong data-start=\"3520\" data-end=\"3542\">Caract\u00e9ristiques :<\/strong><br data-start=\"3542\" data-end=\"3545\" \/><strong data-start=\"3545\" data-end=\"3565\">Nom du produit :<\/strong> Carte de direction Linde 2\u00e8me main<br data-start=\"3600\" data-end=\"3603\" \/><strong data-start=\"3603\" data-end=\"3619\">Code pi\u00e8ce :<\/strong> 3903608851 \/ 3903608402<br data-start=\"3643\" data-end=\"3646\" \/><strong data-start=\"3646\" data-end=\"3660\">Mat\u00e9riau :<\/strong> Circuit \u00e9lectronique industriel et bo\u00eetier plastique robuste<br data-start=\"3721\" data-end=\"3724\" \/><strong data-start=\"3724\" data-end=\"3750\">Domaine d\u2019utilisation:<\/strong> Syst\u00e8me de contr\u00f4le de direction pour chariots \u00e9l\u00e9vateurs et machines industrielles<br data-start=\"3834\" data-end=\"3837\" \/><strong data-start=\"3837\" data-end=\"3850\">Avantage:<\/strong> Haute pr\u00e9cision, structure solide, produit d\u2019occasion test\u00e9<\/p>\n<p data-start=\"3914\" data-end=\"4307\">\n","protected":false},"featured_media":11727,"template":"","meta":[],"product_brand":[],"product_cat":[246,433,523],"product_tag":[],"class_list":{"0":"post-11725","1":"product","2":"type-product","3":"status-publish","4":"has-post-thumbnail","6":"product_cat-linde","7":"product_cat-ikinci-el-urunler","8":"product_cat-yedek-parca-linde","10":"first","11":"instock","12":"taxable","13":"shipping-taxable","14":"purchasable","15":"product-type-simple"},"_links":{"self":[{"href":"https:\/\/ceoparts.com\/fr\/wp-json\/wp\/v2\/product\/11725","targetHints":{"allow":["GET"]}}],"collection":[{"href":"https:\/\/ceoparts.com\/fr\/wp-json\/wp\/v2\/product"}],"about":[{"href":"https:\/\/ceoparts.com\/fr\/wp-json\/wp\/v2\/types\/product"}],"wp:featuredmedia":[{"embeddable":true,"href":"https:\/\/ceoparts.com\/fr\/wp-json\/wp\/v2\/media\/11727"}],"wp:attachment":[{"href":"https:\/\/ceoparts.com\/fr\/wp-json\/wp\/v2\/media?parent=11725"}],"wp:term":[{"taxonomy":"product_brand","embeddable":true,"href":"https:\/\/ceoparts.com\/fr\/wp-json\/wp\/v2\/product_brand?post=11725"},{"taxonomy":"product_cat","embeddable":true,"href":"https:\/\/ceoparts.com\/fr\/wp-json\/wp\/v2\/product_cat?post=11725"},{"taxonomy":"product_tag","embeddable":true,"href":"https:\/\/ceoparts.com\/fr\/wp-json\/wp\/v2\/product_tag?post=11725"}],"curies":[{"name":"wp","href":"https:\/\/api.w.org\/{rel}","templated":true}]}}