{"id":11730,"date":"2024-11-04T17:19:18","date_gmt":"2024-11-04T14:19:18","guid":{"rendered":"https:\/\/ceoparts.com\/?post_type=product&#038;p=11730"},"modified":"2026-05-16T14:06:07","modified_gmt":"2026-05-16T11:06:07","slug":"still-fmx-konvartor-51523654203","status":"publish","type":"product","link":"https:\/\/ceoparts.com\/fr\/urun\/still-fmx-konvartor-51523654203\/","title":{"rendered":"Convertisseur Still FMX Deuxi\u00e8me main &#8211; 51523654203"},"content":{"rendered":"<p>Convertisseur Still FMX Deuxi\u00e8me main &#8211; 51523654203<\/p>","protected":false},"excerpt":{"rendered":"<p data-start=\"73\" data-end=\"635\"><br data-start=\"3559\" data-end=\"3562\" \/>Convertisseur Still FMX 2\u00e8me main est un module convertisseur de tension d\u2019origine utilis\u00e9 dans les chariots \u00e9l\u00e9vateurs et les machines industrielles. Compatible avec les syst\u00e8mes DC 48V et 80V, il abaisse en toute s\u00e9curit\u00e9 la tension de sortie \u00e0 un niveau stable, garantissant le fonctionnement continu et fiable des cartes de contr\u00f4le moteur, des syst\u00e8mes d\u2019\u00e9clairage et des autres \u00e9quipements \u00e9lectroniques. Bo\u00eetier robuste et \u00e9lectronique industrielle assurent des performances durables dans des conditions exigeantes. Produit test\u00e9 et fonctionnel.<\/p>\n<p data-start=\"4116\" data-end=\"4487\"><strong data-start=\"4116\" data-end=\"4138\">Caract\u00e9ristiques :<\/strong><br data-start=\"4138\" data-end=\"4141\" \/><strong data-start=\"4141\" data-end=\"4161\">Nom du produit :<\/strong> Convertisseur Still FMX 2\u00e8me main<br data-start=\"4195\" data-end=\"4198\" \/><strong data-start=\"4198\" data-end=\"4214\">Code pi\u00e8ce :<\/strong> 51523654203<br data-start=\"4226\" data-end=\"4229\" \/><strong data-start=\"4229\" data-end=\"4243\">Mat\u00e9riau :<\/strong> Circuit \u00e9lectronique industriel et bo\u00eetier plastique robuste<br data-start=\"4304\" data-end=\"4307\" \/><strong data-start=\"4307\" data-end=\"4333\">Domaine d\u2019utilisation:<\/strong> Module convertisseur de tension pour chariots \u00e9l\u00e9vateurs et machines industrielles<br data-start=\"4416\" data-end=\"4419\" \/><strong data-start=\"4419\" data-end=\"4432\">Avantage:<\/strong> Haute performance, durable, produit d\u2019occasion test\u00e9<\/p>\n<p data-start=\"4489\" data-end=\"5022\">\n","protected":false},"featured_media":11731,"template":"","meta":[],"product_brand":[],"product_cat":[241,433,524],"product_tag":[],"class_list":{"0":"post-11730","1":"product","2":"type-product","3":"status-publish","4":"has-post-thumbnail","6":"product_cat-still","7":"product_cat-ikinci-el-urunler","8":"product_cat-yedek-parca-still","10":"first","11":"instock","12":"taxable","13":"shipping-taxable","14":"purchasable","15":"product-type-simple"},"_links":{"self":[{"href":"https:\/\/ceoparts.com\/fr\/wp-json\/wp\/v2\/product\/11730","targetHints":{"allow":["GET"]}}],"collection":[{"href":"https:\/\/ceoparts.com\/fr\/wp-json\/wp\/v2\/product"}],"about":[{"href":"https:\/\/ceoparts.com\/fr\/wp-json\/wp\/v2\/types\/product"}],"wp:featuredmedia":[{"embeddable":true,"href":"https:\/\/ceoparts.com\/fr\/wp-json\/wp\/v2\/media\/11731"}],"wp:attachment":[{"href":"https:\/\/ceoparts.com\/fr\/wp-json\/wp\/v2\/media?parent=11730"}],"wp:term":[{"taxonomy":"product_brand","embeddable":true,"href":"https:\/\/ceoparts.com\/fr\/wp-json\/wp\/v2\/product_brand?post=11730"},{"taxonomy":"product_cat","embeddable":true,"href":"https:\/\/ceoparts.com\/fr\/wp-json\/wp\/v2\/product_cat?post=11730"},{"taxonomy":"product_tag","embeddable":true,"href":"https:\/\/ceoparts.com\/fr\/wp-json\/wp\/v2\/product_tag?post=11730"}],"curies":[{"name":"wp","href":"https:\/\/api.w.org\/{rel}","templated":true}]}}