{"id":11737,"date":"2024-11-04T17:26:13","date_gmt":"2024-11-04T14:26:13","guid":{"rendered":"https:\/\/ceoparts.com\/?post_type=product&#038;p=11737"},"modified":"2026-05-16T17:29:43","modified_gmt":"2026-05-16T14:29:43","slug":"linde-dc-donusturucu-ikinci-el-400w-12-5v-48-80v-7917401102-7917401103-7917401115","status":"publish","type":"product","link":"https:\/\/ceoparts.com\/fr\/urun\/linde-dc-donusturucu-ikinci-el-400w-12-5v-48-80v-7917401102-7917401103-7917401115\/","title":{"rendered":"Linde DC Convertisseur Deuxi\u00e8me main 400W \/ 12.5V &#8211; 48 \/ 80V &#8211; 7917401102 &#8211; 7917401103 &#8211; 7917401115"},"content":{"rendered":"<p>Linde DC Convertisseur Deuxi\u00e8me main 400W \/ 12.5V &#8211; 48 \/ 80V &#8211; 7917401102 &#8211; 7917401103 &#8211; 7917401115<\/p>","protected":false},"excerpt":{"rendered":"<p data-start=\"100\" data-end=\"607\"><br data-start=\"3574\" data-end=\"3577\" \/>Convertisseur DC Linde 2\u00e8me main 400W \/ 12.5V est un module convertisseur de tension d\u2019origine utilis\u00e9 dans les chariots \u00e9l\u00e9vateurs et les machines industrielles. Compatible avec les syst\u00e8mes DC 48V et 80V, il abaisse la tension \u00e0 12.5V en toute s\u00e9curit\u00e9 et assure le fonctionnement stable des \u00e9quipements \u00e9lectroniques, de l\u2019\u00e9clairage et des syst\u00e8mes de commande embarqu\u00e9s. Sa puissance de 400W garantit des performances durables en environnement exigeant. Test\u00e9 et parfaitement fonctionnel.<\/p>\n<p data-start=\"4071\" data-end=\"4500\"><strong data-start=\"4071\" data-end=\"4093\">Caract\u00e9ristiques :<\/strong><br data-start=\"4093\" data-end=\"4096\" \/><strong data-start=\"4096\" data-end=\"4116\">Nom du produit :<\/strong> Convertisseur DC Linde 2\u00e8me main 400W \/ 12.5V<br data-start=\"4162\" data-end=\"4165\" \/><strong data-start=\"4165\" data-end=\"4181\">Code pi\u00e8ce :<\/strong> 7917401102 \u2013 7917401103 \u2013 7917401115<br data-start=\"4218\" data-end=\"4221\" \/><strong data-start=\"4221\" data-end=\"4235\">Mat\u00e9riau :<\/strong> Circuit \u00e9lectronique, bo\u00eetier m\u00e9tallique et bornes de connexion robustes<br data-start=\"4308\" data-end=\"4311\" \/><strong data-start=\"4311\" data-end=\"4337\">Domaine d\u2019utilisation:<\/strong> Syst\u00e8me convertisseur de tension pour chariots \u00e9l\u00e9vateurs et machines industrielles<br data-start=\"4421\" data-end=\"4424\" \/><strong data-start=\"4424\" data-end=\"4437\">Avantage:<\/strong> Grande capacit\u00e9, structure robuste, produit d\u2019occasion test\u00e9<\/p>\n<p data-start=\"4502\" data-end=\"4967\">\n","protected":false},"featured_media":11679,"template":"","meta":[],"product_brand":[],"product_cat":[246,433,523],"product_tag":[],"class_list":{"0":"post-11737","1":"product","2":"type-product","3":"status-publish","4":"has-post-thumbnail","6":"product_cat-linde","7":"product_cat-ikinci-el-urunler","8":"product_cat-yedek-parca-linde","10":"first","11":"instock","12":"taxable","13":"shipping-taxable","14":"purchasable","15":"product-type-simple"},"_links":{"self":[{"href":"https:\/\/ceoparts.com\/fr\/wp-json\/wp\/v2\/product\/11737","targetHints":{"allow":["GET"]}}],"collection":[{"href":"https:\/\/ceoparts.com\/fr\/wp-json\/wp\/v2\/product"}],"about":[{"href":"https:\/\/ceoparts.com\/fr\/wp-json\/wp\/v2\/types\/product"}],"wp:featuredmedia":[{"embeddable":true,"href":"https:\/\/ceoparts.com\/fr\/wp-json\/wp\/v2\/media\/11679"}],"wp:attachment":[{"href":"https:\/\/ceoparts.com\/fr\/wp-json\/wp\/v2\/media?parent=11737"}],"wp:term":[{"taxonomy":"product_brand","embeddable":true,"href":"https:\/\/ceoparts.com\/fr\/wp-json\/wp\/v2\/product_brand?post=11737"},{"taxonomy":"product_cat","embeddable":true,"href":"https:\/\/ceoparts.com\/fr\/wp-json\/wp\/v2\/product_cat?post=11737"},{"taxonomy":"product_tag","embeddable":true,"href":"https:\/\/ceoparts.com\/fr\/wp-json\/wp\/v2\/product_tag?post=11737"}],"curies":[{"name":"wp","href":"https:\/\/api.w.org\/{rel}","templated":true}]}}