{"id":11738,"date":"2024-11-04T17:38:30","date_gmt":"2024-11-04T14:38:30","guid":{"rendered":"https:\/\/ceoparts.com\/?post_type=product&#038;p=11738"},"modified":"2026-04-08T19:53:49","modified_gmt":"2026-04-08T16:53:49","slug":"still-fmx-konvartor-2-el-20220059","status":"publish","type":"product","link":"https:\/\/ceoparts.com\/fr\/urun\/still-fmx-konvartor-2-el-20220059\/","title":{"rendered":"Convertisseur Still FMX Deuxi\u00e8me main &#8211; 20220059"},"content":{"rendered":"<p>Convertisseur Still FMX Deuxi\u00e8me main &#8211; 20220059<\/p>\n<p>Convertisseur Still FMX Deuxi\u00e8me main &#8211; 20220059<\/p>","protected":false},"excerpt":{"rendered":"<p data-start=\"83\" data-end=\"527\"><br data-start=\"3148\" data-end=\"3151\" \/>Convertisseur Still FMX 2\u00e8me main est un module convertisseur de tension d\u2019origine utilis\u00e9 dans les chariots \u00e9l\u00e9vateurs et les machines industrielles. Compatible avec les syst\u00e8mes de 48V et 80V, il r\u00e9gule en toute s\u00e9curit\u00e9 la tension du syst\u00e8me \u00e0 un niveau optimal, assurant le fonctionnement stable du moteur et des cartes de commande. Bo\u00eetier robuste et \u00e9lectronique industrielle adapt\u00e9s aux environnements exigeants. Test\u00e9 et enti\u00e8rement fonctionnel.<\/p>\n<p data-start=\"3606\" data-end=\"3973\"><strong data-start=\"3606\" data-end=\"3628\">Caract\u00e9ristiques :<\/strong><br data-start=\"3628\" data-end=\"3631\" \/><strong data-start=\"3631\" data-end=\"3651\">Nom du produit :<\/strong> Convertisseur Still FMX 2\u00e8me main<br data-start=\"3685\" data-end=\"3688\" \/><strong data-start=\"3688\" data-end=\"3704\">Code pi\u00e8ce :<\/strong> 20220059<br data-start=\"3713\" data-end=\"3716\" \/><strong data-start=\"3716\" data-end=\"3730\">Mat\u00e9riau :<\/strong> Circuit \u00e9lectronique et bo\u00eetier plastique robuste<br data-start=\"3780\" data-end=\"3783\" \/><strong data-start=\"3783\" data-end=\"3809\">Domaine d\u2019utilisation:<\/strong> Module convertisseur de tension pour chariots \u00e9l\u00e9vateurs et machines industrielles<br data-start=\"3892\" data-end=\"3895\" \/><strong data-start=\"3895\" data-end=\"3908\">Avantage:<\/strong> Haute performance, structure robuste, produit d\u2019occasion test\u00e9<\/p>\n<p data-start=\"3975\" data-end=\"4399\">\n","protected":false},"featured_media":11739,"template":"","meta":[],"product_brand":[],"product_cat":[433,241,524],"product_tag":[],"class_list":{"0":"post-11738","1":"product","2":"type-product","3":"status-publish","4":"has-post-thumbnail","6":"product_cat-ikinci-el-urunler","7":"product_cat-still","8":"product_cat-yedek-parca-still","10":"first","11":"instock","12":"taxable","13":"shipping-taxable","14":"purchasable","15":"product-type-simple"},"_links":{"self":[{"href":"https:\/\/ceoparts.com\/fr\/wp-json\/wp\/v2\/product\/11738","targetHints":{"allow":["GET"]}}],"collection":[{"href":"https:\/\/ceoparts.com\/fr\/wp-json\/wp\/v2\/product"}],"about":[{"href":"https:\/\/ceoparts.com\/fr\/wp-json\/wp\/v2\/types\/product"}],"wp:featuredmedia":[{"embeddable":true,"href":"https:\/\/ceoparts.com\/fr\/wp-json\/wp\/v2\/media\/11739"}],"wp:attachment":[{"href":"https:\/\/ceoparts.com\/fr\/wp-json\/wp\/v2\/media?parent=11738"}],"wp:term":[{"taxonomy":"product_brand","embeddable":true,"href":"https:\/\/ceoparts.com\/fr\/wp-json\/wp\/v2\/product_brand?post=11738"},{"taxonomy":"product_cat","embeddable":true,"href":"https:\/\/ceoparts.com\/fr\/wp-json\/wp\/v2\/product_cat?post=11738"},{"taxonomy":"product_tag","embeddable":true,"href":"https:\/\/ceoparts.com\/fr\/wp-json\/wp\/v2\/product_tag?post=11738"}],"curies":[{"name":"wp","href":"https:\/\/api.w.org\/{rel}","templated":true}]}}