{"id":11746,"date":"2024-11-05T09:22:39","date_gmt":"2024-11-05T06:22:39","guid":{"rendered":"https:\/\/ceoparts.com\/?post_type=product&#038;p=11746"},"modified":"2026-05-16T19:52:09","modified_gmt":"2026-05-16T16:52:09","slug":"still-yeni-model-konvartor-51523604130","status":"publish","type":"product","link":"https:\/\/ceoparts.com\/fr\/urun\/still-yeni-model-konvartor-51523604130\/","title":{"rendered":"Still Nouveau Mod\u00e8le Convertisseur &#8211; 51523604130"},"content":{"rendered":"<p>Still Nouveau Mod\u00e8le Convertisseur &#8211; 51523604130<\/p>\n<p>Still Nouveau Mod\u00e8le Convertisseur &#8211; 51523604130<\/p>","protected":false},"excerpt":{"rendered":"<p data-start=\"0\" data-end=\"463\"><br data-start=\"3261\" data-end=\"3264\" \/>Convertisseur Still Nouveau Mod\u00e8le 2\u00e8me main est un module convertisseur de tension original et de haute qualit\u00e9 con\u00e7u pour les chariots \u00e9l\u00e9vateurs et les machines industrielles. Compatible avec les syst\u00e8mes de 48V \u00e0 80V, il abaisse en toute s\u00e9curit\u00e9 la tension de sortie et assure un fonctionnement stable et efficace des \u00e9quipements connect\u00e9s. Sa conception \u00e9lectronique nouvelle g\u00e9n\u00e9ration garantit des performances compactes et efficaces. Produit d\u2019occasion test\u00e9 et enti\u00e8rement op\u00e9rationnel.<\/p>\n<p data-start=\"3762\" data-end=\"4167\"><strong data-start=\"3762\" data-end=\"3784\">Caract\u00e9ristiques :<\/strong><br data-start=\"3784\" data-end=\"3787\" \/><strong data-start=\"3787\" data-end=\"3807\">Nom du produit :<\/strong> Convertisseur Still Nouveau Mod\u00e8le 2\u00e8me main<br data-start=\"3852\" data-end=\"3855\" \/><strong data-start=\"3855\" data-end=\"3871\">Code pi\u00e8ce :<\/strong> 51523604130<br data-start=\"3883\" data-end=\"3886\" \/><strong data-start=\"3886\" data-end=\"3900\">Mat\u00e9riau :<\/strong> Composants \u00e9lectroniques haute r\u00e9sistance et bo\u00eetier plastique robuste<br data-start=\"3971\" data-end=\"3974\" \/><strong data-start=\"3974\" data-end=\"4000\">Domaine d\u2019utilisation:<\/strong> Syst\u00e8me convertisseur de tension pour chariots \u00e9l\u00e9vateurs et machines industrielles<br data-start=\"4084\" data-end=\"4087\" \/><strong data-start=\"4087\" data-end=\"4100\">Avantage:<\/strong> Compact, fiable, nouvelle \u00e9lectronique, produit d\u2019occasion test\u00e9<\/p>\n<p data-start=\"4169\" data-end=\"4631\">\n","protected":false},"featured_media":11747,"template":"","meta":[],"product_brand":[],"product_cat":[241,433,524],"product_tag":[],"class_list":{"0":"post-11746","1":"product","2":"type-product","3":"status-publish","4":"has-post-thumbnail","6":"product_cat-still","7":"product_cat-ikinci-el-urunler","8":"product_cat-yedek-parca-still","10":"first","11":"instock","12":"taxable","13":"shipping-taxable","14":"purchasable","15":"product-type-simple"},"_links":{"self":[{"href":"https:\/\/ceoparts.com\/fr\/wp-json\/wp\/v2\/product\/11746","targetHints":{"allow":["GET"]}}],"collection":[{"href":"https:\/\/ceoparts.com\/fr\/wp-json\/wp\/v2\/product"}],"about":[{"href":"https:\/\/ceoparts.com\/fr\/wp-json\/wp\/v2\/types\/product"}],"wp:featuredmedia":[{"embeddable":true,"href":"https:\/\/ceoparts.com\/fr\/wp-json\/wp\/v2\/media\/11747"}],"wp:attachment":[{"href":"https:\/\/ceoparts.com\/fr\/wp-json\/wp\/v2\/media?parent=11746"}],"wp:term":[{"taxonomy":"product_brand","embeddable":true,"href":"https:\/\/ceoparts.com\/fr\/wp-json\/wp\/v2\/product_brand?post=11746"},{"taxonomy":"product_cat","embeddable":true,"href":"https:\/\/ceoparts.com\/fr\/wp-json\/wp\/v2\/product_cat?post=11746"},{"taxonomy":"product_tag","embeddable":true,"href":"https:\/\/ceoparts.com\/fr\/wp-json\/wp\/v2\/product_tag?post=11746"}],"curies":[{"name":"wp","href":"https:\/\/api.w.org\/{rel}","templated":true}]}}