{"id":11753,"date":"2024-11-05T09:44:06","date_gmt":"2024-11-05T06:44:06","guid":{"rendered":"https:\/\/ceoparts.com\/?post_type=product&#038;p=11753"},"modified":"2026-05-16T15:08:32","modified_gmt":"2026-05-16T12:08:32","slug":"still-sac-ii-umrichter-karti-ikinci-el-80v-600a-51523654201","status":"publish","type":"product","link":"https:\/\/ceoparts.com\/fr\/urun\/still-sac-ii-umrichter-karti-ikinci-el-80v-600a-51523654201\/","title":{"rendered":"STILL Sac II Umrichter Kart\u0131 Deuxi\u00e8me main 80V 600A &#8211; 51523654201"},"content":{"rendered":"<p>STILL Sac II Umrichter Kart\u0131 Deuxi\u00e8me main 80V 600A &#8211; 51523654201<\/p>\n<p>STILL Sac II Umrichter Kart\u0131 Deuxi\u00e8me main 80V 600A &#8211; 51523654201<\/p>","protected":false},"excerpt":{"rendered":"<p data-start=\"0\" data-end=\"418\"><br data-start=\"3088\" data-end=\"3091\" \/>Carte convertisseur STILL Sac II 2\u00e8me main est une carte de contr\u00f4le de tension et de courant \u00e0 haute capacit\u00e9 utilis\u00e9e dans les chariots \u00e9l\u00e9vateurs et machines industrielles. Fournit une gestion de puissance jusqu\u2019\u00e0 600A dans des syst\u00e8mes 80V, garantissant un fonctionnement stable des syst\u00e8mes d\u2019entra\u00eenement et de contr\u00f4le moteur. Produit d\u2019occasion test\u00e9 et pleinement op\u00e9rationnel. Connu pour sa structure durable et ses performances fiables dans les environnements industriels.<\/p>\n<p data-start=\"3576\" data-end=\"3953\"><strong data-start=\"3576\" data-end=\"3598\">Caract\u00e9ristiques :<\/strong><br data-start=\"3598\" data-end=\"3601\" \/><strong data-start=\"3601\" data-end=\"3621\">Nom du produit :<\/strong> Carte convertisseur STILL Sac II 2\u00e8me main<br data-start=\"3664\" data-end=\"3667\" \/><strong data-start=\"3667\" data-end=\"3683\">Code pi\u00e8ce :<\/strong> 51523654201<br data-start=\"3695\" data-end=\"3698\" \/><strong data-start=\"3698\" data-end=\"3712\">Mat\u00e9riau :<\/strong> Circuit \u00e9lectronique et carte durable<br data-start=\"3750\" data-end=\"3753\" \/><strong data-start=\"3753\" data-end=\"3779\">Domaine d\u2019utilisation:<\/strong> Syst\u00e8me de gestion de moteur et de puissance pour chariots \u00e9l\u00e9vateurs et machines industrielles<br data-start=\"3875\" data-end=\"3878\" \/><strong data-start=\"3878\" data-end=\"3891\">Avantage:<\/strong> Haute capacit\u00e9 de courant, fiable, produit d\u2019occasion test\u00e9<\/p>\n<p data-start=\"3955\" data-end=\"4391\">\n","protected":false},"featured_media":11596,"template":"","meta":[],"product_brand":[],"product_cat":[241,433,524],"product_tag":[],"class_list":{"0":"post-11753","1":"product","2":"type-product","3":"status-publish","4":"has-post-thumbnail","6":"product_cat-still","7":"product_cat-ikinci-el-urunler","8":"product_cat-yedek-parca-still","10":"first","11":"instock","12":"taxable","13":"shipping-taxable","14":"purchasable","15":"product-type-simple"},"_links":{"self":[{"href":"https:\/\/ceoparts.com\/fr\/wp-json\/wp\/v2\/product\/11753","targetHints":{"allow":["GET"]}}],"collection":[{"href":"https:\/\/ceoparts.com\/fr\/wp-json\/wp\/v2\/product"}],"about":[{"href":"https:\/\/ceoparts.com\/fr\/wp-json\/wp\/v2\/types\/product"}],"wp:featuredmedia":[{"embeddable":true,"href":"https:\/\/ceoparts.com\/fr\/wp-json\/wp\/v2\/media\/11596"}],"wp:attachment":[{"href":"https:\/\/ceoparts.com\/fr\/wp-json\/wp\/v2\/media?parent=11753"}],"wp:term":[{"taxonomy":"product_brand","embeddable":true,"href":"https:\/\/ceoparts.com\/fr\/wp-json\/wp\/v2\/product_brand?post=11753"},{"taxonomy":"product_cat","embeddable":true,"href":"https:\/\/ceoparts.com\/fr\/wp-json\/wp\/v2\/product_cat?post=11753"},{"taxonomy":"product_tag","embeddable":true,"href":"https:\/\/ceoparts.com\/fr\/wp-json\/wp\/v2\/product_tag?post=11753"}],"curies":[{"name":"wp","href":"https:\/\/api.w.org\/{rel}","templated":true}]}}