{"id":11754,"date":"2024-11-05T10:10:42","date_gmt":"2024-11-05T07:10:42","guid":{"rendered":"https:\/\/ceoparts.com\/?post_type=product&#038;p=11754"},"modified":"2026-05-16T18:34:55","modified_gmt":"2026-05-16T15:34:55","slug":"still-konvartor-720385","status":"publish","type":"product","link":"https:\/\/ceoparts.com\/fr\/urun\/still-konvartor-720385\/","title":{"rendered":"Still Convertisseur Occasion &#8211; 720385"},"content":{"rendered":"<p>Still Convertisseur Occasion &#8211; 720385<\/p>","protected":false},"excerpt":{"rendered":"<p data-start=\"0\" data-end=\"256\"><br data-start=\"2331\" data-end=\"2334\" \/>Convertisseur Still d\u2019occasion est un convertisseur \u00e9lectrique d\u2019origine utilis\u00e9 dans les chariots \u00e9l\u00e9vateurs et machines industrielles. Il assure la conversion de tension pour un fonctionnement correct et stable des syst\u00e8mes \u00e9lectroniques. Produit d\u2019occasion test\u00e9 et fonctionnel.<\/p>\n<p data-start=\"2617\" data-end=\"2976\"><strong data-start=\"2617\" data-end=\"2639\">Caract\u00e9ristiques :<\/strong><br data-start=\"2639\" data-end=\"2642\" \/><strong data-start=\"2642\" data-end=\"2662\">Nom du produit :<\/strong> Convertisseur Still d\u2019occasion<br data-start=\"2693\" data-end=\"2696\" \/><strong data-start=\"2696\" data-end=\"2712\">Code pi\u00e8ce :<\/strong> 720385<br data-start=\"2719\" data-end=\"2722\" \/><strong data-start=\"2722\" data-end=\"2736\">Mat\u00e9riau :<\/strong> Circuit \u00e9lectronique durable et bo\u00eetier<br data-start=\"2776\" data-end=\"2779\" \/><strong data-start=\"2779\" data-end=\"2805\">Domaine d\u2019utilisation:<\/strong> Convertisseur de tension pour chariots \u00e9l\u00e9vateurs et machines industrielles<br data-start=\"2881\" data-end=\"2884\" \/><strong data-start=\"2884\" data-end=\"2897\">Avantage:<\/strong> Conversion de tension fiable, construction robuste, produit d\u2019occasion test\u00e9<\/p>\n<p data-start=\"2978\" data-end=\"3257\">\n","protected":false},"featured_media":11755,"template":"","meta":[],"product_brand":[],"product_cat":[241,433,524],"product_tag":[],"class_list":{"0":"post-11754","1":"product","2":"type-product","3":"status-publish","4":"has-post-thumbnail","6":"product_cat-still","7":"product_cat-ikinci-el-urunler","8":"product_cat-yedek-parca-still","10":"first","11":"instock","12":"taxable","13":"shipping-taxable","14":"purchasable","15":"product-type-simple"},"_links":{"self":[{"href":"https:\/\/ceoparts.com\/fr\/wp-json\/wp\/v2\/product\/11754","targetHints":{"allow":["GET"]}}],"collection":[{"href":"https:\/\/ceoparts.com\/fr\/wp-json\/wp\/v2\/product"}],"about":[{"href":"https:\/\/ceoparts.com\/fr\/wp-json\/wp\/v2\/types\/product"}],"wp:featuredmedia":[{"embeddable":true,"href":"https:\/\/ceoparts.com\/fr\/wp-json\/wp\/v2\/media\/11755"}],"wp:attachment":[{"href":"https:\/\/ceoparts.com\/fr\/wp-json\/wp\/v2\/media?parent=11754"}],"wp:term":[{"taxonomy":"product_brand","embeddable":true,"href":"https:\/\/ceoparts.com\/fr\/wp-json\/wp\/v2\/product_brand?post=11754"},{"taxonomy":"product_cat","embeddable":true,"href":"https:\/\/ceoparts.com\/fr\/wp-json\/wp\/v2\/product_cat?post=11754"},{"taxonomy":"product_tag","embeddable":true,"href":"https:\/\/ceoparts.com\/fr\/wp-json\/wp\/v2\/product_tag?post=11754"}],"curies":[{"name":"wp","href":"https:\/\/api.w.org\/{rel}","templated":true}]}}