{"id":11766,"date":"2024-11-05T10:36:23","date_gmt":"2024-11-05T07:36:23","guid":{"rendered":"https:\/\/ceoparts.com\/?post_type=product&#038;p=11766"},"modified":"2026-05-16T14:34:17","modified_gmt":"2026-05-16T11:34:17","slug":"still-siyah-konvertor-5063365429","status":"publish","type":"product","link":"https:\/\/ceoparts.com\/fr\/urun\/still-siyah-konvertor-5063365429\/","title":{"rendered":"Still Convertisseur Noir D&#8217;occasion &#8211; 5063365429"},"content":{"rendered":"<p>Still Convertisseur Noir D&#8217;occasion &#8211; 5063365429<\/p>","protected":false},"excerpt":{"rendered":"<p data-start=\"0\" data-end=\"354\"><br data-start=\"2700\" data-end=\"2703\" \/>Convertisseur Still Noir 2\u00e8me main est un module convertisseur de tension solide et original, utilis\u00e9 dans les chariots \u00e9l\u00e9vateurs et machines industrielles. Abaisse la tension du syst\u00e8me de mani\u00e8re s\u00e9curis\u00e9e au niveau souhait\u00e9, garantissant le bon fonctionnement des \u00e9quipements connect\u00e9s. Bo\u00eetier robuste et performance fiable. Test\u00e9 et enti\u00e8rement fonctionnel.<\/p>\n<p data-start=\"3068\" data-end=\"3423\"><strong data-start=\"3068\" data-end=\"3090\">Caract\u00e9ristiques :<\/strong><br data-start=\"3090\" data-end=\"3093\" \/><strong data-start=\"3093\" data-end=\"3113\">Nom du produit :<\/strong> Convertisseur Still Noir 2\u00e8me main<br data-start=\"3148\" data-end=\"3151\" \/><strong data-start=\"3151\" data-end=\"3167\">Code pi\u00e8ce :<\/strong> 5063365429<br data-start=\"3178\" data-end=\"3181\" \/><strong data-start=\"3181\" data-end=\"3195\">Mat\u00e9riau :<\/strong> Composants \u00e9lectroniques et bo\u00eetier en plastique robuste<br data-start=\"3252\" data-end=\"3255\" \/><strong data-start=\"3255\" data-end=\"3281\">Domaine d\u2019utilisation:<\/strong> Module convertisseur de tension pour chariots \u00e9l\u00e9vateurs et machines industrielles<br data-start=\"3364\" data-end=\"3367\" \/><strong data-start=\"3367\" data-end=\"3380\">Avantage:<\/strong> Solide, fiable, produit d\u2019occasion test\u00e9<\/p>\n<p data-start=\"3425\" data-end=\"3796\">\n","protected":false},"featured_media":11767,"template":"","meta":[],"product_brand":[],"product_cat":[433,524,241],"product_tag":[],"class_list":{"0":"post-11766","1":"product","2":"type-product","3":"status-publish","4":"has-post-thumbnail","6":"product_cat-ikinci-el-urunler","7":"product_cat-yedek-parca-still","8":"product_cat-still","10":"first","11":"instock","12":"taxable","13":"shipping-taxable","14":"purchasable","15":"product-type-simple"},"_links":{"self":[{"href":"https:\/\/ceoparts.com\/fr\/wp-json\/wp\/v2\/product\/11766","targetHints":{"allow":["GET"]}}],"collection":[{"href":"https:\/\/ceoparts.com\/fr\/wp-json\/wp\/v2\/product"}],"about":[{"href":"https:\/\/ceoparts.com\/fr\/wp-json\/wp\/v2\/types\/product"}],"wp:featuredmedia":[{"embeddable":true,"href":"https:\/\/ceoparts.com\/fr\/wp-json\/wp\/v2\/media\/11767"}],"wp:attachment":[{"href":"https:\/\/ceoparts.com\/fr\/wp-json\/wp\/v2\/media?parent=11766"}],"wp:term":[{"taxonomy":"product_brand","embeddable":true,"href":"https:\/\/ceoparts.com\/fr\/wp-json\/wp\/v2\/product_brand?post=11766"},{"taxonomy":"product_cat","embeddable":true,"href":"https:\/\/ceoparts.com\/fr\/wp-json\/wp\/v2\/product_cat?post=11766"},{"taxonomy":"product_tag","embeddable":true,"href":"https:\/\/ceoparts.com\/fr\/wp-json\/wp\/v2\/product_tag?post=11766"}],"curies":[{"name":"wp","href":"https:\/\/api.w.org\/{rel}","templated":true}]}}