{"id":11772,"date":"2024-11-05T13:21:56","date_gmt":"2024-11-05T10:21:56","guid":{"rendered":"https:\/\/ceoparts.com\/?post_type=product&#038;p=11772"},"modified":"2026-05-16T15:28:37","modified_gmt":"2026-05-16T12:28:37","slug":"still-kare-ekran-729546","status":"publish","type":"product","link":"https:\/\/ceoparts.com\/fr\/urun\/still-kare-ekran-729546\/","title":{"rendered":"\u00c9cran fixe &#8211; 729546"},"content":{"rendered":"<p>\u00c9cran fixe &#8211; 729546<\/p>","protected":false},"excerpt":{"rendered":"<p data-start=\"0\" data-end=\"376\"><br data-start=\"2641\" data-end=\"2644\" \/>\u00c9cran carr\u00e9 Still est une unit\u00e9 d\u2019\u00e9cran carr\u00e9e, durable et originale, utilis\u00e9e dans les chariots \u00e9l\u00e9vateurs et machines industrielles. Affiche en temps r\u00e9el \u00e0 l\u2019op\u00e9rateur la vitesse, le niveau de batterie, les alertes d\u2019erreur et les param\u00e8tres de fonctionnement. Dot\u00e9 d\u2019une structure robuste et d\u2019un affichage haute r\u00e9solution pour une visibilit\u00e9 parfaite m\u00eame dans des conditions difficiles. Test\u00e9 et enti\u00e8rement fonctionnel.<\/p>\n<p data-start=\"3073\" data-end=\"3357\"><strong data-start=\"3073\" data-end=\"3095\">Caract\u00e9ristiques :<\/strong><br data-start=\"3095\" data-end=\"3098\" \/><strong data-start=\"3098\" data-end=\"3118\">Nom du produit :<\/strong> \u00c9cran carr\u00e9 Still<br data-start=\"3136\" data-end=\"3139\" \/><strong data-start=\"3139\" data-end=\"3155\">Code pi\u00e8ce :<\/strong> 729546<br data-start=\"3162\" data-end=\"3165\" \/><strong data-start=\"3165\" data-end=\"3179\">Mat\u00e9riau :<\/strong> Composants \u00e9lectroniques<br data-start=\"3204\" data-end=\"3207\" \/><strong data-start=\"3207\" data-end=\"3233\">Domaine d\u2019utilisation:<\/strong> Unit\u00e9 d\u2019\u00e9cran pour chariots \u00e9l\u00e9vateurs et machines industrielles<br data-start=\"3298\" data-end=\"3301\" \/><strong data-start=\"3301\" data-end=\"3314\">Avantage:<\/strong> Durable, haute r\u00e9solution, produit test\u00e9<\/p>\n<p data-start=\"3359\" data-end=\"3780\">\n","protected":false},"featured_media":11777,"template":"","meta":[],"product_brand":[],"product_cat":[241,431,524],"product_tag":[],"class_list":{"0":"post-11772","1":"product","2":"type-product","3":"status-publish","4":"has-post-thumbnail","6":"product_cat-still","7":"product_cat-ekranlar-ve-kartlar","8":"product_cat-yedek-parca-still","10":"first","11":"instock","12":"taxable","13":"shipping-taxable","14":"purchasable","15":"product-type-simple"},"_links":{"self":[{"href":"https:\/\/ceoparts.com\/fr\/wp-json\/wp\/v2\/product\/11772","targetHints":{"allow":["GET"]}}],"collection":[{"href":"https:\/\/ceoparts.com\/fr\/wp-json\/wp\/v2\/product"}],"about":[{"href":"https:\/\/ceoparts.com\/fr\/wp-json\/wp\/v2\/types\/product"}],"wp:featuredmedia":[{"embeddable":true,"href":"https:\/\/ceoparts.com\/fr\/wp-json\/wp\/v2\/media\/11777"}],"wp:attachment":[{"href":"https:\/\/ceoparts.com\/fr\/wp-json\/wp\/v2\/media?parent=11772"}],"wp:term":[{"taxonomy":"product_brand","embeddable":true,"href":"https:\/\/ceoparts.com\/fr\/wp-json\/wp\/v2\/product_brand?post=11772"},{"taxonomy":"product_cat","embeddable":true,"href":"https:\/\/ceoparts.com\/fr\/wp-json\/wp\/v2\/product_cat?post=11772"},{"taxonomy":"product_tag","embeddable":true,"href":"https:\/\/ceoparts.com\/fr\/wp-json\/wp\/v2\/product_tag?post=11772"}],"curies":[{"name":"wp","href":"https:\/\/api.w.org\/{rel}","templated":true}]}}