{"id":11781,"date":"2024-11-05T13:36:28","date_gmt":"2024-11-05T10:36:28","guid":{"rendered":"https:\/\/ceoparts.com\/?post_type=product&#038;p=11781"},"modified":"2026-05-16T14:03:01","modified_gmt":"2026-05-16T11:03:01","slug":"still-fmx-ekran-0009460789","status":"publish","type":"product","link":"https:\/\/ceoparts.com\/fr\/urun\/still-fmx-ekran-0009460789\/","title":{"rendered":"\u00c9cran FMX fixe &#8211; 0009460789"},"content":{"rendered":"<p>\u00c9cran FMX fixe &#8211; 0009460789<\/p>","protected":false},"excerpt":{"rendered":"<p data-start=\"0\" data-end=\"347\"><br data-start=\"2536\" data-end=\"2539\" \/>\u00c9cran Still FMX est une unit\u00e9 d\u2019\u00e9cran durable et originale utilis\u00e9e dans les chariots \u00e9l\u00e9vateurs et machines industrielles. Affiche instantan\u00e9ment la vitesse, le niveau de batterie, les alertes d\u2019erreur et les donn\u00e9es op\u00e9rationnelles de la machine \u00e0 l\u2019op\u00e9rateur. Dot\u00e9 d\u2019un bo\u00eetier robuste et d\u2019un \u00e9cran clair adapt\u00e9 aux environnements industriels. Test\u00e9 et enti\u00e8rement fonctionnel.<\/p>\n<p data-start=\"2922\" data-end=\"3217\"><strong data-start=\"2922\" data-end=\"2944\">Caract\u00e9ristiques :<\/strong><br data-start=\"2944\" data-end=\"2947\" \/><strong data-start=\"2947\" data-end=\"2967\">Nom du produit :<\/strong> \u00c9cran Still FMX<br data-start=\"2983\" data-end=\"2986\" \/><strong data-start=\"2986\" data-end=\"3002\">Code pi\u00e8ce :<\/strong> 0009460789<br data-start=\"3013\" data-end=\"3016\" \/><strong data-start=\"3016\" data-end=\"3030\">Mat\u00e9riau :<\/strong> Composants \u00e9lectroniques<br data-start=\"3055\" data-end=\"3058\" \/><strong data-start=\"3058\" data-end=\"3084\">Domaine d\u2019utilisation:<\/strong> Unit\u00e9 d\u2019\u00e9cran pour chariots \u00e9l\u00e9vateurs et machines industrielles<br data-start=\"3149\" data-end=\"3152\" \/><strong data-start=\"3152\" data-end=\"3165\">Avantage:<\/strong> Durable, fiable, affichage clair et produit test\u00e9<\/p>\n<p data-start=\"3219\" data-end=\"3586\">\n","protected":false},"featured_media":11782,"template":"","meta":[],"product_brand":[],"product_cat":[241,431,524],"product_tag":[],"class_list":{"0":"post-11781","1":"product","2":"type-product","3":"status-publish","4":"has-post-thumbnail","6":"product_cat-still","7":"product_cat-ekranlar-ve-kartlar","8":"product_cat-yedek-parca-still","10":"first","11":"instock","12":"taxable","13":"shipping-taxable","14":"purchasable","15":"product-type-simple"},"_links":{"self":[{"href":"https:\/\/ceoparts.com\/fr\/wp-json\/wp\/v2\/product\/11781","targetHints":{"allow":["GET"]}}],"collection":[{"href":"https:\/\/ceoparts.com\/fr\/wp-json\/wp\/v2\/product"}],"about":[{"href":"https:\/\/ceoparts.com\/fr\/wp-json\/wp\/v2\/types\/product"}],"wp:featuredmedia":[{"embeddable":true,"href":"https:\/\/ceoparts.com\/fr\/wp-json\/wp\/v2\/media\/11782"}],"wp:attachment":[{"href":"https:\/\/ceoparts.com\/fr\/wp-json\/wp\/v2\/media?parent=11781"}],"wp:term":[{"taxonomy":"product_brand","embeddable":true,"href":"https:\/\/ceoparts.com\/fr\/wp-json\/wp\/v2\/product_brand?post=11781"},{"taxonomy":"product_cat","embeddable":true,"href":"https:\/\/ceoparts.com\/fr\/wp-json\/wp\/v2\/product_cat?post=11781"},{"taxonomy":"product_tag","embeddable":true,"href":"https:\/\/ceoparts.com\/fr\/wp-json\/wp\/v2\/product_tag?post=11781"}],"curies":[{"name":"wp","href":"https:\/\/api.w.org\/{rel}","templated":true}]}}