{"id":11796,"date":"2024-11-05T14:12:49","date_gmt":"2024-11-05T11:12:49","guid":{"rendered":"https:\/\/ceoparts.com\/?post_type=product&#038;p=11796"},"modified":"2026-05-16T17:41:19","modified_gmt":"2026-05-16T14:41:19","slug":"mafi-irion-elektronik-kontrol-ekrani","status":"publish","type":"product","link":"https:\/\/ceoparts.com\/fr\/urun\/mafi-irion-elektronik-kontrol-ekrani\/","title":{"rendered":"\u00c9cran de contr\u00f4le \u00e9lectronique MAFI-IRION"},"content":{"rendered":"<p>\u00c9cran de contr\u00f4le \u00e9lectronique MAFI-IRION<\/p>","protected":false},"excerpt":{"rendered":"<p data-start=\"0\" data-end=\"275\"><br data-start=\"2406\" data-end=\"2409\" \/>\u00c9cran de contr\u00f4le \u00e9lectronique MAFI-IRION est un \u00e9cran de contr\u00f4le \u00e9lectronique durable et original utilis\u00e9 dans les chariots \u00e9l\u00e9vateurs et machines industrielles. Il affiche visuellement \u00e0 l\u2019op\u00e9rateur l\u2019\u00e9tat de fonctionnement, la performance et d\u2019autres param\u00e8tres importants de la machine. Test\u00e9 et enti\u00e8rement fonctionnel.<\/p>\n<p data-start=\"2736\" data-end=\"3057\"><strong data-start=\"2736\" data-end=\"2758\">Caract\u00e9ristiques :<\/strong><br data-start=\"2758\" data-end=\"2761\" \/><strong data-start=\"2761\" data-end=\"2781\">Nom du produit :<\/strong> \u00c9cran de contr\u00f4le \u00e9lectronique MAFI-IRION<br data-start=\"2823\" data-end=\"2826\" \/><strong data-start=\"2826\" data-end=\"2842\">Code pi\u00e8ce :<\/strong> Non sp\u00e9cifi\u00e9<br data-start=\"2855\" data-end=\"2858\" \/><strong data-start=\"2858\" data-end=\"2872\">Mat\u00e9riau :<\/strong> Composants \u00e9lectroniques<br data-start=\"2897\" data-end=\"2900\" \/><strong data-start=\"2900\" data-end=\"2926\">Domaine d\u2019utilisation:<\/strong> \u00c9cran de contr\u00f4le \u00e9lectronique pour chariots \u00e9l\u00e9vateurs et machines industrielles<br data-start=\"3008\" data-end=\"3011\" \/><strong data-start=\"3011\" data-end=\"3024\">Avantage:<\/strong> Durable, fiable, produit test\u00e9<\/p>\n<p data-start=\"3059\" data-end=\"3377\">\n","protected":false},"featured_media":11839,"template":"","meta":[],"product_brand":[],"product_cat":[431],"product_tag":[],"class_list":{"0":"post-11796","1":"product","2":"type-product","3":"status-publish","4":"has-post-thumbnail","6":"product_cat-ekranlar-ve-kartlar","8":"first","9":"instock","10":"taxable","11":"shipping-taxable","12":"purchasable","13":"product-type-simple"},"_links":{"self":[{"href":"https:\/\/ceoparts.com\/fr\/wp-json\/wp\/v2\/product\/11796","targetHints":{"allow":["GET"]}}],"collection":[{"href":"https:\/\/ceoparts.com\/fr\/wp-json\/wp\/v2\/product"}],"about":[{"href":"https:\/\/ceoparts.com\/fr\/wp-json\/wp\/v2\/types\/product"}],"wp:featuredmedia":[{"embeddable":true,"href":"https:\/\/ceoparts.com\/fr\/wp-json\/wp\/v2\/media\/11839"}],"wp:attachment":[{"href":"https:\/\/ceoparts.com\/fr\/wp-json\/wp\/v2\/media?parent=11796"}],"wp:term":[{"taxonomy":"product_brand","embeddable":true,"href":"https:\/\/ceoparts.com\/fr\/wp-json\/wp\/v2\/product_brand?post=11796"},{"taxonomy":"product_cat","embeddable":true,"href":"https:\/\/ceoparts.com\/fr\/wp-json\/wp\/v2\/product_cat?post=11796"},{"taxonomy":"product_tag","embeddable":true,"href":"https:\/\/ceoparts.com\/fr\/wp-json\/wp\/v2\/product_tag?post=11796"}],"curies":[{"name":"wp","href":"https:\/\/api.w.org\/{rel}","templated":true}]}}