{"id":11802,"date":"2024-11-05T14:25:50","date_gmt":"2024-11-05T11:25:50","guid":{"rendered":"https:\/\/ceoparts.com\/?post_type=product&#038;p=11802"},"modified":"2026-05-16T14:30:04","modified_gmt":"2026-05-16T11:30:04","slug":"esa-ekran-e189179","status":"publish","type":"product","link":"https:\/\/ceoparts.com\/fr\/urun\/esa-ekran-e189179\/","title":{"rendered":"ESA \u00c9cran &#8211; E189179"},"content":{"rendered":"<p>ESA \u00c9cran &#8211; E189179<\/p>\n<p>ESA \u00c9cran &#8211; E189179<\/p>","protected":false},"excerpt":{"rendered":"<p data-start=\"0\" data-end=\"213\"><br data-start=\"1914\" data-end=\"1917\" \/>\u00c9cran ESA est une unit\u00e9 d\u2019\u00e9cran durable et originale utilis\u00e9e dans les chariots \u00e9l\u00e9vateurs et machines industrielles. Affiche visuellement le statut de fonctionnement et les param\u00e8tres de la machine \u00e0 l\u2019op\u00e9rateur. Test\u00e9 et enti\u00e8rement fonctionnel.<\/p>\n<p data-start=\"2166\" data-end=\"2433\"><strong data-start=\"2166\" data-end=\"2188\">Caract\u00e9ristiques :<\/strong><br data-start=\"2188\" data-end=\"2191\" \/><strong data-start=\"2191\" data-end=\"2211\">Nom du produit :<\/strong> \u00c9cran ESA<br data-start=\"2221\" data-end=\"2224\" \/><strong data-start=\"2224\" data-end=\"2240\">Code pi\u00e8ce :<\/strong> E189179<br data-start=\"2248\" data-end=\"2251\" \/><strong data-start=\"2251\" data-end=\"2265\">Mat\u00e9riau :<\/strong> Composants \u00e9lectroniques<br data-start=\"2290\" data-end=\"2293\" \/><strong data-start=\"2293\" data-end=\"2319\">Domaine d\u2019utilisation:<\/strong> Unit\u00e9 d\u2019\u00e9cran pour chariots \u00e9l\u00e9vateurs et machines industrielles<br data-start=\"2384\" data-end=\"2387\" \/><strong data-start=\"2387\" data-end=\"2400\">Avantage:<\/strong> Durable, fiable, produit test\u00e9<\/p>\n<p data-start=\"2435\" data-end=\"2669\">\n","protected":false},"featured_media":11804,"template":"","meta":[],"product_brand":[],"product_cat":[431],"product_tag":[],"class_list":{"0":"post-11802","1":"product","2":"type-product","3":"status-publish","4":"has-post-thumbnail","6":"product_cat-ekranlar-ve-kartlar","8":"first","9":"instock","10":"taxable","11":"shipping-taxable","12":"purchasable","13":"product-type-simple"},"_links":{"self":[{"href":"https:\/\/ceoparts.com\/fr\/wp-json\/wp\/v2\/product\/11802","targetHints":{"allow":["GET"]}}],"collection":[{"href":"https:\/\/ceoparts.com\/fr\/wp-json\/wp\/v2\/product"}],"about":[{"href":"https:\/\/ceoparts.com\/fr\/wp-json\/wp\/v2\/types\/product"}],"wp:featuredmedia":[{"embeddable":true,"href":"https:\/\/ceoparts.com\/fr\/wp-json\/wp\/v2\/media\/11804"}],"wp:attachment":[{"href":"https:\/\/ceoparts.com\/fr\/wp-json\/wp\/v2\/media?parent=11802"}],"wp:term":[{"taxonomy":"product_brand","embeddable":true,"href":"https:\/\/ceoparts.com\/fr\/wp-json\/wp\/v2\/product_brand?post=11802"},{"taxonomy":"product_cat","embeddable":true,"href":"https:\/\/ceoparts.com\/fr\/wp-json\/wp\/v2\/product_cat?post=11802"},{"taxonomy":"product_tag","embeddable":true,"href":"https:\/\/ceoparts.com\/fr\/wp-json\/wp\/v2\/product_tag?post=11802"}],"curies":[{"name":"wp","href":"https:\/\/api.w.org\/{rel}","templated":true}]}}