{"id":11814,"date":"2024-11-05T14:44:43","date_gmt":"2024-11-05T11:44:43","guid":{"rendered":"https:\/\/ceoparts.com\/?post_type=product&#038;p=11814"},"modified":"2026-05-16T17:35:13","modified_gmt":"2026-05-16T14:35:13","slug":"still-r6030-gosterge-paneli-618473","status":"publish","type":"product","link":"https:\/\/ceoparts.com\/fr\/urun\/still-r6030-gosterge-paneli-618473\/","title":{"rendered":"Still R6030 Tableau de bord &#8211; 618473"},"content":{"rendered":"<p>Still R6030 Tableau de bord &#8211; 618473<\/p>","protected":false},"excerpt":{"rendered":"<p data-start=\"0\" data-end=\"238\"><br data-start=\"2128\" data-end=\"2131\" \/>Panneau indicateur Still R6030 est un panneau indicateur durable et original utilis\u00e9 dans les chariots \u00e9l\u00e9vateurs et machines industrielles. Il affiche \u00e0 l\u2019op\u00e9rateur l\u2019\u00e9tat de fonctionnement de la machine, la vitesse et d\u2019autres param\u00e8tres importants. Test\u00e9 et enti\u00e8rement fonctionnel.<\/p>\n<p data-start=\"2418\" data-end=\"2710\"><strong data-start=\"2418\" data-end=\"2440\">Caract\u00e9ristiques :<\/strong><br data-start=\"2440\" data-end=\"2443\" \/><strong data-start=\"2443\" data-end=\"2463\">Nom du produit :<\/strong> Panneau indicateur Still R6030<br data-start=\"2494\" data-end=\"2497\" \/><strong data-start=\"2497\" data-end=\"2513\">Code pi\u00e8ce :<\/strong> 618473<br data-start=\"2520\" data-end=\"2523\" \/><strong data-start=\"2523\" data-end=\"2537\">Mat\u00e9riau :<\/strong> Composants \u00e9lectroniques<br data-start=\"2562\" data-end=\"2565\" \/><strong data-start=\"2565\" data-end=\"2591\">Domaine d\u2019utilisation:<\/strong> Panneau indicateur pour chariots \u00e9l\u00e9vateurs et machines industrielles<br data-start=\"2661\" data-end=\"2664\" \/><strong data-start=\"2664\" data-end=\"2677\">Avantage:<\/strong> Durable, fiable, produit test\u00e9<\/p>\n<p data-start=\"2712\" data-end=\"2982\">\n","protected":false},"featured_media":11815,"template":"","meta":[],"product_brand":[],"product_cat":[241,431,524],"product_tag":[],"class_list":{"0":"post-11814","1":"product","2":"type-product","3":"status-publish","4":"has-post-thumbnail","6":"product_cat-still","7":"product_cat-ekranlar-ve-kartlar","8":"product_cat-yedek-parca-still","10":"first","11":"instock","12":"taxable","13":"shipping-taxable","14":"purchasable","15":"product-type-simple"},"_links":{"self":[{"href":"https:\/\/ceoparts.com\/fr\/wp-json\/wp\/v2\/product\/11814","targetHints":{"allow":["GET"]}}],"collection":[{"href":"https:\/\/ceoparts.com\/fr\/wp-json\/wp\/v2\/product"}],"about":[{"href":"https:\/\/ceoparts.com\/fr\/wp-json\/wp\/v2\/types\/product"}],"wp:featuredmedia":[{"embeddable":true,"href":"https:\/\/ceoparts.com\/fr\/wp-json\/wp\/v2\/media\/11815"}],"wp:attachment":[{"href":"https:\/\/ceoparts.com\/fr\/wp-json\/wp\/v2\/media?parent=11814"}],"wp:term":[{"taxonomy":"product_brand","embeddable":true,"href":"https:\/\/ceoparts.com\/fr\/wp-json\/wp\/v2\/product_brand?post=11814"},{"taxonomy":"product_cat","embeddable":true,"href":"https:\/\/ceoparts.com\/fr\/wp-json\/wp\/v2\/product_cat?post=11814"},{"taxonomy":"product_tag","embeddable":true,"href":"https:\/\/ceoparts.com\/fr\/wp-json\/wp\/v2\/product_tag?post=11814"}],"curies":[{"name":"wp","href":"https:\/\/api.w.org\/{rel}","templated":true}]}}