{"id":11826,"date":"2024-11-05T14:53:19","date_gmt":"2024-11-05T11:53:19","guid":{"rendered":"https:\/\/ceoparts.com\/?post_type=product&#038;p=11826"},"modified":"2026-05-16T18:23:31","modified_gmt":"2026-05-16T15:23:31","slug":"still-abe2-forklift-gosterge-kontrol-paneli-ikinci-el-57310052646","status":"publish","type":"product","link":"https:\/\/ceoparts.com\/fr\/urun\/still-abe2-forklift-gosterge-kontrol-paneli-ikinci-el-57310052646\/","title":{"rendered":"Panneau de contr\u00f4le d&#8217;affichage STILL Abe2 chariot \u00e9l\u00e9vateur D&#8217;occasion &#8211; 57310052646"},"content":{"rendered":"<p>Panneau de contr\u00f4le d&#8217;affichage STILL Abe2 chariot \u00e9l\u00e9vateur D&#8217;occasion &#8211; 57310052646<\/p>","protected":false},"excerpt":{"rendered":"<p data-start=\"0\" data-end=\"275\"><br data-start=\"2477\" data-end=\"2480\" \/>Panneau de contr\u00f4le indicateur STILL Abe2 d\u2019occasion est un panneau de contr\u00f4le indicateur durable et original utilis\u00e9 dans les chariots \u00e9l\u00e9vateurs et machines industrielles. Il fournit \u00e0 l\u2019op\u00e9rateur des informations sur le fonctionnement de la machine, des signaux d\u2019alerte et de contr\u00f4le. Test\u00e9 et enti\u00e8rement fonctionnel.<\/p>\n<p data-start=\"2806\" data-end=\"3148\"><strong data-start=\"2806\" data-end=\"2828\">Caract\u00e9ristiques :<\/strong><br data-start=\"2828\" data-end=\"2831\" \/><strong data-start=\"2831\" data-end=\"2851\">Nom du produit :<\/strong> Panneau de contr\u00f4le indicateur STILL Abe2 d\u2019occasion<br data-start=\"2904\" data-end=\"2907\" \/><strong data-start=\"2907\" data-end=\"2923\">Code pi\u00e8ce :<\/strong> 57310052646<br data-start=\"2935\" data-end=\"2938\" \/><strong data-start=\"2938\" data-end=\"2952\">Mat\u00e9riau :<\/strong> Composants \u00e9lectroniques<br data-start=\"2977\" data-end=\"2980\" \/><strong data-start=\"2980\" data-end=\"3006\">Domaine d\u2019utilisation:<\/strong> Panneau de contr\u00f4le indicateur pour chariots \u00e9l\u00e9vateurs et machines industrielles<br data-start=\"3088\" data-end=\"3091\" \/><strong data-start=\"3091\" data-end=\"3104\">Avantage:<\/strong> Durable, fiable, produit d\u2019occasion test\u00e9<\/p>\n<p data-start=\"3150\" data-end=\"3456\">\n","protected":false},"featured_media":11605,"template":"","meta":[],"product_brand":[],"product_cat":[241,433,524],"product_tag":[],"class_list":{"0":"post-11826","1":"product","2":"type-product","3":"status-publish","4":"has-post-thumbnail","6":"product_cat-still","7":"product_cat-ikinci-el-urunler","8":"product_cat-yedek-parca-still","10":"first","11":"instock","12":"taxable","13":"shipping-taxable","14":"purchasable","15":"product-type-simple"},"_links":{"self":[{"href":"https:\/\/ceoparts.com\/fr\/wp-json\/wp\/v2\/product\/11826","targetHints":{"allow":["GET"]}}],"collection":[{"href":"https:\/\/ceoparts.com\/fr\/wp-json\/wp\/v2\/product"}],"about":[{"href":"https:\/\/ceoparts.com\/fr\/wp-json\/wp\/v2\/types\/product"}],"wp:featuredmedia":[{"embeddable":true,"href":"https:\/\/ceoparts.com\/fr\/wp-json\/wp\/v2\/media\/11605"}],"wp:attachment":[{"href":"https:\/\/ceoparts.com\/fr\/wp-json\/wp\/v2\/media?parent=11826"}],"wp:term":[{"taxonomy":"product_brand","embeddable":true,"href":"https:\/\/ceoparts.com\/fr\/wp-json\/wp\/v2\/product_brand?post=11826"},{"taxonomy":"product_cat","embeddable":true,"href":"https:\/\/ceoparts.com\/fr\/wp-json\/wp\/v2\/product_cat?post=11826"},{"taxonomy":"product_tag","embeddable":true,"href":"https:\/\/ceoparts.com\/fr\/wp-json\/wp\/v2\/product_tag?post=11826"}],"curies":[{"name":"wp","href":"https:\/\/api.w.org\/{rel}","templated":true}]}}