{"id":11828,"date":"2024-11-05T15:11:06","date_gmt":"2024-11-05T12:11:06","guid":{"rendered":"https:\/\/ceoparts.com\/?post_type=product&#038;p=11828"},"modified":"2026-05-16T19:52:04","modified_gmt":"2026-05-16T16:52:04","slug":"still-fmx-ekran-ikinci-el-0009460789","status":"publish","type":"product","link":"https:\/\/ceoparts.com\/fr\/urun\/still-fmx-ekran-ikinci-el-0009460789\/","title":{"rendered":"\u00c9cran FMX fixe D&#8217;occasion &#8211; 0009460789"},"content":{"rendered":"<p>\u00c9cran FMX fixe D&#8217;occasion &#8211; 0009460789<\/p>\n<p>\u00c9cran FMX fixe &#8211; 0009460789<\/p>","protected":false},"excerpt":{"rendered":"<p data-start=\"0\" data-end=\"234\"><br data-start=\"2097\" data-end=\"2100\" \/>\u00c9cran Still FMX d\u2019occasion est une unit\u00e9 d\u2019\u00e9cran durable et originale utilis\u00e9e dans les chariots \u00e9l\u00e9vateurs et machines industrielles. Affiche visuellement le statut de fonctionnement et les param\u00e8tres de la machine \u00e0 l\u2019op\u00e9rateur. Test\u00e9 et enti\u00e8rement fonctionnel.<\/p>\n<p data-start=\"2366\" data-end=\"2664\"><strong data-start=\"2366\" data-end=\"2388\">Caract\u00e9ristiques :<\/strong><br data-start=\"2388\" data-end=\"2391\" \/><strong data-start=\"2391\" data-end=\"2411\">Nom du produit :<\/strong> \u00c9cran Still FMX d\u2019occasion<br data-start=\"2438\" data-end=\"2441\" \/><strong data-start=\"2441\" data-end=\"2457\">Code pi\u00e8ce :<\/strong> 0009460789<br data-start=\"2468\" data-end=\"2471\" \/><strong data-start=\"2471\" data-end=\"2485\">Mat\u00e9riau :<\/strong> Composants \u00e9lectroniques<br data-start=\"2510\" data-end=\"2513\" \/><strong data-start=\"2513\" data-end=\"2539\">Domaine d\u2019utilisation:<\/strong> Unit\u00e9 d\u2019\u00e9cran pour chariots \u00e9l\u00e9vateurs et machines industrielles<br data-start=\"2604\" data-end=\"2607\" \/><strong data-start=\"2607\" data-end=\"2620\">Avantage:<\/strong> Durable, fiable, produit d\u2019occasion test\u00e9<\/p>\n<p data-start=\"2666\" data-end=\"2912\">\n","protected":false},"featured_media":11782,"template":"","meta":[],"product_brand":[],"product_cat":[241,242,433],"product_tag":[],"class_list":{"0":"post-11828","1":"product","2":"type-product","3":"status-publish","4":"has-post-thumbnail","6":"product_cat-still","7":"product_cat-denge-tekeri-still","8":"product_cat-ikinci-el-urunler","10":"first","11":"instock","12":"taxable","13":"shipping-taxable","14":"purchasable","15":"product-type-simple"},"_links":{"self":[{"href":"https:\/\/ceoparts.com\/fr\/wp-json\/wp\/v2\/product\/11828","targetHints":{"allow":["GET"]}}],"collection":[{"href":"https:\/\/ceoparts.com\/fr\/wp-json\/wp\/v2\/product"}],"about":[{"href":"https:\/\/ceoparts.com\/fr\/wp-json\/wp\/v2\/types\/product"}],"wp:featuredmedia":[{"embeddable":true,"href":"https:\/\/ceoparts.com\/fr\/wp-json\/wp\/v2\/media\/11782"}],"wp:attachment":[{"href":"https:\/\/ceoparts.com\/fr\/wp-json\/wp\/v2\/media?parent=11828"}],"wp:term":[{"taxonomy":"product_brand","embeddable":true,"href":"https:\/\/ceoparts.com\/fr\/wp-json\/wp\/v2\/product_brand?post=11828"},{"taxonomy":"product_cat","embeddable":true,"href":"https:\/\/ceoparts.com\/fr\/wp-json\/wp\/v2\/product_cat?post=11828"},{"taxonomy":"product_tag","embeddable":true,"href":"https:\/\/ceoparts.com\/fr\/wp-json\/wp\/v2\/product_tag?post=11828"}],"curies":[{"name":"wp","href":"https:\/\/api.w.org\/{rel}","templated":true}]}}