{"id":11829,"date":"2024-11-05T15:14:37","date_gmt":"2024-11-05T12:14:37","guid":{"rendered":"https:\/\/ceoparts.com\/?post_type=product&#038;p=11829"},"modified":"2026-05-16T11:02:29","modified_gmt":"2026-05-16T08:02:29","slug":"linde-r06-ekran-ikinci-el-1263611501","status":"publish","type":"product","link":"https:\/\/ceoparts.com\/fr\/urun\/linde-r06-ekran-ikinci-el-1263611501\/","title":{"rendered":"LINDE R06 \u00c9cran D&#8217;occasion &#8211; 1263611501"},"content":{"rendered":"<p>LINDE R06 \u00c9cran D&#8217;occasion &#8211; 1263611501<\/p>\n<p>LINDE R06 \u00c9cran D&#8217;occasion &#8211; 1263611501<\/p>","protected":false},"excerpt":{"rendered":"<p data-start=\"0\" data-end=\"223\"><br data-start=\"2059\" data-end=\"2062\" \/>\u00c9cran Linde R06 d\u2019occasion est une unit\u00e9 d\u2019\u00e9cran durable et originale utilis\u00e9e dans les chariots \u00e9l\u00e9vateurs et machines industrielles. Affiche le statut de fonctionnement et les param\u00e8tres de la machine \u00e0 l\u2019op\u00e9rateur. Test\u00e9 et enti\u00e8rement fonctionnel.<\/p>\n<p data-start=\"2315\" data-end=\"2613\"><strong data-start=\"2315\" data-end=\"2337\">Caract\u00e9ristiques :<\/strong><br data-start=\"2337\" data-end=\"2340\" \/><strong data-start=\"2340\" data-end=\"2360\">Nom du produit :<\/strong> \u00c9cran Linde R06 d\u2019occasion<br data-start=\"2387\" data-end=\"2390\" \/><strong data-start=\"2390\" data-end=\"2406\">Code pi\u00e8ce :<\/strong> 1263611501<br data-start=\"2417\" data-end=\"2420\" \/><strong data-start=\"2420\" data-end=\"2434\">Mat\u00e9riau :<\/strong> Composants \u00e9lectroniques<br data-start=\"2459\" data-end=\"2462\" \/><strong data-start=\"2462\" data-end=\"2488\">Domaine d\u2019utilisation:<\/strong> Unit\u00e9 d\u2019\u00e9cran pour chariots \u00e9l\u00e9vateurs et machines industrielles<br data-start=\"2553\" data-end=\"2556\" \/><strong data-start=\"2556\" data-end=\"2569\">Avantage:<\/strong> Durable, fiable, produit d\u2019occasion test\u00e9<\/p>\n<p data-start=\"2615\" data-end=\"2849\">\n","protected":false},"featured_media":11646,"template":"","meta":[],"product_brand":[],"product_cat":[246,433,523],"product_tag":[],"class_list":{"0":"post-11829","1":"product","2":"type-product","3":"status-publish","4":"has-post-thumbnail","6":"product_cat-linde","7":"product_cat-ikinci-el-urunler","8":"product_cat-yedek-parca-linde","10":"first","11":"instock","12":"taxable","13":"shipping-taxable","14":"purchasable","15":"product-type-simple"},"_links":{"self":[{"href":"https:\/\/ceoparts.com\/fr\/wp-json\/wp\/v2\/product\/11829","targetHints":{"allow":["GET"]}}],"collection":[{"href":"https:\/\/ceoparts.com\/fr\/wp-json\/wp\/v2\/product"}],"about":[{"href":"https:\/\/ceoparts.com\/fr\/wp-json\/wp\/v2\/types\/product"}],"wp:featuredmedia":[{"embeddable":true,"href":"https:\/\/ceoparts.com\/fr\/wp-json\/wp\/v2\/media\/11646"}],"wp:attachment":[{"href":"https:\/\/ceoparts.com\/fr\/wp-json\/wp\/v2\/media?parent=11829"}],"wp:term":[{"taxonomy":"product_brand","embeddable":true,"href":"https:\/\/ceoparts.com\/fr\/wp-json\/wp\/v2\/product_brand?post=11829"},{"taxonomy":"product_cat","embeddable":true,"href":"https:\/\/ceoparts.com\/fr\/wp-json\/wp\/v2\/product_cat?post=11829"},{"taxonomy":"product_tag","embeddable":true,"href":"https:\/\/ceoparts.com\/fr\/wp-json\/wp\/v2\/product_tag?post=11829"}],"curies":[{"name":"wp","href":"https:\/\/api.w.org\/{rel}","templated":true}]}}