{"id":11831,"date":"2024-11-05T15:22:02","date_gmt":"2024-11-05T12:22:02","guid":{"rendered":"https:\/\/ceoparts.com\/?post_type=product&#038;p=11831"},"modified":"2026-05-16T11:02:27","modified_gmt":"2026-05-16T08:02:27","slug":"mafi-irion-elektronik-kontrol-ekrani-2-el","status":"publish","type":"product","link":"https:\/\/ceoparts.com\/fr\/urun\/mafi-irion-elektronik-kontrol-ekrani-2-el\/","title":{"rendered":"\u00c9cran de contr\u00f4le \u00e9lectronique MAFI-IRION D&#8217;occasion"},"content":{"rendered":"<p>\u00c9cran de contr\u00f4le \u00e9lectronique MAFI-IRION D&#8217;occasion<\/p>","protected":false},"excerpt":{"rendered":"<p data-start=\"0\" data-end=\"269\"><br data-start=\"2400\" data-end=\"2403\" \/>\u00c9cran de contr\u00f4le \u00e9lectronique MAFI-IRION d\u2019occasion est un \u00e9cran de contr\u00f4le \u00e9lectronique durable et original utilis\u00e9 dans les chariots \u00e9l\u00e9vateurs et machines industrielles. Il affiche l\u2019\u00e9tat de fonctionnement, les param\u00e8tres et les notifications d\u2019erreur \u00e0 l\u2019op\u00e9rateur. Test\u00e9 et fonctionnel.<\/p>\n<p data-start=\"2698\" data-end=\"3032\"><strong data-start=\"2698\" data-end=\"2720\">Caract\u00e9ristiques :<\/strong><br data-start=\"2720\" data-end=\"2723\" \/><strong data-start=\"2723\" data-end=\"2743\">Nom du produit :<\/strong> \u00c9cran de contr\u00f4le \u00e9lectronique MAFI-IRION d\u2019occasion<br data-start=\"2796\" data-end=\"2799\" \/><strong data-start=\"2799\" data-end=\"2815\">Code pi\u00e8ce :<\/strong> N\/A<br data-start=\"2819\" data-end=\"2822\" \/><strong data-start=\"2822\" data-end=\"2836\">Mat\u00e9riau :<\/strong> Composants \u00e9lectroniques<br data-start=\"2861\" data-end=\"2864\" \/><strong data-start=\"2864\" data-end=\"2890\">Domaine d\u2019utilisation:<\/strong> \u00c9cran de contr\u00f4le \u00e9lectronique pour chariots \u00e9l\u00e9vateurs et machines industrielles<br data-start=\"2972\" data-end=\"2975\" \/><strong data-start=\"2975\" data-end=\"2988\">Avantage:<\/strong> Durable, fiable, produit d\u2019occasion test\u00e9<\/p>\n<p data-start=\"3034\" data-end=\"3309\">\n","protected":false},"featured_media":11798,"template":"","meta":[],"product_brand":[],"product_cat":[433],"product_tag":[],"class_list":{"0":"post-11831","1":"product","2":"type-product","3":"status-publish","4":"has-post-thumbnail","6":"product_cat-ikinci-el-urunler","8":"first","9":"instock","10":"taxable","11":"shipping-taxable","12":"purchasable","13":"product-type-simple"},"_links":{"self":[{"href":"https:\/\/ceoparts.com\/fr\/wp-json\/wp\/v2\/product\/11831","targetHints":{"allow":["GET"]}}],"collection":[{"href":"https:\/\/ceoparts.com\/fr\/wp-json\/wp\/v2\/product"}],"about":[{"href":"https:\/\/ceoparts.com\/fr\/wp-json\/wp\/v2\/types\/product"}],"wp:featuredmedia":[{"embeddable":true,"href":"https:\/\/ceoparts.com\/fr\/wp-json\/wp\/v2\/media\/11798"}],"wp:attachment":[{"href":"https:\/\/ceoparts.com\/fr\/wp-json\/wp\/v2\/media?parent=11831"}],"wp:term":[{"taxonomy":"product_brand","embeddable":true,"href":"https:\/\/ceoparts.com\/fr\/wp-json\/wp\/v2\/product_brand?post=11831"},{"taxonomy":"product_cat","embeddable":true,"href":"https:\/\/ceoparts.com\/fr\/wp-json\/wp\/v2\/product_cat?post=11831"},{"taxonomy":"product_tag","embeddable":true,"href":"https:\/\/ceoparts.com\/fr\/wp-json\/wp\/v2\/product_tag?post=11831"}],"curies":[{"name":"wp","href":"https:\/\/api.w.org\/{rel}","templated":true}]}}