{"id":11832,"date":"2024-11-05T15:25:35","date_gmt":"2024-11-05T12:25:35","guid":{"rendered":"https:\/\/ceoparts.com\/?post_type=product&#038;p=11832"},"modified":"2026-05-16T09:31:51","modified_gmt":"2026-05-16T06:31:51","slug":"esa-ekran-ikinci-el-e189179","status":"publish","type":"product","link":"https:\/\/ceoparts.com\/fr\/urun\/esa-ekran-ikinci-el-e189179\/","title":{"rendered":"ESA \u00c9cran D&#8217;occasion &#8211; E189179"},"content":{"rendered":"<p>ESA \u00c9cran D&#8217;occasion &#8211; E189179<\/p>\n<p>ESA \u00c9cran D&#8217;occasion &#8211; E189179<\/p>","protected":false},"excerpt":{"rendered":"<p data-start=\"0\" data-end=\"233\"><br data-start=\"2062\" data-end=\"2065\" \/>\u00c9cran ESA d\u2019occasion est une unit\u00e9 d\u2019\u00e9cran durable et originale utilis\u00e9e dans les chariots \u00e9l\u00e9vateurs et machines industrielles. Affiche le statut de la machine, les param\u00e8tres de fonctionnement et les notifications d\u2019erreur \u00e0 l\u2019op\u00e9rateur. Test\u00e9 et enti\u00e8rement fonctionnel.<\/p>\n<p data-start=\"2340\" data-end=\"2629\"><strong data-start=\"2340\" data-end=\"2362\">Caract\u00e9ristiques :<\/strong><br data-start=\"2362\" data-end=\"2365\" \/><strong data-start=\"2365\" data-end=\"2385\">Nom du produit :<\/strong> \u00c9cran ESA d\u2019occasion<br data-start=\"2406\" data-end=\"2409\" \/><strong data-start=\"2409\" data-end=\"2425\">Code pi\u00e8ce :<\/strong> E189179<br data-start=\"2433\" data-end=\"2436\" \/><strong data-start=\"2436\" data-end=\"2450\">Mat\u00e9riau :<\/strong> Composants \u00e9lectroniques<br data-start=\"2475\" data-end=\"2478\" \/><strong data-start=\"2478\" data-end=\"2504\">Domaine d\u2019utilisation:<\/strong> Unit\u00e9 d\u2019\u00e9cran pour chariots \u00e9l\u00e9vateurs et machines industrielles<br data-start=\"2569\" data-end=\"2572\" \/><strong data-start=\"2572\" data-end=\"2585\">Avantage:<\/strong> Durable, fiable, produit d\u2019occasion test\u00e9<\/p>\n<p data-start=\"2631\" data-end=\"2883\">\n","protected":false},"featured_media":11804,"template":"","meta":[],"product_brand":[],"product_cat":[433],"product_tag":[],"class_list":{"0":"post-11832","1":"product","2":"type-product","3":"status-publish","4":"has-post-thumbnail","6":"product_cat-ikinci-el-urunler","8":"first","9":"instock","10":"taxable","11":"shipping-taxable","12":"purchasable","13":"product-type-simple"},"_links":{"self":[{"href":"https:\/\/ceoparts.com\/fr\/wp-json\/wp\/v2\/product\/11832","targetHints":{"allow":["GET"]}}],"collection":[{"href":"https:\/\/ceoparts.com\/fr\/wp-json\/wp\/v2\/product"}],"about":[{"href":"https:\/\/ceoparts.com\/fr\/wp-json\/wp\/v2\/types\/product"}],"wp:featuredmedia":[{"embeddable":true,"href":"https:\/\/ceoparts.com\/fr\/wp-json\/wp\/v2\/media\/11804"}],"wp:attachment":[{"href":"https:\/\/ceoparts.com\/fr\/wp-json\/wp\/v2\/media?parent=11832"}],"wp:term":[{"taxonomy":"product_brand","embeddable":true,"href":"https:\/\/ceoparts.com\/fr\/wp-json\/wp\/v2\/product_brand?post=11832"},{"taxonomy":"product_cat","embeddable":true,"href":"https:\/\/ceoparts.com\/fr\/wp-json\/wp\/v2\/product_cat?post=11832"},{"taxonomy":"product_tag","embeddable":true,"href":"https:\/\/ceoparts.com\/fr\/wp-json\/wp\/v2\/product_tag?post=11832"}],"curies":[{"name":"wp","href":"https:\/\/api.w.org\/{rel}","templated":true}]}}