{"id":11836,"date":"2024-11-05T15:39:11","date_gmt":"2024-11-05T12:39:11","guid":{"rendered":"https:\/\/ceoparts.com\/?post_type=product&#038;p=11836"},"modified":"2026-05-16T21:11:09","modified_gmt":"2026-05-16T18:11:09","slug":"still-5015-ekran-ikinci-el-723839","status":"publish","type":"product","link":"https:\/\/ceoparts.com\/fr\/urun\/still-5015-ekran-ikinci-el-723839\/","title":{"rendered":"Still 5015 \u00c9cran D&#8217;occasion &#8211; 723839"},"content":{"rendered":"<p>Still 5015 \u00c9cran D&#8217;occasion &#8211; 723839<\/p>","protected":false},"excerpt":{"rendered":"<p data-start=\"0\" data-end=\"217\"><br data-start=\"2035\" data-end=\"2038\" \/>\u00c9cran Still 5015 d\u2019occasion est une unit\u00e9 d\u2019\u00e9cran durable et originale utilis\u00e9e dans les chariots \u00e9l\u00e9vateurs et machines industrielles. Affiche le statut de la machine et les informations de contr\u00f4le \u00e0 l\u2019op\u00e9rateur. Test\u00e9 et enti\u00e8rement fonctionnel.<\/p>\n<p data-start=\"2288\" data-end=\"2583\"><strong data-start=\"2288\" data-end=\"2310\">Caract\u00e9ristiques :<\/strong><br data-start=\"2310\" data-end=\"2313\" \/><strong data-start=\"2313\" data-end=\"2333\">Nom du produit :<\/strong> \u00c9cran Still 5015 d\u2019occasion<br data-start=\"2361\" data-end=\"2364\" \/><strong data-start=\"2364\" data-end=\"2380\">Code pi\u00e8ce :<\/strong> 723839<br data-start=\"2387\" data-end=\"2390\" \/><strong data-start=\"2390\" data-end=\"2404\">Mat\u00e9riau :<\/strong> Composants \u00e9lectroniques<br data-start=\"2429\" data-end=\"2432\" \/><strong data-start=\"2432\" data-end=\"2458\">Domaine d\u2019utilisation:<\/strong> Unit\u00e9 d\u2019\u00e9cran pour chariots \u00e9l\u00e9vateurs et machines industrielles<br data-start=\"2523\" data-end=\"2526\" \/><strong data-start=\"2526\" data-end=\"2539\">Avantage:<\/strong> Durable, fiable, produit d\u2019occasion test\u00e9<\/p>\n<p data-start=\"2585\" data-end=\"2827\">\n","protected":false},"featured_media":11823,"template":"","meta":[],"product_brand":[],"product_cat":[241,433,524],"product_tag":[],"class_list":{"0":"post-11836","1":"product","2":"type-product","3":"status-publish","4":"has-post-thumbnail","6":"product_cat-still","7":"product_cat-ikinci-el-urunler","8":"product_cat-yedek-parca-still","10":"first","11":"instock","12":"taxable","13":"shipping-taxable","14":"purchasable","15":"product-type-simple"},"_links":{"self":[{"href":"https:\/\/ceoparts.com\/fr\/wp-json\/wp\/v2\/product\/11836","targetHints":{"allow":["GET"]}}],"collection":[{"href":"https:\/\/ceoparts.com\/fr\/wp-json\/wp\/v2\/product"}],"about":[{"href":"https:\/\/ceoparts.com\/fr\/wp-json\/wp\/v2\/types\/product"}],"wp:featuredmedia":[{"embeddable":true,"href":"https:\/\/ceoparts.com\/fr\/wp-json\/wp\/v2\/media\/11823"}],"wp:attachment":[{"href":"https:\/\/ceoparts.com\/fr\/wp-json\/wp\/v2\/media?parent=11836"}],"wp:term":[{"taxonomy":"product_brand","embeddable":true,"href":"https:\/\/ceoparts.com\/fr\/wp-json\/wp\/v2\/product_brand?post=11836"},{"taxonomy":"product_cat","embeddable":true,"href":"https:\/\/ceoparts.com\/fr\/wp-json\/wp\/v2\/product_cat?post=11836"},{"taxonomy":"product_tag","embeddable":true,"href":"https:\/\/ceoparts.com\/fr\/wp-json\/wp\/v2\/product_tag?post=11836"}],"curies":[{"name":"wp","href":"https:\/\/api.w.org\/{rel}","templated":true}]}}