{"id":11846,"date":"2024-11-06T13:51:47","date_gmt":"2024-11-06T10:51:47","guid":{"rendered":"https:\/\/ceoparts.com\/?post_type=product&#038;p=11846"},"modified":"2026-05-16T15:15:16","modified_gmt":"2026-05-16T12:15:16","slug":"still-konvartor-2-el-80v-600a-721921","status":"publish","type":"product","link":"https:\/\/ceoparts.com\/fr\/urun\/still-konvartor-2-el-80v-600a-721921\/","title":{"rendered":"Convertisseur Still d&#8217;occasion 80V 600A &#8211; 721921"},"content":{"rendered":"<p>Convertisseur Still d&#8217;occasion 80V 600A &#8211; 721921<\/p>","protected":false},"excerpt":{"rendered":"<p data-start=\"0\" data-end=\"289\"><br data-start=\"2444\" data-end=\"2447\" \/>Convertisseur Still d\u2019occasion 80V 600A est un convertisseur de tension durable et original utilis\u00e9 dans les chariots \u00e9l\u00e9vateurs et machines industrielles. G\u00e8re une tension d\u2019entr\u00e9e de 80V avec une capacit\u00e9 de courant de 600A, assurant un fonctionnement stable du syst\u00e8me \u00e9lectrique de l\u2019\u00e9quipement. Test\u00e9 et fiable.<\/p>\n<p data-start=\"2765\" data-end=\"3098\"><strong data-start=\"2765\" data-end=\"2787\">Caract\u00e9ristiques :<\/strong><br data-start=\"2787\" data-end=\"2790\" \/><strong data-start=\"2790\" data-end=\"2810\">Nom du produit :<\/strong> Convertisseur Still d\u2019occasion 80V 600A<br data-start=\"2850\" data-end=\"2853\" \/><strong data-start=\"2853\" data-end=\"2869\">Code pi\u00e8ce :<\/strong> 721921<br data-start=\"2876\" data-end=\"2879\" \/><strong data-start=\"2879\" data-end=\"2893\">Mat\u00e9riau :<\/strong> Composants \u00e9lectroniques et \u00e9lectriques<br data-start=\"2933\" data-end=\"2936\" \/><strong data-start=\"2936\" data-end=\"2962\">Domaine d\u2019utilisation:<\/strong> Convertisseur de tension pour chariots \u00e9l\u00e9vateurs et machines industrielles<br data-start=\"3038\" data-end=\"3041\" \/><strong data-start=\"3041\" data-end=\"3054\">Avantage:<\/strong> Durable, fiable, produit d\u2019occasion test\u00e9<\/p>\n<p data-start=\"3100\" data-end=\"3422\">\n","protected":false},"featured_media":11847,"template":"","meta":[],"product_brand":[],"product_cat":[241,433,524],"product_tag":[],"class_list":{"0":"post-11846","1":"product","2":"type-product","3":"status-publish","4":"has-post-thumbnail","6":"product_cat-still","7":"product_cat-ikinci-el-urunler","8":"product_cat-yedek-parca-still","10":"first","11":"instock","12":"taxable","13":"shipping-taxable","14":"purchasable","15":"product-type-simple"},"_links":{"self":[{"href":"https:\/\/ceoparts.com\/fr\/wp-json\/wp\/v2\/product\/11846","targetHints":{"allow":["GET"]}}],"collection":[{"href":"https:\/\/ceoparts.com\/fr\/wp-json\/wp\/v2\/product"}],"about":[{"href":"https:\/\/ceoparts.com\/fr\/wp-json\/wp\/v2\/types\/product"}],"wp:featuredmedia":[{"embeddable":true,"href":"https:\/\/ceoparts.com\/fr\/wp-json\/wp\/v2\/media\/11847"}],"wp:attachment":[{"href":"https:\/\/ceoparts.com\/fr\/wp-json\/wp\/v2\/media?parent=11846"}],"wp:term":[{"taxonomy":"product_brand","embeddable":true,"href":"https:\/\/ceoparts.com\/fr\/wp-json\/wp\/v2\/product_brand?post=11846"},{"taxonomy":"product_cat","embeddable":true,"href":"https:\/\/ceoparts.com\/fr\/wp-json\/wp\/v2\/product_cat?post=11846"},{"taxonomy":"product_tag","embeddable":true,"href":"https:\/\/ceoparts.com\/fr\/wp-json\/wp\/v2\/product_tag?post=11846"}],"curies":[{"name":"wp","href":"https:\/\/api.w.org\/{rel}","templated":true}]}}