{"id":11852,"date":"2024-11-06T14:14:38","date_gmt":"2024-11-06T11:14:38","guid":{"rendered":"https:\/\/ceoparts.com\/?post_type=product&#038;p=11852"},"modified":"2026-05-16T17:32:46","modified_gmt":"2026-05-16T14:32:46","slug":"cobaic1-50103605315","status":"publish","type":"product","link":"https:\/\/ceoparts.com\/fr\/urun\/cobaic1-50103605315\/","title":{"rendered":"COMBIACC1 d&#8217;occasion &#8211; 50103605315"},"content":{"rendered":"<p>COMBIACC1 d&#8217;occasion &#8211; 50103605315<\/p>","protected":false},"excerpt":{"rendered":"<p data-start=\"0\" data-end=\"242\"><br data-start=\"2116\" data-end=\"2119\" \/>COMBIAC1 d\u2019occasion est une carte de contr\u00f4le combin\u00e9e durable et originale utilis\u00e9e dans les chariots \u00e9l\u00e9vateurs et machines industrielles. Elle assure la transmission des signaux \u00e9lectriques et soutient la performance du contr\u00f4le de l\u2019\u00e9quipement. Test\u00e9e et fonctionnelle.<\/p>\n<p data-start=\"2394\" data-end=\"2690\"><strong data-start=\"2394\" data-end=\"2416\">Caract\u00e9ristiques :<\/strong><br data-start=\"2416\" data-end=\"2419\" \/><strong data-start=\"2419\" data-end=\"2439\">Nom du produit :<\/strong> COMBIAC1 d\u2019occasion<br data-start=\"2459\" data-end=\"2462\" \/><strong data-start=\"2462\" data-end=\"2478\">Code pi\u00e8ce :<\/strong> 50103605315<br data-start=\"2490\" data-end=\"2493\" \/><strong data-start=\"2493\" data-end=\"2507\">Mat\u00e9riau :<\/strong> Composants \u00e9lectroniques<br data-start=\"2532\" data-end=\"2535\" \/><strong data-start=\"2535\" data-end=\"2561\">Domaine d\u2019utilisation:<\/strong> Carte de contr\u00f4le pour chariots \u00e9l\u00e9vateurs et machines industrielles<br data-start=\"2630\" data-end=\"2633\" \/><strong data-start=\"2633\" data-end=\"2646\">Avantage:<\/strong> Durable, fiable, produit d\u2019occasion test\u00e9<\/p>\n<p data-start=\"2692\" data-end=\"2952\">\n","protected":false},"featured_media":17460,"template":"","meta":[],"product_brand":[],"product_cat":[433],"product_tag":[],"class_list":{"0":"post-11852","1":"product","2":"type-product","3":"status-publish","4":"has-post-thumbnail","6":"product_cat-ikinci-el-urunler","8":"first","9":"instock","10":"taxable","11":"shipping-taxable","12":"purchasable","13":"product-type-simple"},"_links":{"self":[{"href":"https:\/\/ceoparts.com\/fr\/wp-json\/wp\/v2\/product\/11852","targetHints":{"allow":["GET"]}}],"collection":[{"href":"https:\/\/ceoparts.com\/fr\/wp-json\/wp\/v2\/product"}],"about":[{"href":"https:\/\/ceoparts.com\/fr\/wp-json\/wp\/v2\/types\/product"}],"wp:featuredmedia":[{"embeddable":true,"href":"https:\/\/ceoparts.com\/fr\/wp-json\/wp\/v2\/media\/17460"}],"wp:attachment":[{"href":"https:\/\/ceoparts.com\/fr\/wp-json\/wp\/v2\/media?parent=11852"}],"wp:term":[{"taxonomy":"product_brand","embeddable":true,"href":"https:\/\/ceoparts.com\/fr\/wp-json\/wp\/v2\/product_brand?post=11852"},{"taxonomy":"product_cat","embeddable":true,"href":"https:\/\/ceoparts.com\/fr\/wp-json\/wp\/v2\/product_cat?post=11852"},{"taxonomy":"product_tag","embeddable":true,"href":"https:\/\/ceoparts.com\/fr\/wp-json\/wp\/v2\/product_tag?post=11852"}],"curies":[{"name":"wp","href":"https:\/\/api.w.org\/{rel}","templated":true}]}}