{"id":11858,"date":"2024-11-06T15:14:48","date_gmt":"2024-11-06T12:14:48","guid":{"rendered":"https:\/\/ceoparts.com\/?post_type=product&#038;p=11858"},"modified":"2026-05-16T10:53:08","modified_gmt":"2026-05-16T07:53:08","slug":"exu-grup-kart-24v-2-el-3903702068","status":"publish","type":"product","link":"https:\/\/ceoparts.com\/fr\/urun\/exu-grup-kart-24v-2-el-3903702068\/","title":{"rendered":"Carte de groupe EXU 24V d&#8217;occasion &#8211; 3903702068"},"content":{"rendered":"<p>Carte de groupe EXU 24V d&#8217;occasion &#8211; 3903702068<\/p>","protected":false},"excerpt":{"rendered":"<p data-start=\"0\" data-end=\"279\"><br data-start=\"2287\" data-end=\"2290\" \/>Carte de groupe EXU 24V d\u2019occasion est une carte de groupe durable et originale utilis\u00e9e dans les chariots \u00e9l\u00e9vateurs et machines industrielles. Fonctionne \u00e0 24V et contr\u00f4le le circuit \u00e9lectrique pour assurer un fonctionnement s\u00fbr et efficace de l\u2019\u00e9quipement. Test\u00e9e et fiable.<\/p>\n<p data-start=\"2569\" data-end=\"2888\"><strong data-start=\"2569\" data-end=\"2591\">Caract\u00e9ristiques :<\/strong><br data-start=\"2591\" data-end=\"2594\" \/><strong data-start=\"2594\" data-end=\"2614\">Nom du produit :<\/strong> Carte de groupe EXU 24V d\u2019occasion<br data-start=\"2649\" data-end=\"2652\" \/><strong data-start=\"2652\" data-end=\"2668\">Code pi\u00e8ce :<\/strong> 3903702068<br data-start=\"2679\" data-end=\"2682\" \/><strong data-start=\"2682\" data-end=\"2696\">Mat\u00e9riau :<\/strong> Composants \u00e9lectroniques<br data-start=\"2721\" data-end=\"2724\" \/><strong data-start=\"2724\" data-end=\"2750\">Domaine d\u2019utilisation:<\/strong> Carte de groupe \u00e9lectrique pour chariots \u00e9l\u00e9vateurs et machines industrielles<br data-start=\"2828\" data-end=\"2831\" \/><strong data-start=\"2831\" data-end=\"2844\">Avantage:<\/strong> Durable, fiable, produit d\u2019occasion test\u00e9<\/p>\n<p data-start=\"2890\" data-end=\"3160\">\n","protected":false},"featured_media":11859,"template":"","meta":[],"product_brand":[],"product_cat":[433],"product_tag":[],"class_list":{"0":"post-11858","1":"product","2":"type-product","3":"status-publish","4":"has-post-thumbnail","6":"product_cat-ikinci-el-urunler","8":"first","9":"instock","10":"taxable","11":"shipping-taxable","12":"purchasable","13":"product-type-simple"},"_links":{"self":[{"href":"https:\/\/ceoparts.com\/fr\/wp-json\/wp\/v2\/product\/11858","targetHints":{"allow":["GET"]}}],"collection":[{"href":"https:\/\/ceoparts.com\/fr\/wp-json\/wp\/v2\/product"}],"about":[{"href":"https:\/\/ceoparts.com\/fr\/wp-json\/wp\/v2\/types\/product"}],"wp:featuredmedia":[{"embeddable":true,"href":"https:\/\/ceoparts.com\/fr\/wp-json\/wp\/v2\/media\/11859"}],"wp:attachment":[{"href":"https:\/\/ceoparts.com\/fr\/wp-json\/wp\/v2\/media?parent=11858"}],"wp:term":[{"taxonomy":"product_brand","embeddable":true,"href":"https:\/\/ceoparts.com\/fr\/wp-json\/wp\/v2\/product_brand?post=11858"},{"taxonomy":"product_cat","embeddable":true,"href":"https:\/\/ceoparts.com\/fr\/wp-json\/wp\/v2\/product_cat?post=11858"},{"taxonomy":"product_tag","embeddable":true,"href":"https:\/\/ceoparts.com\/fr\/wp-json\/wp\/v2\/product_tag?post=11858"}],"curies":[{"name":"wp","href":"https:\/\/api.w.org\/{rel}","templated":true}]}}