{"id":11864,"date":"2024-11-06T15:26:40","date_gmt":"2024-11-06T12:26:40","guid":{"rendered":"https:\/\/ceoparts.com\/?post_type=product&#038;p=11864"},"modified":"2026-05-16T21:36:53","modified_gmt":"2026-05-16T18:36:53","slug":"exu-grup-kart-48v-2-el-3903702010","status":"publish","type":"product","link":"https:\/\/ceoparts.com\/fr\/urun\/exu-grup-kart-48v-2-el-3903702010\/","title":{"rendered":"Carte de groupe EXU 48V d&#8217;occasion &#8211; 3903702010"},"content":{"rendered":"<p>Carte de groupe EXU 48V d&#8217;occasion &#8211; 3903702010<\/p>","protected":false},"excerpt":{"rendered":"<article class=\"text-token-text-primary w-full\" dir=\"auto\" data-testid=\"conversation-turn-194\" data-scroll-anchor=\"true\">\n<div class=\"text-base my-auto mx-auto py-5 [--thread-content-margin:--spacing(4)] @[37rem]:[--thread-content-margin:--spacing(6)] @[72rem]:[--thread-content-margin:--spacing(16)] px-(--thread-content-margin)\">\n<div class=\"[--thread-content-max-width:32rem] @[34rem]:[--thread-content-max-width:40rem] @[64rem]:[--thread-content-max-width:48rem] mx-auto flex max-w-(--thread-content-max-width) flex-1 text-base gap-4 md:gap-5 lg:gap-6 group\/turn-messages focus-visible:outline-hidden\" tabindex=\"-1\">\n<div class=\"group\/conversation-turn relative flex w-full min-w-0 flex-col agent-turn\">\n<div class=\"relative flex-col gap-1 md:gap-3\">\n<div class=\"flex min-h-[46px] justify-start\">\n<div class=\"touch:-me-2 touch:-ms-3.5 -ms-2.5 -me-1 flex flex-wrap items-center gap-y-4 p-1 select-none touch:w-[calc(100%+--spacing(3.5))] -mt-1 w-[calc(100%+--spacing(2.5))] duration-[1.5s] focus-within:transition-none hover:transition-none pointer-events-none [mask-image:linear-gradient(to_right,black_33%,transparent_66%)] [mask-size:300%_100%] [mask-position:100%_0%] motion-safe:transition-[mask-position] group-hover\/turn-messages:pointer-events-auto group-hover\/turn-messages:[mask-position:0_0] group-focus-within\/turn-messages:pointer-events-auto group-focus-within\/turn-messages:[mask-position:0_0] has-data-[state=open]:pointer-events-auto has-data-[state=open]:[mask-position:0_0]\">\n<p data-start=\"0\" data-end=\"279\"><br data-start=\"2287\" data-end=\"2290\" \/>Carte de groupe EXU 48V d\u2019occasion est une carte de groupe durable et originale utilis\u00e9e dans les chariots \u00e9l\u00e9vateurs et machines industrielles. Fonctionne \u00e0 48V et contr\u00f4le le circuit \u00e9lectrique pour assurer un fonctionnement s\u00fbr et efficace de l\u2019\u00e9quipement. Test\u00e9e et fiable.<\/p>\n<p data-start=\"2569\" data-end=\"2888\"><strong data-start=\"2569\" data-end=\"2591\">Caract\u00e9ristiques :<\/strong><br data-start=\"2591\" data-end=\"2594\" \/><strong data-start=\"2594\" data-end=\"2614\">Nom du produit :<\/strong> Carte de groupe EXU 48V d\u2019occasion<br data-start=\"2649\" data-end=\"2652\" \/><strong data-start=\"2652\" data-end=\"2668\">Code pi\u00e8ce :<\/strong> 3903702010<br data-start=\"2679\" data-end=\"2682\" \/><strong data-start=\"2682\" data-end=\"2696\">Mat\u00e9riau :<\/strong> Composants \u00e9lectroniques<br data-start=\"2721\" data-end=\"2724\" \/><strong data-start=\"2724\" data-end=\"2750\">Domaine d\u2019utilisation:<\/strong> Carte de groupe \u00e9lectrique pour chariots \u00e9l\u00e9vateurs et machines industrielles<br data-start=\"2828\" data-end=\"2831\" \/><strong data-start=\"2831\" data-end=\"2844\">Avantage:<\/strong> Durable, fiable, produit d\u2019occasion test\u00e9<\/p>\n<p data-start=\"2890\" data-end=\"3160\">\n","protected":false},"featured_media":11865,"template":"","meta":[],"product_brand":[],"product_cat":[433],"product_tag":[],"class_list":{"0":"post-11864","1":"product","2":"type-product","3":"status-publish","4":"has-post-thumbnail","6":"product_cat-ikinci-el-urunler","8":"first","9":"instock","10":"taxable","11":"shipping-taxable","12":"purchasable","13":"product-type-simple"},"_links":{"self":[{"href":"https:\/\/ceoparts.com\/fr\/wp-json\/wp\/v2\/product\/11864","targetHints":{"allow":["GET"]}}],"collection":[{"href":"https:\/\/ceoparts.com\/fr\/wp-json\/wp\/v2\/product"}],"about":[{"href":"https:\/\/ceoparts.com\/fr\/wp-json\/wp\/v2\/types\/product"}],"wp:featuredmedia":[{"embeddable":true,"href":"https:\/\/ceoparts.com\/fr\/wp-json\/wp\/v2\/media\/11865"}],"wp:attachment":[{"href":"https:\/\/ceoparts.com\/fr\/wp-json\/wp\/v2\/media?parent=11864"}],"wp:term":[{"taxonomy":"product_brand","embeddable":true,"href":"https:\/\/ceoparts.com\/fr\/wp-json\/wp\/v2\/product_brand?post=11864"},{"taxonomy":"product_cat","embeddable":true,"href":"https:\/\/ceoparts.com\/fr\/wp-json\/wp\/v2\/product_cat?post=11864"},{"taxonomy":"product_tag","embeddable":true,"href":"https:\/\/ceoparts.com\/fr\/wp-json\/wp\/v2\/product_tag?post=11864"}],"curies":[{"name":"wp","href":"https:\/\/api.w.org\/{rel}","templated":true}]}}