{"id":11870,"date":"2024-11-06T15:35:35","date_gmt":"2024-11-06T12:35:35","guid":{"rendered":"https:\/\/ceoparts.com\/?post_type=product&#038;p=11870"},"modified":"2026-05-16T13:22:39","modified_gmt":"2026-05-16T10:22:39","slug":"exu-grup-kart-2-el-24v-150-225a-3903608729","status":"publish","type":"product","link":"https:\/\/ceoparts.com\/fr\/urun\/exu-grup-kart-2-el-24v-150-225a-3903608729\/","title":{"rendered":"Carte de groupe EXU d&#8217;occasion &#8211; 24V 150-225A &#8211; 3903608729"},"content":{"rendered":"<p>Carte de groupe EXU d&#8217;occasion &#8211; 24V 150-225A &#8211; 3903608729<\/p>","protected":false},"excerpt":{"rendered":"<p data-start=\"0\" data-end=\"305\"><br data-start=\"2426\" data-end=\"2429\" \/>Carte de groupe Exu d\u2019occasion 24V 150-225A est une carte de groupe durable et originale utilis\u00e9e dans les chariots \u00e9l\u00e9vateurs et machines industrielles. Fonctionne \u00e0 24V avec une capacit\u00e9 de courant de 150-225A. Contr\u00f4le le circuit \u00e9lectrique et assure un fonctionnement s\u00fbr de l\u2019\u00e9quipement. Test\u00e9e et fiable.<\/p>\n<p data-start=\"2741\" data-end=\"3069\"><strong data-start=\"2741\" data-end=\"2763\">Caract\u00e9ristiques :<\/strong><br data-start=\"2763\" data-end=\"2766\" \/><strong data-start=\"2766\" data-end=\"2786\">Nom du produit :<\/strong> Carte de groupe Exu d\u2019occasion 24V 150-225A<br data-start=\"2830\" data-end=\"2833\" \/><strong data-start=\"2833\" data-end=\"2849\">Code pi\u00e8ce :<\/strong> 3903608729<br data-start=\"2860\" data-end=\"2863\" \/><strong data-start=\"2863\" data-end=\"2877\">Mat\u00e9riau :<\/strong> Composants \u00e9lectroniques<br data-start=\"2902\" data-end=\"2905\" \/><strong data-start=\"2905\" data-end=\"2931\">Domaine d\u2019utilisation:<\/strong> Carte de groupe \u00e9lectrique pour chariots \u00e9l\u00e9vateurs et machines industrielles<br data-start=\"3009\" data-end=\"3012\" \/><strong data-start=\"3012\" data-end=\"3025\">Avantage:<\/strong> Durable, fiable, produit d\u2019occasion test\u00e9<\/p>\n<p data-start=\"3071\" data-end=\"3371\">\n","protected":false},"featured_media":11871,"template":"","meta":[],"product_brand":[],"product_cat":[433],"product_tag":[],"class_list":{"0":"post-11870","1":"product","2":"type-product","3":"status-publish","4":"has-post-thumbnail","6":"product_cat-ikinci-el-urunler","8":"first","9":"instock","10":"taxable","11":"shipping-taxable","12":"purchasable","13":"product-type-simple"},"_links":{"self":[{"href":"https:\/\/ceoparts.com\/fr\/wp-json\/wp\/v2\/product\/11870","targetHints":{"allow":["GET"]}}],"collection":[{"href":"https:\/\/ceoparts.com\/fr\/wp-json\/wp\/v2\/product"}],"about":[{"href":"https:\/\/ceoparts.com\/fr\/wp-json\/wp\/v2\/types\/product"}],"wp:featuredmedia":[{"embeddable":true,"href":"https:\/\/ceoparts.com\/fr\/wp-json\/wp\/v2\/media\/11871"}],"wp:attachment":[{"href":"https:\/\/ceoparts.com\/fr\/wp-json\/wp\/v2\/media?parent=11870"}],"wp:term":[{"taxonomy":"product_brand","embeddable":true,"href":"https:\/\/ceoparts.com\/fr\/wp-json\/wp\/v2\/product_brand?post=11870"},{"taxonomy":"product_cat","embeddable":true,"href":"https:\/\/ceoparts.com\/fr\/wp-json\/wp\/v2\/product_cat?post=11870"},{"taxonomy":"product_tag","embeddable":true,"href":"https:\/\/ceoparts.com\/fr\/wp-json\/wp\/v2\/product_tag?post=11870"}],"curies":[{"name":"wp","href":"https:\/\/api.w.org\/{rel}","templated":true}]}}