{"id":11883,"date":"2024-11-06T16:05:54","date_gmt":"2024-11-06T13:05:54","guid":{"rendered":"https:\/\/ceoparts.com\/?post_type=product&#038;p=11883"},"modified":"2026-05-16T10:56:24","modified_gmt":"2026-05-16T07:56:24","slug":"yeni-model-donusturucu-2-el-48v-80v-13v-75v-7917401266","status":"publish","type":"product","link":"https:\/\/ceoparts.com\/fr\/urun\/yeni-model-donusturucu-2-el-48v-80v-13v-75v-7917401266\/","title":{"rendered":"Convertisseur Nouveau Mod\u00e8le d&#8217;occasion 48V 80V \/ 13V 75V &#8211; 7917401266"},"content":{"rendered":"<p>Convertisseur Nouveau Mod\u00e8le d&#8217;occasion 48V 80V \/ 13V 75V &#8211; 7917401266<\/p>","protected":false},"excerpt":{"rendered":"<p data-start=\"0\" data-end=\"306\"><br data-start=\"2485\" data-end=\"2488\" \/>Convertisseur nouveau mod\u00e8le d\u2019occasion 48V 80V \/ 13V 75V est un convertisseur de tension durable et original utilis\u00e9 dans les chariots \u00e9l\u00e9vateurs et machines industrielles. Convertit les tensions d\u2019entr\u00e9e 48V et 80V en sorties 13V ou 75V, assurant une op\u00e9ration stable des syst\u00e8mes \u00e9lectriques. Test\u00e9 et fiable.<\/p>\n<p data-start=\"2802\" data-end=\"3142\"><strong data-start=\"2802\" data-end=\"2824\">Caract\u00e9ristiques :<\/strong><br data-start=\"2824\" data-end=\"2827\" \/><strong data-start=\"2827\" data-end=\"2847\">Nom du produit :<\/strong> Convertisseur nouveau mod\u00e8le d\u2019occasion 48V 80V \/ 13V 75V<br data-start=\"2905\" data-end=\"2908\" \/><strong data-start=\"2908\" data-end=\"2924\">Code pi\u00e8ce :<\/strong> 7917401266<br data-start=\"2935\" data-end=\"2938\" \/><strong data-start=\"2938\" data-end=\"2952\">Mat\u00e9riau :<\/strong> Composants \u00e9lectroniques<br data-start=\"2977\" data-end=\"2980\" \/><strong data-start=\"2980\" data-end=\"3006\">Domaine d\u2019utilisation:<\/strong> Convertisseur de tension pour chariots \u00e9l\u00e9vateurs et machines industrielles<br data-start=\"3082\" data-end=\"3085\" \/><strong data-start=\"3085\" data-end=\"3098\">Avantage:<\/strong> Durable, fiable, produit d\u2019occasion test\u00e9<\/p>\n<p data-start=\"3144\" data-end=\"3447\">\n","protected":false},"featured_media":12013,"template":"","meta":[],"product_brand":[],"product_cat":[433],"product_tag":[],"class_list":{"0":"post-11883","1":"product","2":"type-product","3":"status-publish","4":"has-post-thumbnail","6":"product_cat-ikinci-el-urunler","8":"first","9":"instock","10":"taxable","11":"shipping-taxable","12":"purchasable","13":"product-type-simple"},"_links":{"self":[{"href":"https:\/\/ceoparts.com\/fr\/wp-json\/wp\/v2\/product\/11883","targetHints":{"allow":["GET"]}}],"collection":[{"href":"https:\/\/ceoparts.com\/fr\/wp-json\/wp\/v2\/product"}],"about":[{"href":"https:\/\/ceoparts.com\/fr\/wp-json\/wp\/v2\/types\/product"}],"wp:featuredmedia":[{"embeddable":true,"href":"https:\/\/ceoparts.com\/fr\/wp-json\/wp\/v2\/media\/12013"}],"wp:attachment":[{"href":"https:\/\/ceoparts.com\/fr\/wp-json\/wp\/v2\/media?parent=11883"}],"wp:term":[{"taxonomy":"product_brand","embeddable":true,"href":"https:\/\/ceoparts.com\/fr\/wp-json\/wp\/v2\/product_brand?post=11883"},{"taxonomy":"product_cat","embeddable":true,"href":"https:\/\/ceoparts.com\/fr\/wp-json\/wp\/v2\/product_cat?post=11883"},{"taxonomy":"product_tag","embeddable":true,"href":"https:\/\/ceoparts.com\/fr\/wp-json\/wp\/v2\/product_tag?post=11883"}],"curies":[{"name":"wp","href":"https:\/\/api.w.org\/{rel}","templated":true}]}}