{"id":11905,"date":"2024-11-08T09:16:48","date_gmt":"2024-11-08T06:16:48","guid":{"rendered":"https:\/\/ceoparts.com\/?post_type=product&#038;p=11905"},"modified":"2026-05-16T15:15:20","modified_gmt":"2026-05-16T12:15:20","slug":"still-su-kart-2-el-656820","status":"publish","type":"product","link":"https:\/\/ceoparts.com\/fr\/urun\/still-su-kart-2-el-656820\/","title":{"rendered":"Carte Still SU d&#8217;occasion &#8211; 656820"},"content":{"rendered":"<p>Carte Still SU d&#8217;occasion &#8211; 656820<\/p>","protected":false},"excerpt":{"rendered":"<p data-start=\"0\" data-end=\"189\"><br data-start=\"1959\" data-end=\"1962\" \/>Carte SU Still d\u2019occasion est une carte SU durable et originale utilis\u00e9e dans les chariots \u00e9l\u00e9vateurs et machines industrielles. Elle fournit la gestion de l\u2019alimentation et le contr\u00f4le des signaux. Test\u00e9e et fonctionnelle.<\/p>\n<p data-start=\"2187\" data-end=\"2528\"><strong data-start=\"2187\" data-end=\"2209\">Caract\u00e9ristiques :<\/strong><br data-start=\"2209\" data-end=\"2212\" \/><strong data-start=\"2212\" data-end=\"2232\">Nom du produit :<\/strong> Carte SU Still d\u2019occasion<br data-start=\"2258\" data-end=\"2261\" \/><strong data-start=\"2261\" data-end=\"2277\">Code pi\u00e8ce :<\/strong> 656820<br data-start=\"2284\" data-end=\"2287\" \/><strong data-start=\"2287\" data-end=\"2301\">Mat\u00e9riau :<\/strong> Composants \u00e9lectroniques<br data-start=\"2326\" data-end=\"2329\" \/><strong data-start=\"2329\" data-end=\"2355\">Domaine d\u2019utilisation:<\/strong> Carte de gestion de l\u2019alimentation et de contr\u00f4le des signaux pour chariots \u00e9l\u00e9vateurs et machines industrielles<br data-start=\"2468\" data-end=\"2471\" \/><strong data-start=\"2471\" data-end=\"2484\">Avantage:<\/strong> Durable, fiable, produit d\u2019occasion test\u00e9<\/p>\n<p data-start=\"2530\" data-end=\"2738\">\n","protected":false},"featured_media":11906,"template":"","meta":[],"product_brand":[],"product_cat":[241,433,524],"product_tag":[],"class_list":{"0":"post-11905","1":"product","2":"type-product","3":"status-publish","4":"has-post-thumbnail","6":"product_cat-still","7":"product_cat-ikinci-el-urunler","8":"product_cat-yedek-parca-still","10":"first","11":"instock","12":"taxable","13":"shipping-taxable","14":"purchasable","15":"product-type-simple"},"_links":{"self":[{"href":"https:\/\/ceoparts.com\/fr\/wp-json\/wp\/v2\/product\/11905","targetHints":{"allow":["GET"]}}],"collection":[{"href":"https:\/\/ceoparts.com\/fr\/wp-json\/wp\/v2\/product"}],"about":[{"href":"https:\/\/ceoparts.com\/fr\/wp-json\/wp\/v2\/types\/product"}],"wp:featuredmedia":[{"embeddable":true,"href":"https:\/\/ceoparts.com\/fr\/wp-json\/wp\/v2\/media\/11906"}],"wp:attachment":[{"href":"https:\/\/ceoparts.com\/fr\/wp-json\/wp\/v2\/media?parent=11905"}],"wp:term":[{"taxonomy":"product_brand","embeddable":true,"href":"https:\/\/ceoparts.com\/fr\/wp-json\/wp\/v2\/product_brand?post=11905"},{"taxonomy":"product_cat","embeddable":true,"href":"https:\/\/ceoparts.com\/fr\/wp-json\/wp\/v2\/product_cat?post=11905"},{"taxonomy":"product_tag","embeddable":true,"href":"https:\/\/ceoparts.com\/fr\/wp-json\/wp\/v2\/product_tag?post=11905"}],"curies":[{"name":"wp","href":"https:\/\/api.w.org\/{rel}","templated":true}]}}