{"id":11910,"date":"2024-11-08T09:29:04","date_gmt":"2024-11-08T06:29:04","guid":{"rendered":"https:\/\/ceoparts.com\/?post_type=product&#038;p=11910"},"modified":"2026-05-16T15:14:13","modified_gmt":"2026-05-16T12:14:13","slug":"egv-s-kontoller-2-el-45353605001","status":"publish","type":"product","link":"https:\/\/ceoparts.com\/fr\/urun\/egv-s-kontoller-2-el-45353605001\/","title":{"rendered":"Contr\u00f4leurs EGV-S d&#8217;occasion &#8211; 45353605001"},"content":{"rendered":"<p>Contr\u00f4leurs EGV-S d&#8217;occasion &#8211; 45353605001<\/p>","protected":false},"excerpt":{"rendered":"<p data-start=\"0\" data-end=\"191\"><br data-start=\"1988\" data-end=\"1991\" \/>Contr\u00f4leur EGV-S d\u2019occasion est un dispositif de contr\u00f4le durable et original utilis\u00e9 dans les chariots \u00e9l\u00e9vateurs et machines industrielles. Test\u00e9 pour l\u2019op\u00e9ration et la performance, offre une fonctionnalit\u00e9 fiable.<\/p>\n<p data-start=\"2209\" data-end=\"2513\"><strong data-start=\"2209\" data-end=\"2231\">Caract\u00e9ristiques :<\/strong><br data-start=\"2231\" data-end=\"2234\" \/><strong data-start=\"2234\" data-end=\"2254\">Nom du produit :<\/strong> Contr\u00f4leur EGV-S d\u2019occasion<br data-start=\"2282\" data-end=\"2285\" \/><strong data-start=\"2285\" data-end=\"2301\">Code pi\u00e8ce :<\/strong> 45353605001<br data-start=\"2313\" data-end=\"2316\" \/><strong data-start=\"2316\" data-end=\"2330\">Mat\u00e9riau :<\/strong> Composants \u00e9lectroniques<br data-start=\"2355\" data-end=\"2358\" \/><strong data-start=\"2358\" data-end=\"2384\">Domaine d\u2019utilisation:<\/strong> Unit\u00e9 de contr\u00f4le pour chariots \u00e9l\u00e9vateurs et machines industrielles<br data-start=\"2453\" data-end=\"2456\" \/><strong data-start=\"2456\" data-end=\"2469\">Avantage:<\/strong> Durable, fiable, produit d\u2019occasion test\u00e9<\/p>\n<p data-start=\"2515\" data-end=\"2717\">\n","protected":false},"featured_media":11911,"template":"","meta":[],"product_brand":[],"product_cat":[433],"product_tag":[],"class_list":{"0":"post-11910","1":"product","2":"type-product","3":"status-publish","4":"has-post-thumbnail","6":"product_cat-ikinci-el-urunler","8":"first","9":"instock","10":"taxable","11":"shipping-taxable","12":"purchasable","13":"product-type-simple"},"_links":{"self":[{"href":"https:\/\/ceoparts.com\/fr\/wp-json\/wp\/v2\/product\/11910","targetHints":{"allow":["GET"]}}],"collection":[{"href":"https:\/\/ceoparts.com\/fr\/wp-json\/wp\/v2\/product"}],"about":[{"href":"https:\/\/ceoparts.com\/fr\/wp-json\/wp\/v2\/types\/product"}],"wp:featuredmedia":[{"embeddable":true,"href":"https:\/\/ceoparts.com\/fr\/wp-json\/wp\/v2\/media\/11911"}],"wp:attachment":[{"href":"https:\/\/ceoparts.com\/fr\/wp-json\/wp\/v2\/media?parent=11910"}],"wp:term":[{"taxonomy":"product_brand","embeddable":true,"href":"https:\/\/ceoparts.com\/fr\/wp-json\/wp\/v2\/product_brand?post=11910"},{"taxonomy":"product_cat","embeddable":true,"href":"https:\/\/ceoparts.com\/fr\/wp-json\/wp\/v2\/product_cat?post=11910"},{"taxonomy":"product_tag","embeddable":true,"href":"https:\/\/ceoparts.com\/fr\/wp-json\/wp\/v2\/product_tag?post=11910"}],"curies":[{"name":"wp","href":"https:\/\/api.w.org\/{rel}","templated":true}]}}