{"id":11915,"date":"2024-11-08T09:33:41","date_gmt":"2024-11-08T06:33:41","guid":{"rendered":"https:\/\/ceoparts.com\/?post_type=product&#038;p=11915"},"modified":"2026-05-16T14:33:11","modified_gmt":"2026-05-16T11:33:11","slug":"still-cpp-ikinci-el-51523602647","status":"publish","type":"product","link":"https:\/\/ceoparts.com\/fr\/urun\/still-cpp-ikinci-el-51523602647\/","title":{"rendered":"Still CPP Occasion &#8211; 51523602647"},"content":{"rendered":"<p>Still CPP Occasion &#8211; 51523602647<\/p>\n<p>Still CPP Occasion &#8211; 51523602647<\/p>","protected":false},"excerpt":{"rendered":"<p data-start=\"0\" data-end=\"222\"><br data-start=\"2071\" data-end=\"2074\" \/>Panneau de contr\u00f4le Still CPP d\u2019occasion est un panneau de contr\u00f4le d\u2019alimentation durable et original utilis\u00e9 dans les chariots \u00e9l\u00e9vateurs et machines industrielles. Il offre des performances durables et fiables. Test\u00e9 et fonctionnel.<\/p>\n<p data-start=\"2311\" data-end=\"2643\"><strong data-start=\"2311\" data-end=\"2333\">Caract\u00e9ristiques :<\/strong><br data-start=\"2333\" data-end=\"2336\" \/><strong data-start=\"2336\" data-end=\"2356\">Nom du produit :<\/strong> Panneau de contr\u00f4le Still CPP d\u2019occasion<br data-start=\"2397\" data-end=\"2400\" \/><strong data-start=\"2400\" data-end=\"2416\">Code pi\u00e8ce :<\/strong> 51523602647<br data-start=\"2428\" data-end=\"2431\" \/><strong data-start=\"2431\" data-end=\"2445\">Mat\u00e9riau :<\/strong> Mat\u00e9riaux \u00e9lectroniques et plastiques<br data-start=\"2483\" data-end=\"2486\" \/><strong data-start=\"2486\" data-end=\"2512\">Domaine d\u2019utilisation:<\/strong> Panneau de contr\u00f4le pour chariots \u00e9l\u00e9vateurs et machines industrielles<br data-start=\"2583\" data-end=\"2586\" \/><strong data-start=\"2586\" data-end=\"2599\">Avantage:<\/strong> Durable, fiable, produit d\u2019occasion test\u00e9<\/p>\n<p data-start=\"2645\" data-end=\"2881\">\n","protected":false},"featured_media":11801,"template":"","meta":[],"product_brand":[],"product_cat":[241,433,524],"product_tag":[],"class_list":{"0":"post-11915","1":"product","2":"type-product","3":"status-publish","4":"has-post-thumbnail","6":"product_cat-still","7":"product_cat-ikinci-el-urunler","8":"product_cat-yedek-parca-still","10":"first","11":"instock","12":"taxable","13":"shipping-taxable","14":"purchasable","15":"product-type-simple"},"_links":{"self":[{"href":"https:\/\/ceoparts.com\/fr\/wp-json\/wp\/v2\/product\/11915","targetHints":{"allow":["GET"]}}],"collection":[{"href":"https:\/\/ceoparts.com\/fr\/wp-json\/wp\/v2\/product"}],"about":[{"href":"https:\/\/ceoparts.com\/fr\/wp-json\/wp\/v2\/types\/product"}],"wp:featuredmedia":[{"embeddable":true,"href":"https:\/\/ceoparts.com\/fr\/wp-json\/wp\/v2\/media\/11801"}],"wp:attachment":[{"href":"https:\/\/ceoparts.com\/fr\/wp-json\/wp\/v2\/media?parent=11915"}],"wp:term":[{"taxonomy":"product_brand","embeddable":true,"href":"https:\/\/ceoparts.com\/fr\/wp-json\/wp\/v2\/product_brand?post=11915"},{"taxonomy":"product_cat","embeddable":true,"href":"https:\/\/ceoparts.com\/fr\/wp-json\/wp\/v2\/product_cat?post=11915"},{"taxonomy":"product_tag","embeddable":true,"href":"https:\/\/ceoparts.com\/fr\/wp-json\/wp\/v2\/product_tag?post=11915"}],"curies":[{"name":"wp","href":"https:\/\/api.w.org\/{rel}","templated":true}]}}