{"id":11916,"date":"2024-11-08T09:51:35","date_gmt":"2024-11-08T06:51:35","guid":{"rendered":"https:\/\/ceoparts.com\/?post_type=product&#038;p=11916"},"modified":"2026-05-16T11:01:38","modified_gmt":"2026-05-16T08:01:38","slug":"r06-zapi-linde-ompimespo-48v-cekici-1227101050","status":"publish","type":"product","link":"https:\/\/ceoparts.com\/fr\/urun\/r06-zapi-linde-ompimespo-48v-cekici-1227101050\/","title":{"rendered":"R06 ZAPI &#8211; Linde OMPIMESPO 48V Tracteur de traction Occasion &#8211; 1227101050"},"content":{"rendered":"<p>R06 ZAPI &#8211; Linde OMPIMESPO 48V Tracteur de traction Occasion &#8211; 1227101050<\/p>","protected":false},"excerpt":{"rendered":"<p data-start=\"0\" data-end=\"265\"><br data-start=\"2291\" data-end=\"2294\" \/>R06 Zapi \u2013 LINDE OMPIMESPO 48V Tracteur d\u2019occasion est une carte de contr\u00f4le durable et originale utilis\u00e9e dans les chariots \u00e9l\u00e9vateurs et tracteurs. Fonctionne \u00e0 48 volts, adapt\u00e9e aux tracteurs LINDE OMPIMESPO. Test\u00e9e et fiable.<\/p>\n<p data-start=\"2525\" data-end=\"2847\"><strong data-start=\"2525\" data-end=\"2547\">Caract\u00e9ristiques :<\/strong><br data-start=\"2547\" data-end=\"2550\" \/><strong data-start=\"2550\" data-end=\"2570\">Nom du produit :<\/strong> R06 Zapi \u2013 LINDE OMPIMESPO 48V Tracteur d\u2019occasion<br data-start=\"2621\" data-end=\"2624\" \/><strong data-start=\"2624\" data-end=\"2640\">Code pi\u00e8ce :<\/strong> 1227101050<br data-start=\"2651\" data-end=\"2654\" \/><strong data-start=\"2654\" data-end=\"2668\">Mat\u00e9riau :<\/strong> Composants \u00e9lectroniques de la carte<br data-start=\"2705\" data-end=\"2708\" \/><strong data-start=\"2708\" data-end=\"2734\">Domaine d\u2019utilisation:<\/strong> Carte de contr\u00f4le pour tracteurs LINDE OMPIMESPO 48V<br data-start=\"2787\" data-end=\"2790\" \/><strong data-start=\"2790\" data-end=\"2803\">Avantage:<\/strong> Durable, fiable, produit d\u2019occasion test\u00e9<\/p>\n<p data-start=\"2849\" data-end=\"3087\">\n","protected":false},"featured_media":11917,"template":"","meta":[],"product_brand":[],"product_cat":[246,433,523],"product_tag":[],"class_list":{"0":"post-11916","1":"product","2":"type-product","3":"status-publish","4":"has-post-thumbnail","6":"product_cat-linde","7":"product_cat-ikinci-el-urunler","8":"product_cat-yedek-parca-linde","10":"first","11":"instock","12":"taxable","13":"shipping-taxable","14":"purchasable","15":"product-type-simple"},"_links":{"self":[{"href":"https:\/\/ceoparts.com\/fr\/wp-json\/wp\/v2\/product\/11916","targetHints":{"allow":["GET"]}}],"collection":[{"href":"https:\/\/ceoparts.com\/fr\/wp-json\/wp\/v2\/product"}],"about":[{"href":"https:\/\/ceoparts.com\/fr\/wp-json\/wp\/v2\/types\/product"}],"wp:featuredmedia":[{"embeddable":true,"href":"https:\/\/ceoparts.com\/fr\/wp-json\/wp\/v2\/media\/11917"}],"wp:attachment":[{"href":"https:\/\/ceoparts.com\/fr\/wp-json\/wp\/v2\/media?parent=11916"}],"wp:term":[{"taxonomy":"product_brand","embeddable":true,"href":"https:\/\/ceoparts.com\/fr\/wp-json\/wp\/v2\/product_brand?post=11916"},{"taxonomy":"product_cat","embeddable":true,"href":"https:\/\/ceoparts.com\/fr\/wp-json\/wp\/v2\/product_cat?post=11916"},{"taxonomy":"product_tag","embeddable":true,"href":"https:\/\/ceoparts.com\/fr\/wp-json\/wp\/v2\/product_tag?post=11916"}],"curies":[{"name":"wp","href":"https:\/\/api.w.org\/{rel}","templated":true}]}}