{"id":11929,"date":"2024-11-08T10:43:51","date_gmt":"2024-11-08T07:43:51","guid":{"rendered":"https:\/\/ceoparts.com\/?post_type=product&#038;p=11929"},"modified":"2026-05-16T12:11:09","modified_gmt":"2026-05-16T09:11:09","slug":"still-sac-rx-konvartor-2-el-48v-400a-51523704134","status":"publish","type":"product","link":"https:\/\/ceoparts.com\/fr\/urun\/still-sac-rx-konvartor-2-el-48v-400a-51523704134\/","title":{"rendered":"Convertisseur STILL Sac RX d&#8217;occasion 48V 400A &#8211; 51523704134"},"content":{"rendered":"<p>Convertisseur STILL Sac RX d&#8217;occasion 48V 400A &#8211; 51523704134<\/p>","protected":false},"excerpt":{"rendered":"<p data-start=\"0\" data-end=\"298\"><br data-start=\"2514\" data-end=\"2517\" \/>Convertisseur STILL Sac RX d\u2019occasion 48V 400A est un composant durable et original utilis\u00e9 dans les chariots \u00e9l\u00e9vateurs et machines industrielles. Fonctionne \u00e0 48 volts et 400 amp\u00e8res. Bien qu\u2019occasion, il est fonctionnel et test\u00e9, offrant de hautes performances et fiabilit\u00e9.<\/p>\n<p data-start=\"2796\" data-end=\"3167\"><strong data-start=\"2796\" data-end=\"2818\">Caract\u00e9ristiques :<\/strong><br data-start=\"2818\" data-end=\"2821\" \/><strong data-start=\"2821\" data-end=\"2841\">Nom du produit :<\/strong> Convertisseur STILL Sac RX d\u2019occasion 48V 400A<br data-start=\"2888\" data-end=\"2891\" \/><strong data-start=\"2891\" data-end=\"2907\">Code pi\u00e8ce :<\/strong> 51523704134<br data-start=\"2919\" data-end=\"2922\" \/><strong data-start=\"2922\" data-end=\"2936\">Mat\u00e9riau :<\/strong> Composants \u00e9lectroniques et m\u00e9talliques<br data-start=\"2976\" data-end=\"2979\" \/><strong data-start=\"2979\" data-end=\"3005\">Domaine d\u2019utilisation:<\/strong> Composant convertisseur pour chariots \u00e9l\u00e9vateurs et machines industrielles<br data-start=\"3080\" data-end=\"3083\" \/><strong data-start=\"3083\" data-end=\"3096\">Avantage:<\/strong> Durable, fiable, haute capacit\u00e9 de courant, produit d\u2019occasion test\u00e9<\/p>\n<p data-start=\"3169\" data-end=\"3431\">\n","protected":false},"featured_media":11931,"template":"","meta":[],"product_brand":[],"product_cat":[241,433,524],"product_tag":[],"class_list":{"0":"post-11929","1":"product","2":"type-product","3":"status-publish","4":"has-post-thumbnail","6":"product_cat-still","7":"product_cat-ikinci-el-urunler","8":"product_cat-yedek-parca-still","10":"first","11":"instock","12":"taxable","13":"shipping-taxable","14":"purchasable","15":"product-type-simple"},"_links":{"self":[{"href":"https:\/\/ceoparts.com\/fr\/wp-json\/wp\/v2\/product\/11929","targetHints":{"allow":["GET"]}}],"collection":[{"href":"https:\/\/ceoparts.com\/fr\/wp-json\/wp\/v2\/product"}],"about":[{"href":"https:\/\/ceoparts.com\/fr\/wp-json\/wp\/v2\/types\/product"}],"wp:featuredmedia":[{"embeddable":true,"href":"https:\/\/ceoparts.com\/fr\/wp-json\/wp\/v2\/media\/11931"}],"wp:attachment":[{"href":"https:\/\/ceoparts.com\/fr\/wp-json\/wp\/v2\/media?parent=11929"}],"wp:term":[{"taxonomy":"product_brand","embeddable":true,"href":"https:\/\/ceoparts.com\/fr\/wp-json\/wp\/v2\/product_brand?post=11929"},{"taxonomy":"product_cat","embeddable":true,"href":"https:\/\/ceoparts.com\/fr\/wp-json\/wp\/v2\/product_cat?post=11929"},{"taxonomy":"product_tag","embeddable":true,"href":"https:\/\/ceoparts.com\/fr\/wp-json\/wp\/v2\/product_tag?post=11929"}],"curies":[{"name":"wp","href":"https:\/\/api.w.org\/{rel}","templated":true}]}}