{"id":11940,"date":"2024-11-08T11:36:37","date_gmt":"2024-11-08T08:36:37","guid":{"rendered":"https:\/\/ceoparts.com\/?post_type=product&#038;p=11940"},"modified":"2026-05-16T17:29:23","modified_gmt":"2026-05-16T14:29:23","slug":"sac-konvartor-soketi-kablosu","status":"publish","type":"product","link":"https:\/\/ceoparts.com\/fr\/urun\/sac-konvartor-soketi-kablosu\/","title":{"rendered":"C\u00e2ble de prise pour convertisseur Sac"},"content":{"rendered":"<p>C\u00e2ble de prise pour convertisseur Sac<\/p>","protected":false},"excerpt":{"rendered":"<p data-start=\"0\" data-end=\"288\"><br data-start=\"2558\" data-end=\"2561\" \/>C\u00e2ble de prise convertisseur en t\u00f4le est un c\u00e2ble durable et de haute qualit\u00e9 utilis\u00e9 dans les chariots \u00e9l\u00e9vateurs et les machines industrielles pour connecter la prise du convertisseur en t\u00f4le. Il offre une grande flexibilit\u00e9 et une longue dur\u00e9e de vie avec une excellente conductivit\u00e9 \u00e9lectrique. Assure une connexion s\u00fbre et stable dans le syst\u00e8me \u00e9lectrique de la machine.<\/p>\n<p data-start=\"2939\" data-end=\"3273\"><strong data-start=\"2939\" data-end=\"2961\">Caract\u00e9ristiques :<\/strong><br data-start=\"2961\" data-end=\"2964\" \/><strong data-start=\"2964\" data-end=\"2984\">Nom du produit :<\/strong> C\u00e2ble de prise convertisseur en t\u00f4le<br data-start=\"3021\" data-end=\"3024\" \/><strong data-start=\"3024\" data-end=\"3040\">Code pi\u00e8ce :<\/strong> &#8211;<br data-start=\"3042\" data-end=\"3045\" \/><strong data-start=\"3045\" data-end=\"3059\">Mat\u00e9riau :<\/strong> C\u00e2ble en cuivre isol\u00e9<br data-start=\"3081\" data-end=\"3084\" \/><strong data-start=\"3084\" data-end=\"3110\">Domaine d\u2019utilisation:<\/strong> Connexion \u00e9lectrique pour chariots \u00e9l\u00e9vateurs et machines industrielles<br data-start=\"3182\" data-end=\"3185\" \/><strong data-start=\"3185\" data-end=\"3199\">Avantage :<\/strong> Grande flexibilit\u00e9, durabilit\u00e9, excellente conductivit\u00e9, connexion s\u00fbre<\/p>\n<p data-start=\"3275\" data-end=\"3637\">\n","protected":false},"featured_media":11941,"template":"","meta":[],"product_brand":[],"product_cat":[431,433],"product_tag":[],"class_list":{"0":"post-11940","1":"product","2":"type-product","3":"status-publish","4":"has-post-thumbnail","6":"product_cat-ekranlar-ve-kartlar","7":"product_cat-ikinci-el-urunler","9":"first","10":"instock","11":"taxable","12":"shipping-taxable","13":"purchasable","14":"product-type-simple"},"_links":{"self":[{"href":"https:\/\/ceoparts.com\/fr\/wp-json\/wp\/v2\/product\/11940","targetHints":{"allow":["GET"]}}],"collection":[{"href":"https:\/\/ceoparts.com\/fr\/wp-json\/wp\/v2\/product"}],"about":[{"href":"https:\/\/ceoparts.com\/fr\/wp-json\/wp\/v2\/types\/product"}],"wp:featuredmedia":[{"embeddable":true,"href":"https:\/\/ceoparts.com\/fr\/wp-json\/wp\/v2\/media\/11941"}],"wp:attachment":[{"href":"https:\/\/ceoparts.com\/fr\/wp-json\/wp\/v2\/media?parent=11940"}],"wp:term":[{"taxonomy":"product_brand","embeddable":true,"href":"https:\/\/ceoparts.com\/fr\/wp-json\/wp\/v2\/product_brand?post=11940"},{"taxonomy":"product_cat","embeddable":true,"href":"https:\/\/ceoparts.com\/fr\/wp-json\/wp\/v2\/product_cat?post=11940"},{"taxonomy":"product_tag","embeddable":true,"href":"https:\/\/ceoparts.com\/fr\/wp-json\/wp\/v2\/product_tag?post=11940"}],"curies":[{"name":"wp","href":"https:\/\/api.w.org\/{rel}","templated":true}]}}