{"id":11951,"date":"2024-11-11T14:12:43","date_gmt":"2024-11-11T11:12:43","guid":{"rendered":"https:\/\/ceoparts.com\/?post_type=product&#038;p=11951"},"modified":"2026-05-16T15:08:19","modified_gmt":"2026-05-16T12:08:19","slug":"125x50-50-25-ceoparts-denge-tekeri-msl-1599507","status":"publish","type":"product","link":"https:\/\/ceoparts.com\/fr\/urun\/125x50-50-25-ceoparts-denge-tekeri-msl-1599507\/","title":{"rendered":"125&#215;50\/50-25 Ceoparts Roues D&#8217;\u00e9quilibre &#8211; 1599507"},"content":{"rendered":"<p>125&#215;50\/50-25 Ceoparts Roues D&#8217;\u00e9quilibre &#8211; 1599507<\/p>\n<p><\/p>\n<p>Hyster S1.5S seria C442<\/p>","protected":false},"excerpt":{"rendered":"<p data-start=\"0\" data-end=\"348\"><br data-start=\"2692\" data-end=\"2695\" \/>Roue stabilisatrice Ceoparts 125\u00d750\/50-25 est une roue robuste utilis\u00e9e dans les chariots \u00e9l\u00e9vateurs et gerbeurs pour assurer \u00e9quilibre et stabilit\u00e9. Fabriqu\u00e9e en caoutchouc haute r\u00e9sistance et alliage m\u00e9tallique, elle offre une longue dur\u00e9e de vie et une haute r\u00e9sistance \u00e0 l\u2019usure m\u00eame sous fortes charges. Garantit un d\u00e9placement \u00e9quilibr\u00e9 et s\u00fbr de la machine pendant l\u2019op\u00e9ration.<\/p>\n<p data-start=\"3081\" data-end=\"3452\"><strong data-start=\"3081\" data-end=\"3103\">Caract\u00e9ristiques :<\/strong><br data-start=\"3103\" data-end=\"3106\" \/><strong data-start=\"3106\" data-end=\"3126\">Nom du produit :<\/strong> Roue stabilisatrice Ceoparts 125\u00d750\/50-25<br data-start=\"3168\" data-end=\"3171\" \/><strong data-start=\"3171\" data-end=\"3187\">Code pi\u00e8ce :<\/strong> 1599507<br data-start=\"3195\" data-end=\"3198\" \/><strong data-start=\"3198\" data-end=\"3212\">Mat\u00e9riau :<\/strong> Caoutchouc haute r\u00e9sistance et alliage m\u00e9tallique<br data-start=\"3262\" data-end=\"3265\" \/><strong data-start=\"3265\" data-end=\"3291\">Domaine d\u2019utilisation:<\/strong> Roue stabilisatrice pour chariots \u00e9l\u00e9vateurs et gerbeurs<br data-start=\"3348\" data-end=\"3351\" \/><strong data-start=\"3351\" data-end=\"3364\">Avantage:<\/strong> Haute durabilit\u00e9, longue dur\u00e9e de vie, supporte de fortes charges, d\u00e9placement stable<\/p>\n<p data-start=\"3454\" data-end=\"3828\">\n","protected":false},"featured_media":11955,"template":"","meta":[],"product_brand":[],"product_cat":[256,258,395,396,185],"product_tag":[],"class_list":{"0":"post-11951","1":"product","2":"type-product","3":"status-publish","4":"has-post-thumbnail","6":"product_cat-hyster","7":"product_cat-denge-tekeri-hyster","8":"product_cat-ceoparts","9":"product_cat-denge-tekeri-ceo","10":"product_cat-denge-tekeri","12":"first","13":"instock","14":"taxable","15":"shipping-taxable","16":"purchasable","17":"product-type-simple"},"_links":{"self":[{"href":"https:\/\/ceoparts.com\/fr\/wp-json\/wp\/v2\/product\/11951","targetHints":{"allow":["GET"]}}],"collection":[{"href":"https:\/\/ceoparts.com\/fr\/wp-json\/wp\/v2\/product"}],"about":[{"href":"https:\/\/ceoparts.com\/fr\/wp-json\/wp\/v2\/types\/product"}],"wp:featuredmedia":[{"embeddable":true,"href":"https:\/\/ceoparts.com\/fr\/wp-json\/wp\/v2\/media\/11955"}],"wp:attachment":[{"href":"https:\/\/ceoparts.com\/fr\/wp-json\/wp\/v2\/media?parent=11951"}],"wp:term":[{"taxonomy":"product_brand","embeddable":true,"href":"https:\/\/ceoparts.com\/fr\/wp-json\/wp\/v2\/product_brand?post=11951"},{"taxonomy":"product_cat","embeddable":true,"href":"https:\/\/ceoparts.com\/fr\/wp-json\/wp\/v2\/product_cat?post=11951"},{"taxonomy":"product_tag","embeddable":true,"href":"https:\/\/ceoparts.com\/fr\/wp-json\/wp\/v2\/product_tag?post=11951"}],"curies":[{"name":"wp","href":"https:\/\/api.w.org\/{rel}","templated":true}]}}