{"id":11956,"date":"2024-11-11T14:20:25","date_gmt":"2024-11-11T11:20:25","guid":{"rendered":"https:\/\/ceoparts.com\/?post_type=product&#038;p=11956"},"modified":"2026-05-16T12:10:57","modified_gmt":"2026-05-16T09:10:57","slug":"125x60-62-20-msl-denge-tekeri-0009933803","status":"publish","type":"product","link":"https:\/\/ceoparts.com\/fr\/urun\/125x60-62-20-msl-denge-tekeri-0009933803\/","title":{"rendered":"125&#215;60\/62-20 MSL Roues D&#8217;\u00e9quilibre &#8211; 0009933803"},"content":{"rendered":"<p>125&#215;60\/62-20 MSL Roues D&#8217;\u00e9quilibre &#8211; 0009933803<\/p>","protected":false},"excerpt":{"rendered":"<p data-start=\"0\" data-end=\"302\"><br data-start=\"2499\" data-end=\"2502\" \/>Roue stabilisatrice 125\u00d760\/62-20 MSL est une roue robuste utilis\u00e9e dans les chariots \u00e9l\u00e9vateurs et gerbeurs pour assurer l\u2019\u00e9quilibre et la stabilit\u00e9. Fabriqu\u00e9e avec la technologie MSL, elle offre une haute r\u00e9sistance \u00e0 l\u2019usure et une longue dur\u00e9e de vie. Garantit un d\u00e9placement \u00e9quilibr\u00e9 et s\u00fbr de la machine pendant l\u2019op\u00e9ration.<\/p>\n<p data-start=\"2834\" data-end=\"3208\"><strong data-start=\"2834\" data-end=\"2856\">Caract\u00e9ristiques\u202f:<\/strong><br data-start=\"2856\" data-end=\"2859\" \/><strong data-start=\"2859\" data-end=\"2879\">Nom du produit\u202f:<\/strong> Roue stabilisatrice 125\u00d760\/62-20 MSL<br data-start=\"2916\" data-end=\"2919\" \/><strong data-start=\"2919\" data-end=\"2935\">Code pi\u00e8ce\u202f:<\/strong> 0009933803<br data-start=\"2946\" data-end=\"2949\" \/><strong data-start=\"2949\" data-end=\"2963\">Mat\u00e9riau\u202f:<\/strong> Caoutchouc haute r\u00e9sistance et alliage m\u00e9tallique<br data-start=\"3013\" data-end=\"3016\" \/><strong data-start=\"3016\" data-end=\"3043\">Domaine d\u2019utilisation\u202f:<\/strong> Roue stabilisatrice pour chariots \u00e9l\u00e9vateurs et gerbeurs<br data-start=\"3100\" data-end=\"3103\" \/><strong data-start=\"3103\" data-end=\"3117\">Avantage\u202f:<\/strong> Haute durabilit\u00e9, longue dur\u00e9e de vie, haute r\u00e9sistance \u00e0 l\u2019usure, d\u00e9placement \u00e9quilibr\u00e9<\/p>\n<p data-start=\"3210\" data-end=\"3525\">\n","protected":false},"featured_media":16413,"template":"","meta":[],"product_brand":[],"product_cat":[395,396,185],"product_tag":[],"class_list":{"0":"post-11956","1":"product","2":"type-product","3":"status-publish","4":"has-post-thumbnail","6":"product_cat-ceoparts","7":"product_cat-denge-tekeri-ceo","8":"product_cat-denge-tekeri","10":"first","11":"instock","12":"taxable","13":"shipping-taxable","14":"purchasable","15":"product-type-simple"},"_links":{"self":[{"href":"https:\/\/ceoparts.com\/fr\/wp-json\/wp\/v2\/product\/11956","targetHints":{"allow":["GET"]}}],"collection":[{"href":"https:\/\/ceoparts.com\/fr\/wp-json\/wp\/v2\/product"}],"about":[{"href":"https:\/\/ceoparts.com\/fr\/wp-json\/wp\/v2\/types\/product"}],"wp:featuredmedia":[{"embeddable":true,"href":"https:\/\/ceoparts.com\/fr\/wp-json\/wp\/v2\/media\/16413"}],"wp:attachment":[{"href":"https:\/\/ceoparts.com\/fr\/wp-json\/wp\/v2\/media?parent=11956"}],"wp:term":[{"taxonomy":"product_brand","embeddable":true,"href":"https:\/\/ceoparts.com\/fr\/wp-json\/wp\/v2\/product_brand?post=11956"},{"taxonomy":"product_cat","embeddable":true,"href":"https:\/\/ceoparts.com\/fr\/wp-json\/wp\/v2\/product_cat?post=11956"},{"taxonomy":"product_tag","embeddable":true,"href":"https:\/\/ceoparts.com\/fr\/wp-json\/wp\/v2\/product_tag?post=11956"}],"curies":[{"name":"wp","href":"https:\/\/api.w.org\/{rel}","templated":true}]}}