{"id":11978,"date":"2024-11-12T09:50:39","date_gmt":"2024-11-12T06:50:39","guid":{"rendered":"https:\/\/ceoparts.com\/?post_type=product&#038;p=11978"},"modified":"2026-05-16T14:33:45","modified_gmt":"2026-05-16T11:33:45","slug":"230x70-82-65-msl-yuruyus-tekeri-108987","status":"publish","type":"product","link":"https:\/\/ceoparts.com\/fr\/urun\/230x70-82-65-msl-yuruyus-tekeri-108987\/","title":{"rendered":"230&#215;70\/82-65 MSL Roue de marche &#8211; 108987"},"content":{"rendered":"<p>230&#215;70\/82-65 MSL Roue de marche &#8211; 108987<\/p>\n<p>NISSAN, ATLET, LAFIS: 108987<\/p>\n<p><strong>PLL, PSD, PSL, PLE,\u00a0<span style=\"font-family: Arial+1;\">PS, PSH<\/span><\/strong><\/p>","protected":false},"excerpt":{"rendered":"<p data-start=\"0\" data-end=\"335\"><br data-start=\"2714\" data-end=\"2717\" \/>Roue de manutention 230\u00d770\/82-65 MSL Athlete est une roue durable et performante utilis\u00e9e dans les chariots \u00e9l\u00e9vateurs et gerbeurs. Fabriqu\u00e9e avec la technologie MSL, elle offre une haute r\u00e9sistance \u00e0 l\u2019usure et une longue dur\u00e9e de vie. Le design Athlete offre une excellente maniabilit\u00e9 et stabilit\u00e9, garantissant un d\u00e9placement s\u00e9curis\u00e9 pendant l\u2019op\u00e9ration.<\/p>\n<p data-start=\"3078\" data-end=\"3455\"><strong data-start=\"3078\" data-end=\"3100\">Caract\u00e9ristiques :<\/strong><br data-start=\"3100\" data-end=\"3103\" \/><strong data-start=\"3103\" data-end=\"3123\">Nom du produit :<\/strong> Roue de manutention 230\u00d770\/82-65 MSL Athlete<br data-start=\"3168\" data-end=\"3171\" \/><strong data-start=\"3171\" data-end=\"3187\">Code pi\u00e8ce :<\/strong> 108987<br data-start=\"3194\" data-end=\"3197\" \/><strong data-start=\"3197\" data-end=\"3211\">Mat\u00e9riau :<\/strong> Caoutchouc haute r\u00e9sistance et alliage m\u00e9tallique<br data-start=\"3261\" data-end=\"3264\" \/><strong data-start=\"3264\" data-end=\"3290\">Domaine d\u2019utilisation:<\/strong> Roue de manutention pour chariots \u00e9l\u00e9vateurs et gerbeurs<br data-start=\"3347\" data-end=\"3350\" \/><strong data-start=\"3350\" data-end=\"3363\">Avantage:<\/strong> Haute durabilit\u00e9, longue dur\u00e9e de vie, haute r\u00e9sistance \u00e0 l\u2019usure, maniabilit\u00e9 sup\u00e9rieure<\/p>\n<p data-start=\"3457\" data-end=\"3804\">\n","protected":false},"featured_media":11979,"template":"","meta":[],"product_brand":[],"product_cat":[262,265,395,397,193],"product_tag":[],"class_list":{"0":"post-11978","1":"product","2":"type-product","3":"status-publish","4":"has-post-thumbnail","6":"product_cat-atlet","7":"product_cat-yuruyus-tekeri-atlet","8":"product_cat-ceoparts","9":"product_cat-yuruyus-tekeri-ceo","10":"product_cat-yuruyus-tekeri","12":"first","13":"instock","14":"taxable","15":"shipping-taxable","16":"purchasable","17":"product-type-simple"},"_links":{"self":[{"href":"https:\/\/ceoparts.com\/fr\/wp-json\/wp\/v2\/product\/11978","targetHints":{"allow":["GET"]}}],"collection":[{"href":"https:\/\/ceoparts.com\/fr\/wp-json\/wp\/v2\/product"}],"about":[{"href":"https:\/\/ceoparts.com\/fr\/wp-json\/wp\/v2\/types\/product"}],"wp:featuredmedia":[{"embeddable":true,"href":"https:\/\/ceoparts.com\/fr\/wp-json\/wp\/v2\/media\/11979"}],"wp:attachment":[{"href":"https:\/\/ceoparts.com\/fr\/wp-json\/wp\/v2\/media?parent=11978"}],"wp:term":[{"taxonomy":"product_brand","embeddable":true,"href":"https:\/\/ceoparts.com\/fr\/wp-json\/wp\/v2\/product_brand?post=11978"},{"taxonomy":"product_cat","embeddable":true,"href":"https:\/\/ceoparts.com\/fr\/wp-json\/wp\/v2\/product_cat?post=11978"},{"taxonomy":"product_tag","embeddable":true,"href":"https:\/\/ceoparts.com\/fr\/wp-json\/wp\/v2\/product_tag?post=11978"}],"curies":[{"name":"wp","href":"https:\/\/api.w.org\/{rel}","templated":true}]}}