{"id":11983,"date":"2024-11-12T10:15:27","date_gmt":"2024-11-12T07:15:27","guid":{"rendered":"https:\/\/ceoparts.com\/?post_type=product&#038;p=11983"},"modified":"2026-05-16T15:09:12","modified_gmt":"2026-05-16T12:09:12","slug":"230x70-80-msl-yuruyus-tekeri-0009903807","status":"publish","type":"product","link":"https:\/\/ceoparts.com\/fr\/urun\/230x70-80-msl-yuruyus-tekeri-0009903807\/","title":{"rendered":"230X75-80 MSL Roue de marche 6B &#8211; 4494268, 0009903807"},"content":{"rendered":"<p>230X75-80 MSL Roue de marche 6B &#8211; 4494268, 0009903807<\/p>\n<p><span class=\"short_text\" lang=\"en\"><span class=\"hps\" title=\"Kliknij, aby wy\u015bwietli\u0107 alternatywne t\u0142umaczenia\"><span style=\"font-family: tim;\">EGV-S 330221\/330222<br \/>\nEGV-S LB 330229\/330230<\/span><\/span><\/span><\/p>\n<p>YALE<\/p>\n<p>HYSTER<\/p>\n<p>OM PIMESPO, BR VESTERGAARD<\/p>\n<p>0009903807, 8494268, 4494268, 95309172, 50983508934, 129TA9068<\/p>","protected":false},"excerpt":{"rendered":"<p data-start=\"0\" data-end=\"289\"><br data-start=\"2490\" data-end=\"2493\" \/>Roue de manutention 230\u00d775-80 MSL 6B est une roue durable et performante utilis\u00e9e dans les chariots \u00e9l\u00e9vateurs et gerbeurs. Fabriqu\u00e9e avec la technologie MSL, elle offre une haute r\u00e9sistance \u00e0 l\u2019usure et une longue dur\u00e9e de vie. Assure un d\u00e9placement stable et s\u00e9curis\u00e9 de la machine pendant l\u2019op\u00e9ration.<\/p>\n<p data-start=\"2799\" data-end=\"3177\"><strong data-start=\"2799\" data-end=\"2821\">Caract\u00e9ristiques :<\/strong><br data-start=\"2821\" data-end=\"2824\" \/><strong data-start=\"2824\" data-end=\"2844\">Nom du produit :<\/strong> Roue de manutention 230\u00d775-80 MSL 6B<br data-start=\"2881\" data-end=\"2884\" \/><strong data-start=\"2884\" data-end=\"2900\">Code pi\u00e8ce :<\/strong> 4494268, 0009903807<br data-start=\"2920\" data-end=\"2923\" \/><strong data-start=\"2923\" data-end=\"2937\">Mat\u00e9riau :<\/strong> Caoutchouc haute r\u00e9sistance et alliage m\u00e9tallique<br data-start=\"2987\" data-end=\"2990\" \/><strong data-start=\"2990\" data-end=\"3016\">Domaine d\u2019utilisation:<\/strong> Roue de manutention pour chariots \u00e9l\u00e9vateurs et gerbeurs<br data-start=\"3073\" data-end=\"3076\" \/><strong data-start=\"3076\" data-end=\"3089\">Avantage:<\/strong> Haute durabilit\u00e9, longue dur\u00e9e de vie, haute r\u00e9sistance \u00e0 l\u2019usure, d\u00e9placement stable<\/p>\n<p data-start=\"3179\" data-end=\"3457\">\n","protected":false},"featured_media":11984,"template":"","meta":[],"product_brand":[],"product_cat":[256,260,395,397,193],"product_tag":[],"class_list":{"0":"post-11983","1":"product","2":"type-product","3":"status-publish","4":"has-post-thumbnail","6":"product_cat-hyster","7":"product_cat-yuruyus-tekeri-hyster","8":"product_cat-ceoparts","9":"product_cat-yuruyus-tekeri-ceo","10":"product_cat-yuruyus-tekeri","12":"first","13":"instock","14":"taxable","15":"shipping-taxable","16":"purchasable","17":"product-type-simple"},"_links":{"self":[{"href":"https:\/\/ceoparts.com\/fr\/wp-json\/wp\/v2\/product\/11983","targetHints":{"allow":["GET"]}}],"collection":[{"href":"https:\/\/ceoparts.com\/fr\/wp-json\/wp\/v2\/product"}],"about":[{"href":"https:\/\/ceoparts.com\/fr\/wp-json\/wp\/v2\/types\/product"}],"wp:featuredmedia":[{"embeddable":true,"href":"https:\/\/ceoparts.com\/fr\/wp-json\/wp\/v2\/media\/11984"}],"wp:attachment":[{"href":"https:\/\/ceoparts.com\/fr\/wp-json\/wp\/v2\/media?parent=11983"}],"wp:term":[{"taxonomy":"product_brand","embeddable":true,"href":"https:\/\/ceoparts.com\/fr\/wp-json\/wp\/v2\/product_brand?post=11983"},{"taxonomy":"product_cat","embeddable":true,"href":"https:\/\/ceoparts.com\/fr\/wp-json\/wp\/v2\/product_cat?post=11983"},{"taxonomy":"product_tag","embeddable":true,"href":"https:\/\/ceoparts.com\/fr\/wp-json\/wp\/v2\/product_tag?post=11983"}],"curies":[{"name":"wp","href":"https:\/\/api.w.org\/{rel}","templated":true}]}}