{"id":11988,"date":"2024-11-12T10:34:05","date_gmt":"2024-11-12T07:34:05","guid":{"rendered":"https:\/\/ceoparts.com\/?post_type=product&#038;p=11988"},"modified":"2026-05-16T05:01:35","modified_gmt":"2026-05-16T02:01:35","slug":"250x100-80-msl-yuruyus-tekeri-4493241","status":"publish","type":"product","link":"https:\/\/ceoparts.com\/fr\/urun\/250x100-80-msl-yuruyus-tekeri-4493241\/","title":{"rendered":"250&#215;100-80 MSL Roue de marche &#8211; 4493241, 0009903813"},"content":{"rendered":"<p>250&#215;100-80 MSL Roue de marche &#8211; 4493241, 0009903813<\/p>\n<p><\/p>\n<p>CS 10M\/711041\/06-06<br \/>\nCS 16S\/711042\/06-06<br \/>\nCS 20\/711040\/06-06<br \/>\nCS 30Z\/711043\/06-06<br \/>\nCX-T\/711050\/01-08<br \/>\nCX20\/711044\/01-07<br \/>\nCXM 10\/711045\/01-07<br \/>\nCXS 16\/711046\/01-07<br \/>\nCXZ 30\/711047\/01-07<br \/>\nEXD S20\/710249\/01-07<br \/>\nEXU-S\/710148-710149\/01-07<\/p>","protected":false},"excerpt":{"rendered":"<p data-start=\"0\" data-end=\"265\"><br data-start=\"2389\" data-end=\"2392\" \/>Roue de manutention 250\u00d7100-80 MSL est une roue durable utilis\u00e9e dans les chariots \u00e9l\u00e9vateurs et gerbeurs. Fabriqu\u00e9e avec la technologie MSL, elle offre une haute r\u00e9sistance \u00e0 l\u2019usure et une longue dur\u00e9e de vie. Assure un d\u00e9placement stable et s\u00e9curis\u00e9 de la machine pendant l\u2019op\u00e9ration.<\/p>\n<p data-start=\"2681\" data-end=\"3057\"><strong data-start=\"2681\" data-end=\"2703\">Caract\u00e9ristiques :<\/strong><br data-start=\"2703\" data-end=\"2706\" \/><strong data-start=\"2706\" data-end=\"2726\">Nom du produit :<\/strong> Roue de manutention 250\u00d7100-80 MSL<br data-start=\"2761\" data-end=\"2764\" \/><strong data-start=\"2764\" data-end=\"2780\">Code pi\u00e8ce :<\/strong> 4493241, 0009903813<br data-start=\"2800\" data-end=\"2803\" \/><strong data-start=\"2803\" data-end=\"2817\">Mat\u00e9riau :<\/strong> Caoutchouc haute r\u00e9sistance et alliage m\u00e9tallique<br data-start=\"2867\" data-end=\"2870\" \/><strong data-start=\"2870\" data-end=\"2896\">Domaine d\u2019utilisation:<\/strong> Roue de manutention pour chariots \u00e9l\u00e9vateurs et gerbeurs<br data-start=\"2953\" data-end=\"2956\" \/><strong data-start=\"2956\" data-end=\"2969\">Avantage:<\/strong> Haute durabilit\u00e9, longue dur\u00e9e de vie, haute r\u00e9sistance \u00e0 l\u2019usure, d\u00e9placement stable<\/p>\n<p data-start=\"3059\" data-end=\"3313\">\n","protected":false},"featured_media":11989,"template":"","meta":[],"product_brand":[],"product_cat":[395,397,193],"product_tag":[],"class_list":{"0":"post-11988","1":"product","2":"type-product","3":"status-publish","4":"has-post-thumbnail","6":"product_cat-ceoparts","7":"product_cat-yuruyus-tekeri-ceo","8":"product_cat-yuruyus-tekeri","10":"first","11":"instock","12":"taxable","13":"shipping-taxable","14":"purchasable","15":"product-type-simple"},"_links":{"self":[{"href":"https:\/\/ceoparts.com\/fr\/wp-json\/wp\/v2\/product\/11988","targetHints":{"allow":["GET"]}}],"collection":[{"href":"https:\/\/ceoparts.com\/fr\/wp-json\/wp\/v2\/product"}],"about":[{"href":"https:\/\/ceoparts.com\/fr\/wp-json\/wp\/v2\/types\/product"}],"wp:featuredmedia":[{"embeddable":true,"href":"https:\/\/ceoparts.com\/fr\/wp-json\/wp\/v2\/media\/11989"}],"wp:attachment":[{"href":"https:\/\/ceoparts.com\/fr\/wp-json\/wp\/v2\/media?parent=11988"}],"wp:term":[{"taxonomy":"product_brand","embeddable":true,"href":"https:\/\/ceoparts.com\/fr\/wp-json\/wp\/v2\/product_brand?post=11988"},{"taxonomy":"product_cat","embeddable":true,"href":"https:\/\/ceoparts.com\/fr\/wp-json\/wp\/v2\/product_cat?post=11988"},{"taxonomy":"product_tag","embeddable":true,"href":"https:\/\/ceoparts.com\/fr\/wp-json\/wp\/v2\/product_tag?post=11988"}],"curies":[{"name":"wp","href":"https:\/\/api.w.org\/{rel}","templated":true}]}}