{"id":11993,"date":"2024-11-12T10:38:24","date_gmt":"2024-11-12T07:38:24","guid":{"rendered":"https:\/\/ceoparts.com\/?post_type=product&#038;p=11993"},"modified":"2026-05-16T13:37:21","modified_gmt":"2026-05-16T10:37:21","slug":"285x100-msl-yuk-tekeri-0029903807-0009903910","status":"publish","type":"product","link":"https:\/\/ceoparts.com\/fr\/urun\/285x100-msl-yuk-tekeri-0029903807-0009903910\/","title":{"rendered":"285&#215;100 MSL Roulettes charge &#8211; 0029903807 \/ 0009903910"},"content":{"rendered":"<p>285&#215;100 MSL Roulettes charge &#8211; 0029903807 \/ 0009903910<\/p>\n<p><\/p>\n<p>Linde 285&#215;100\u00a0 0029902329, 0029903807<\/p>\n<p>Linde R10\/12\/14 Seria 115 C,<\/p>\n<p>Linde R14\/16\/20 Seria 115-02,<\/p>\n<p>Linde R14\/16\/20 Seria 113<\/p>","protected":false},"excerpt":{"rendered":"<p data-start=\"0\" data-end=\"284\"><br data-start=\"2341\" data-end=\"2344\" \/>La <strong data-start=\"2347\" data-end=\"2401\">roue de charge 285&#215;100 MSL 0029903807 \/ 0009903910<\/strong> est une roue de rechange de haute qualit\u00e9 utilis\u00e9e dans les chariots \u00e9l\u00e9vateurs, con\u00e7ue pour une grande durabilit\u00e9 et pour am\u00e9liorer la capacit\u00e9 de charge du chariot. Sa construction robuste assure une longue dur\u00e9e de vie et soutient la stabilit\u00e9 du chariot.<\/p>\n<p data-start=\"2662\" data-end=\"2982\"><strong data-start=\"2662\" data-end=\"2684\">Caract\u00e9ristiques :<\/strong><br data-start=\"2684\" data-end=\"2687\" \/><strong data-start=\"2687\" data-end=\"2707\">Nom du produit :<\/strong> Roue de charge 285&#215;100 MSL<br data-start=\"2734\" data-end=\"2737\" \/><strong data-start=\"2737\" data-end=\"2752\">R\u00e9f\u00e9rence :<\/strong> 0029903807 \/ 0009903910<br data-start=\"2776\" data-end=\"2779\" \/><strong data-start=\"2779\" data-end=\"2793\">Mat\u00e9riau :<\/strong> Caoutchouc durable et composants m\u00e9talliques<br data-start=\"2838\" data-end=\"2841\" \/><strong data-start=\"2841\" data-end=\"2865\">Zone d\u2019utilisation :<\/strong> Syst\u00e8mes de charge de chariots \u00e9l\u00e9vateurs<br data-start=\"2907\" data-end=\"2910\" \/><strong data-start=\"2910\" data-end=\"2924\">Avantage :<\/strong> Grande durabilit\u00e9, conduite stable, longue dur\u00e9e de vie<\/p>\n<p data-start=\"2984\" data-end=\"3297\">\n","protected":false},"featured_media":12012,"template":"","meta":[],"product_brand":[],"product_cat":[246,250,395,399,194],"product_tag":[],"class_list":{"0":"post-11993","1":"product","2":"type-product","3":"status-publish","4":"has-post-thumbnail","6":"product_cat-linde","7":"product_cat-yuk-tekeri-linde","8":"product_cat-ceoparts","9":"product_cat-yuk-tekeri-ceo","10":"product_cat-yuk-tekeri","12":"first","13":"instock","14":"taxable","15":"shipping-taxable","16":"purchasable","17":"product-type-simple"},"_links":{"self":[{"href":"https:\/\/ceoparts.com\/fr\/wp-json\/wp\/v2\/product\/11993","targetHints":{"allow":["GET"]}}],"collection":[{"href":"https:\/\/ceoparts.com\/fr\/wp-json\/wp\/v2\/product"}],"about":[{"href":"https:\/\/ceoparts.com\/fr\/wp-json\/wp\/v2\/types\/product"}],"wp:featuredmedia":[{"embeddable":true,"href":"https:\/\/ceoparts.com\/fr\/wp-json\/wp\/v2\/media\/12012"}],"wp:attachment":[{"href":"https:\/\/ceoparts.com\/fr\/wp-json\/wp\/v2\/media?parent=11993"}],"wp:term":[{"taxonomy":"product_brand","embeddable":true,"href":"https:\/\/ceoparts.com\/fr\/wp-json\/wp\/v2\/product_brand?post=11993"},{"taxonomy":"product_cat","embeddable":true,"href":"https:\/\/ceoparts.com\/fr\/wp-json\/wp\/v2\/product_cat?post=11993"},{"taxonomy":"product_tag","embeddable":true,"href":"https:\/\/ceoparts.com\/fr\/wp-json\/wp\/v2\/product_tag?post=11993"}],"curies":[{"name":"wp","href":"https:\/\/api.w.org\/{rel}","templated":true}]}}