{"id":11998,"date":"2024-11-12T10:42:29","date_gmt":"2024-11-12T07:42:29","guid":{"rendered":"https:\/\/ceoparts.com\/?post_type=product&#038;p=11998"},"modified":"2026-05-16T12:14:46","modified_gmt":"2026-05-16T09:14:46","slug":"285x100-msl-yuk-tekeri-4021574","status":"publish","type":"product","link":"https:\/\/ceoparts.com\/fr\/urun\/285x100-msl-yuk-tekeri-4021574\/","title":{"rendered":"285&#215;100 MSL Roulettes charge &#8211; 4021574, 550044345"},"content":{"rendered":"<div class=\"wpb-content-wrapper\"><p>285&#215;100 MSL Roulettes charge &#8211; 4021574, 550044345<\/p>\n<p>[vc_row][vc_column][vc_column_text css=&#8221;&#8221; woodmart_inline=&#8221;no&#8221; text_larger=&#8221;no&#8221;][\/vc_column_text][\/vc_column][\/vc_row]<\/p>\n<\/div>","protected":false},"excerpt":{"rendered":"<p data-start=\"0\" data-end=\"320\"><br data-start=\"2627\" data-end=\"2630\" \/>Roue de charge 285\u00d7100 MSL \u00c9toile est une roue de charge de haute qualit\u00e9 utilis\u00e9e dans les chariots \u00e9l\u00e9vateurs et gerbeurs. Fabriqu\u00e9e avec la technologie MSL, sa structure durable et sa haute r\u00e9sistance \u00e0 l\u2019usure offrent une grande capacit\u00e9 de charge. Le design en \u00e9toile augmente la stabilit\u00e9 et assure un d\u00e9placement s\u00e9curis\u00e9 pendant l\u2019op\u00e9ration.<\/p>\n<p data-start=\"2981\" data-end=\"3348\"><strong data-start=\"2981\" data-end=\"3003\">Caract\u00e9ristiques :<\/strong><br data-start=\"3003\" data-end=\"3006\" \/><strong data-start=\"3006\" data-end=\"3026\">Nom du produit :<\/strong> Roue de charge 285\u00d7100 MSL \u00c9toile<br data-start=\"3060\" data-end=\"3063\" \/><strong data-start=\"3063\" data-end=\"3079\">Code pi\u00e8ce :<\/strong> 4021574, 550044345<br data-start=\"3098\" data-end=\"3101\" \/><strong data-start=\"3101\" data-end=\"3115\">Mat\u00e9riau :<\/strong> Caoutchouc haute r\u00e9sistance et alliage m\u00e9tallique<br data-start=\"3165\" data-end=\"3168\" \/><strong data-start=\"3168\" data-end=\"3194\">Domaine d\u2019utilisation:<\/strong> Roue de charge pour chariots \u00e9l\u00e9vateurs et gerbeurs<br data-start=\"3246\" data-end=\"3249\" \/><strong data-start=\"3249\" data-end=\"3262\">Avantage:<\/strong> Haute durabilit\u00e9, longue dur\u00e9e de vie, haute r\u00e9sistance \u00e0 l\u2019usure, stabilit\u00e9 accrue<\/p>\n<p data-start=\"3350\" data-end=\"3697\">\n","protected":false},"featured_media":11999,"template":"","meta":[],"product_brand":[],"product_cat":[395,399,194],"product_tag":[],"class_list":{"0":"post-11998","1":"product","2":"type-product","3":"status-publish","4":"has-post-thumbnail","6":"product_cat-ceoparts","7":"product_cat-yuk-tekeri-ceo","8":"product_cat-yuk-tekeri","10":"first","11":"instock","12":"taxable","13":"shipping-taxable","14":"purchasable","15":"product-type-simple"},"_links":{"self":[{"href":"https:\/\/ceoparts.com\/fr\/wp-json\/wp\/v2\/product\/11998","targetHints":{"allow":["GET"]}}],"collection":[{"href":"https:\/\/ceoparts.com\/fr\/wp-json\/wp\/v2\/product"}],"about":[{"href":"https:\/\/ceoparts.com\/fr\/wp-json\/wp\/v2\/types\/product"}],"wp:featuredmedia":[{"embeddable":true,"href":"https:\/\/ceoparts.com\/fr\/wp-json\/wp\/v2\/media\/11999"}],"wp:attachment":[{"href":"https:\/\/ceoparts.com\/fr\/wp-json\/wp\/v2\/media?parent=11998"}],"wp:term":[{"taxonomy":"product_brand","embeddable":true,"href":"https:\/\/ceoparts.com\/fr\/wp-json\/wp\/v2\/product_brand?post=11998"},{"taxonomy":"product_cat","embeddable":true,"href":"https:\/\/ceoparts.com\/fr\/wp-json\/wp\/v2\/product_cat?post=11998"},{"taxonomy":"product_tag","embeddable":true,"href":"https:\/\/ceoparts.com\/fr\/wp-json\/wp\/v2\/product_tag?post=11998"}],"curies":[{"name":"wp","href":"https:\/\/api.w.org\/{rel}","templated":true}]}}