{"id":12007,"date":"2024-11-12T11:13:39","date_gmt":"2024-11-12T08:13:39","guid":{"rendered":"https:\/\/ceoparts.com\/?post_type=product&#038;p=12007"},"modified":"2026-05-16T12:46:02","modified_gmt":"2026-05-16T09:46:02","slug":"350x140-80-7b-msl-yuruyus-tekeri-201332","status":"publish","type":"product","link":"https:\/\/ceoparts.com\/fr\/urun\/350x140-80-7b-msl-yuruyus-tekeri-201332\/","title":{"rendered":"350&#215;140-80 7B MSL Roue de marche &#8211; 201332"},"content":{"rendered":"<p>350&#215;140-80 7B MSL Roue de marche &#8211; 201332<\/p>\n<p>201332\u00a0\u00a0 350&#215;120\/140&#215;80<\/p>\n<p>RRE 140<br \/>\nRRE 140C<br \/>\nRRE 140E<br \/>\nRRE 140EC<br \/>\nRRE 160<br \/>\nRRE 160C<br \/>\nRRE 160E<br \/>\nRRE 160EC<br \/>\nLRE 300<br \/>\nLRE 300T<\/p>","protected":false},"excerpt":{"rendered":"<p data-start=\"0\" data-end=\"337\"><br data-start=\"2643\" data-end=\"2646\" \/>Roue de manutention 350\u00d7140-80 7B MSL est une roue robuste utilis\u00e9e dans les chariots \u00e9l\u00e9vateurs et gerbeurs. Sa structure solide et ses mat\u00e9riaux de qualit\u00e9 offrent une grande capacit\u00e9 de charge. Fabriqu\u00e9e avec la technologie MSL, elle offre une haute r\u00e9sistance \u00e0 l\u2019usure et une longue dur\u00e9e de vie. Assure un d\u00e9placement stable et s\u00e9curis\u00e9 pendant l\u2019op\u00e9ration.<\/p>\n<p data-start=\"3011\" data-end=\"3377\"><strong data-start=\"3011\" data-end=\"3033\">Caract\u00e9ristiques :<\/strong><br data-start=\"3033\" data-end=\"3036\" \/><strong data-start=\"3036\" data-end=\"3056\">Nom du produit :<\/strong> Roue de manutention 350\u00d7140-80 7B MSL<br data-start=\"3094\" data-end=\"3097\" \/><strong data-start=\"3097\" data-end=\"3113\">Code pi\u00e8ce :<\/strong> 201332<br data-start=\"3120\" data-end=\"3123\" \/><strong data-start=\"3123\" data-end=\"3137\">Mat\u00e9riau :<\/strong> Caoutchouc haute r\u00e9sistance et alliage m\u00e9tallique<br data-start=\"3187\" data-end=\"3190\" \/><strong data-start=\"3190\" data-end=\"3216\">Domaine d\u2019utilisation:<\/strong> Roue de manutention pour chariots \u00e9l\u00e9vateurs et gerbeurs<br data-start=\"3273\" data-end=\"3276\" \/><strong data-start=\"3276\" data-end=\"3289\">Avantage:<\/strong> Haute durabilit\u00e9, longue dur\u00e9e de vie, haute r\u00e9sistance \u00e0 l\u2019usure, d\u00e9placement stable<\/p>\n<p data-start=\"3379\" data-end=\"3722\">\n","protected":false},"featured_media":12008,"template":"","meta":[],"product_brand":[],"product_cat":[395,397,193],"product_tag":[],"class_list":{"0":"post-12007","1":"product","2":"type-product","3":"status-publish","4":"has-post-thumbnail","6":"product_cat-ceoparts","7":"product_cat-yuruyus-tekeri-ceo","8":"product_cat-yuruyus-tekeri","10":"first","11":"instock","12":"taxable","13":"shipping-taxable","14":"purchasable","15":"product-type-simple"},"_links":{"self":[{"href":"https:\/\/ceoparts.com\/fr\/wp-json\/wp\/v2\/product\/12007","targetHints":{"allow":["GET"]}}],"collection":[{"href":"https:\/\/ceoparts.com\/fr\/wp-json\/wp\/v2\/product"}],"about":[{"href":"https:\/\/ceoparts.com\/fr\/wp-json\/wp\/v2\/types\/product"}],"wp:featuredmedia":[{"embeddable":true,"href":"https:\/\/ceoparts.com\/fr\/wp-json\/wp\/v2\/media\/12008"}],"wp:attachment":[{"href":"https:\/\/ceoparts.com\/fr\/wp-json\/wp\/v2\/media?parent=12007"}],"wp:term":[{"taxonomy":"product_brand","embeddable":true,"href":"https:\/\/ceoparts.com\/fr\/wp-json\/wp\/v2\/product_brand?post=12007"},{"taxonomy":"product_cat","embeddable":true,"href":"https:\/\/ceoparts.com\/fr\/wp-json\/wp\/v2\/product_cat?post=12007"},{"taxonomy":"product_tag","embeddable":true,"href":"https:\/\/ceoparts.com\/fr\/wp-json\/wp\/v2\/product_tag?post=12007"}],"curies":[{"name":"wp","href":"https:\/\/api.w.org\/{rel}","templated":true}]}}