{"id":12040,"date":"2024-12-17T18:47:06","date_gmt":"2024-12-17T15:47:06","guid":{"rendered":"https:\/\/ceoparts.com\/?post_type=product&#038;p=12040"},"modified":"2026-05-16T19:52:01","modified_gmt":"2026-05-16T16:52:01","slug":"125x50-54-20-stellana-vulkolan-eks-denge-tekeri-156259","status":"publish","type":"product","link":"https:\/\/ceoparts.com\/fr\/urun\/125x50-54-20-stellana-vulkolan-eks-denge-tekeri-156259\/","title":{"rendered":"125&#215;50\/54-20 Stellana Vulkollan Roues D&#8217;\u00e9quilibre &#8211; 156259"},"content":{"rendered":"<p>125&#215;50\/54-20 Stellana Vulkollan Roues D&#8217;\u00e9quilibre &#8211; 156259<\/p>\n<p>MO 15<\/p>\n<p>PPO 1500MX<\/p>\n<p>MPH 16<br \/>\nMPL 10<br \/>\nMPL 12<br \/>\nMPL 12 F<br \/>\nMPL 16D<\/p>\n<p>PPH 1600 MX<\/p>\n<p>PPS 1000 MX<br \/>\nPPS 1200 MX<br \/>\nPPS 1200MXF<br \/>\nPPS 1600 MXD<\/p>\n<p>S12 F<br \/>\nS16 D<\/p>\n<p>SWE 080 L<br \/>\nSWE100 STAXIO<br \/>\nSWE 120 IKEA<br \/>\nSWE 120 STAXIO<br \/>\nSWE 120 L<br \/>\nSWE 120 LIKEA<br \/>\nSWE 140 STAXIO<br \/>\nSWE 140 L STAXIO<br \/>\nSWE 160 D IKEA<br \/>\nSWE 160D<br \/>\nSWE 200 D IKEA<br \/>\nSWE 200 D<\/p>\n<p>LWE 140 LEVIO<br \/>\nLWE 160LEVIO<br \/>\nLWE 180<br \/>\nLWE 180 LEVIO<br \/>\nLWE 200<br \/>\nLWE 200 N<br \/>\nLWE 250LEVIO<\/p>\n<p>MP 14 C<br \/>\nMP 14<br \/>\nMP 16<br \/>\nMP 20<br \/>\nMP 20L<\/p>\n<p>PPL 2000 MX<\/p>\n<p>PPT 1400 C<br \/>\nPPT 1400 MX<br \/>\nPPT 1400MXC<br \/>\nPPT 1600 MX<br \/>\nPPT 1800 MMD<br \/>\nPPT 2000 MX<br \/>\nPPT 2000MMD<\/p>\n<p>W18 ORION<br \/>\nW20 ORION<br \/>\nW20 N<\/p>","protected":false},"excerpt":{"rendered":"<p data-start=\"0\" data-end=\"325\"><br data-start=\"2555\" data-end=\"2558\" \/>Roue stabilisatrice Stellana Vulkollan EKS 125\u00d750\/54-20, roue stabilisatrice de haute qualit\u00e9 utilis\u00e9e dans les chariots \u00e9l\u00e9vateurs et gerbeurs pour assurer l\u2019\u00e9quilibre. Fabriqu\u00e9e en vulkolan durable, elle offre une longue dur\u00e9e de vie et une haute r\u00e9sistance au frottement. Assure un d\u00e9placement stable et s\u00e9curis\u00e9 de la machine pendant l\u2019op\u00e9ration.<\/p>\n<p data-start=\"2910\" data-end=\"3258\"><strong data-start=\"2910\" data-end=\"2932\">Caract\u00e9ristiques :<\/strong><br data-start=\"2932\" data-end=\"2935\" \/><strong data-start=\"2935\" data-end=\"2955\">Nom du produit :<\/strong> Roue stabilisatrice Stellana Vulkollan\u00a0 125\u00d750\/54-20<br data-start=\"3011\" data-end=\"3014\" \/><strong data-start=\"3014\" data-end=\"3030\">Code pi\u00e8ce :<\/strong> 156259<br data-start=\"3037\" data-end=\"3040\" \/><strong data-start=\"3040\" data-end=\"3054\">Mat\u00e9riau :<\/strong> Vulkollan<br data-start=\"3064\" data-end=\"3067\" \/><strong data-start=\"3067\" data-end=\"3093\">Domaine d\u2019utilisation:<\/strong> Roue stabilisatrice pour chariots \u00e9l\u00e9vateurs et gerbeurs<br data-start=\"3150\" data-end=\"3153\" \/><strong data-start=\"3153\" data-end=\"3166\">Avantage:<\/strong> Haute durabilit\u00e9, longue dur\u00e9e de vie, haute r\u00e9sistance au frottement, d\u00e9placement stable<\/p>\n<p data-start=\"3260\" data-end=\"3604\">\n","protected":false},"featured_media":15097,"template":"","meta":[],"product_brand":[],"product_cat":[416,417,185],"product_tag":[],"class_list":{"0":"post-12040","1":"product","2":"type-product","3":"status-publish","4":"has-post-thumbnail","6":"product_cat-stellana","7":"product_cat-denge-tekeri-stellana","8":"product_cat-denge-tekeri","10":"first","11":"instock","12":"taxable","13":"shipping-taxable","14":"purchasable","15":"product-type-simple"},"_links":{"self":[{"href":"https:\/\/ceoparts.com\/fr\/wp-json\/wp\/v2\/product\/12040","targetHints":{"allow":["GET"]}}],"collection":[{"href":"https:\/\/ceoparts.com\/fr\/wp-json\/wp\/v2\/product"}],"about":[{"href":"https:\/\/ceoparts.com\/fr\/wp-json\/wp\/v2\/types\/product"}],"wp:featuredmedia":[{"embeddable":true,"href":"https:\/\/ceoparts.com\/fr\/wp-json\/wp\/v2\/media\/15097"}],"wp:attachment":[{"href":"https:\/\/ceoparts.com\/fr\/wp-json\/wp\/v2\/media?parent=12040"}],"wp:term":[{"taxonomy":"product_brand","embeddable":true,"href":"https:\/\/ceoparts.com\/fr\/wp-json\/wp\/v2\/product_brand?post=12040"},{"taxonomy":"product_cat","embeddable":true,"href":"https:\/\/ceoparts.com\/fr\/wp-json\/wp\/v2\/product_cat?post=12040"},{"taxonomy":"product_tag","embeddable":true,"href":"https:\/\/ceoparts.com\/fr\/wp-json\/wp\/v2\/product_tag?post=12040"}],"curies":[{"name":"wp","href":"https:\/\/api.w.org\/{rel}","templated":true}]}}