{"id":12049,"date":"2024-12-18T09:15:49","date_gmt":"2024-12-18T06:15:49","guid":{"rendered":"https:\/\/ceoparts.com\/?post_type=product&#038;p=12049"},"modified":"2026-05-16T22:11:28","modified_gmt":"2026-05-16T19:11:28","slug":"150x50-50-20-stellana-vulkolan-denge-tekeri-171029","status":"publish","type":"product","link":"https:\/\/ceoparts.com\/fr\/urun\/150x50-50-20-stellana-vulkolan-denge-tekeri-171029\/","title":{"rendered":"150&#215;50\/50-20 Stellana Vulkollan Roues D&#8217;\u00e9quilibre &#8211; 171029"},"content":{"rendered":"<p>150&#215;50\/50-20 Stellana Vulkollan Roues D&#8217;\u00e9quilibre &#8211; 171029<\/p>\n<p><\/p>\n<div class=\"font12\">BT 171029<\/div>\n<div class=\"font12\"><\/div>\n<div class=\"font12\">\n<p>LPE 240<\/p>\n<p>P 24 ORION<\/p>\n<p>LR 2.0<br \/>\nLR 2.0 IKEA<br \/>\nLRE 200<\/p>\n<p>SR 1.35<br \/>\nSR 1.6<br \/>\nSR 1.6 L<br \/>\nSR 1.35 L<\/p>\n<p>SRE 135<br \/>\nSRE 135 L<br \/>\nSRE 160<br \/>\nSRE 160 L<\/p>\n<p>AL 24<\/p>\n<p>AS 14 S<br \/>\nAS 20<\/p>\n<p>LAE 240<\/p>\n<p>SAE 140 S<br \/>\nSAE 200<\/p>\n<\/div>\n<p><\/p>","protected":false},"excerpt":{"rendered":"<p data-start=\"0\" data-end=\"325\"><br data-start=\"2598\" data-end=\"2601\" \/>Roue stabilisatrice Stellana Vulkollan 150\u00d750\/50-20, roue stabilisatrice de haute qualit\u00e9 utilis\u00e9e dans les chariots \u00e9l\u00e9vateurs et gerbeurs pour assurer l\u2019\u00e9quilibre et la stabilit\u00e9. Fabriqu\u00e9e en vulkolan durable, elle offre une longue dur\u00e9e de vie et une haute r\u00e9sistance au frottement. Assure un d\u00e9placement stable de la machine pendant l\u2019op\u00e9ration.<\/p>\n<p data-start=\"2953\" data-end=\"3297\"><strong data-start=\"2953\" data-end=\"2975\">Caract\u00e9ristiques :<\/strong><br data-start=\"2975\" data-end=\"2978\" \/><strong data-start=\"2978\" data-end=\"2998\">Nom du produit :<\/strong> Roue stabilisatrice Stellana Vulkollan 150\u00d750\/50-20<br data-start=\"3050\" data-end=\"3053\" \/><strong data-start=\"3053\" data-end=\"3069\">Code pi\u00e8ce :<\/strong> 171029<br data-start=\"3076\" data-end=\"3079\" \/><strong data-start=\"3079\" data-end=\"3093\">Mat\u00e9riau :<\/strong> Vulkollan<br data-start=\"3103\" data-end=\"3106\" \/><strong data-start=\"3106\" data-end=\"3132\">Domaine d\u2019utilisation:<\/strong> Roue stabilisatrice pour chariots \u00e9l\u00e9vateurs et gerbeurs<br data-start=\"3189\" data-end=\"3192\" \/><strong data-start=\"3192\" data-end=\"3205\">Avantage:<\/strong> Haute durabilit\u00e9, longue dur\u00e9e de vie, haute r\u00e9sistance au frottement, d\u00e9placement stable<\/p>\n<p data-start=\"3299\" data-end=\"3642\">\n","protected":false},"featured_media":12051,"template":"","meta":[],"product_brand":[],"product_cat":[251,252,416,417,185],"product_tag":[],"class_list":{"0":"post-12049","1":"product","2":"type-product","3":"status-publish","4":"has-post-thumbnail","6":"product_cat-bt","7":"product_cat-denge-tekeri-bt","8":"product_cat-stellana","9":"product_cat-denge-tekeri-stellana","10":"product_cat-denge-tekeri","12":"first","13":"instock","14":"taxable","15":"shipping-taxable","16":"purchasable","17":"product-type-simple"},"_links":{"self":[{"href":"https:\/\/ceoparts.com\/fr\/wp-json\/wp\/v2\/product\/12049","targetHints":{"allow":["GET"]}}],"collection":[{"href":"https:\/\/ceoparts.com\/fr\/wp-json\/wp\/v2\/product"}],"about":[{"href":"https:\/\/ceoparts.com\/fr\/wp-json\/wp\/v2\/types\/product"}],"wp:featuredmedia":[{"embeddable":true,"href":"https:\/\/ceoparts.com\/fr\/wp-json\/wp\/v2\/media\/12051"}],"wp:attachment":[{"href":"https:\/\/ceoparts.com\/fr\/wp-json\/wp\/v2\/media?parent=12049"}],"wp:term":[{"taxonomy":"product_brand","embeddable":true,"href":"https:\/\/ceoparts.com\/fr\/wp-json\/wp\/v2\/product_brand?post=12049"},{"taxonomy":"product_cat","embeddable":true,"href":"https:\/\/ceoparts.com\/fr\/wp-json\/wp\/v2\/product_cat?post=12049"},{"taxonomy":"product_tag","embeddable":true,"href":"https:\/\/ceoparts.com\/fr\/wp-json\/wp\/v2\/product_tag?post=12049"}],"curies":[{"name":"wp","href":"https:\/\/api.w.org\/{rel}","templated":true}]}}