{"id":12059,"date":"2024-12-23T09:42:29","date_gmt":"2024-12-23T06:42:29","guid":{"rendered":"https:\/\/ceoparts.com\/?post_type=product&#038;p=12059"},"modified":"2026-05-16T13:29:16","modified_gmt":"2026-05-16T10:29:16","slug":"bt-eski-kasa-catal-mekanizmasi-bos-takim-tekerleksiz","status":"publish","type":"product","link":"https:\/\/ceoparts.com\/fr\/urun\/bt-eski-kasa-catal-mekanizmasi-bos-takim-tekerleksiz\/","title":{"rendered":"M\u00e9canisme de fourche BT Toyota LPE200 (Sans roues) &#8211; 7591742, 261271, 132523"},"content":{"rendered":"<p>M\u00e9canisme de fourche BT Toyota LPE200 (Sans roues) &#8211; 7591742, 261271, 132523<\/p>\n<p>BT 7591742, 261271<\/p>\n<p>BL LWE<\/p>","protected":false},"excerpt":{"rendered":"<p data-start=\"0\" data-end=\"326\"><br data-start=\"2668\" data-end=\"2671\" \/>Kit de m\u00e9canisme de fourche BT Toyota LPE200 (sans roues) est un ensemble de m\u00e9canisme de fourche sans roues utilis\u00e9 dans les chariots \u00e9l\u00e9vateurs et gerbeurs. Il offre une grande durabilit\u00e9 et fiabilit\u00e9 pour le levage et le transport des charges. Fabriqu\u00e9 \u00e0 partir de mat\u00e9riaux de qualit\u00e9, il am\u00e9liore la performance du chariot avec sa conception robuste et durable.<\/p>\n<p data-start=\"3038\" data-end=\"3401\"><strong data-start=\"3038\" data-end=\"3060\">Caract\u00e9ristiques :<\/strong><br data-start=\"3060\" data-end=\"3063\" \/><strong data-start=\"3063\" data-end=\"3083\">Nom du produit :<\/strong> Kit de m\u00e9canisme de fourche BT Toyota LPE200 (sans roues)<br data-start=\"3140\" data-end=\"3143\" \/><strong data-start=\"3143\" data-end=\"3159\">Code pi\u00e8ce :<\/strong> 7591742, 261271, 132523<br data-start=\"3183\" data-end=\"3186\" \/><strong data-start=\"3186\" data-end=\"3200\">Mat\u00e9riau :<\/strong> Alliage m\u00e9tallique haute r\u00e9sistance<br data-start=\"3236\" data-end=\"3239\" \/><strong data-start=\"3239\" data-end=\"3265\">Domaine d\u2019utilisation:<\/strong> M\u00e9canisme de fourche BT Toyota LPE200<br data-start=\"3302\" data-end=\"3305\" \/><strong data-start=\"3305\" data-end=\"3318\">Avantage:<\/strong> Grande durabilit\u00e9, structure robuste, longue dur\u00e9e de vie, conception sans roues<\/p>\n<p data-start=\"3403\" data-end=\"3757\">\n","protected":false},"featured_media":13688,"template":"","meta":[],"product_brand":[],"product_cat":[251,406,407,521,531],"product_tag":[],"class_list":{"0":"post-12059","1":"product","2":"type-product","3":"status-publish","4":"has-post-thumbnail","6":"product_cat-bt","7":"product_cat-catal-mekanizma","8":"product_cat-bt-catal-mekanizmalari","9":"product_cat-toyota","10":"product_cat-mekanizmalar-toyota","12":"first","13":"instock","14":"taxable","15":"shipping-taxable","16":"purchasable","17":"product-type-simple"},"_links":{"self":[{"href":"https:\/\/ceoparts.com\/fr\/wp-json\/wp\/v2\/product\/12059","targetHints":{"allow":["GET"]}}],"collection":[{"href":"https:\/\/ceoparts.com\/fr\/wp-json\/wp\/v2\/product"}],"about":[{"href":"https:\/\/ceoparts.com\/fr\/wp-json\/wp\/v2\/types\/product"}],"wp:featuredmedia":[{"embeddable":true,"href":"https:\/\/ceoparts.com\/fr\/wp-json\/wp\/v2\/media\/13688"}],"wp:attachment":[{"href":"https:\/\/ceoparts.com\/fr\/wp-json\/wp\/v2\/media?parent=12059"}],"wp:term":[{"taxonomy":"product_brand","embeddable":true,"href":"https:\/\/ceoparts.com\/fr\/wp-json\/wp\/v2\/product_brand?post=12059"},{"taxonomy":"product_cat","embeddable":true,"href":"https:\/\/ceoparts.com\/fr\/wp-json\/wp\/v2\/product_cat?post=12059"},{"taxonomy":"product_tag","embeddable":true,"href":"https:\/\/ceoparts.com\/fr\/wp-json\/wp\/v2\/product_tag?post=12059"}],"curies":[{"name":"wp","href":"https:\/\/api.w.org\/{rel}","templated":true}]}}