{"id":12077,"date":"2024-12-24T15:53:08","date_gmt":"2024-12-24T12:53:08","guid":{"rendered":"https:\/\/ceoparts.com\/?post_type=product&#038;p=12077"},"modified":"2026-05-16T22:11:26","modified_gmt":"2026-05-16T19:11:26","slug":"85x90-90-tellure-rota-yuk-tekeri-yale-272030100","status":"publish","type":"product","link":"https:\/\/ceoparts.com\/fr\/urun\/85x90-90-tellure-rota-yuk-tekeri-yale-272030100\/","title":{"rendered":"85&#215;90\/90 Tellure Rota Roulettes Charge &#8211; YALE 272030100"},"content":{"rendered":"<p>85&#215;90\/90 Tellure Rota Roulettes Charge &#8211; YALE 272030100<\/p>","protected":false},"excerpt":{"rendered":"<p data-start=\"0\" data-end=\"327\"><br data-start=\"2392\" data-end=\"2395\" \/>Roue de charge Tellure Rota 85\u00d790\/90, sp\u00e9cialement con\u00e7ue pour les mod\u00e8les de chariots \u00e9l\u00e9vateurs YALE. Fabriqu\u00e9e en vulkolan durable, elle offre une grande capacit\u00e9 de charge et une longue dur\u00e9e de vie. Sa haute r\u00e9sistance au frottement am\u00e9liore la stabilit\u00e9 du chariot \u00e9l\u00e9vateur et assure une op\u00e9ration s\u00e9curis\u00e9e.<\/p>\n<p data-start=\"2712\" data-end=\"3016\"><strong data-start=\"2712\" data-end=\"2734\">Caract\u00e9ristiques :<\/strong><br data-start=\"2734\" data-end=\"2737\" \/><strong data-start=\"2737\" data-end=\"2757\">Nom du produit :<\/strong> Roue de charge Tellure Rota 85\u00d790\/90<br data-start=\"2794\" data-end=\"2797\" \/><strong data-start=\"2797\" data-end=\"2813\">Code pi\u00e8ce :<\/strong> YALE 272030100<br data-start=\"2828\" data-end=\"2831\" \/><strong data-start=\"2831\" data-end=\"2845\">Mat\u00e9riau :<\/strong> Vulkolan<br data-start=\"2854\" data-end=\"2857\" \/><strong data-start=\"2857\" data-end=\"2883\">Domaine d\u2019utilisation:<\/strong> Roue de charge pour chariots \u00e9l\u00e9vateurs YALE<br data-start=\"2928\" data-end=\"2931\" \/><strong data-start=\"2931\" data-end=\"2944\">Avantage:<\/strong> Grande durabilit\u00e9, longue dur\u00e9e de vie, friction et stabilit\u00e9 accrues<\/p>\n<p data-start=\"3018\" data-end=\"3324\">\n","protected":false},"featured_media":15067,"template":"","meta":[],"product_brand":[],"product_cat":[400,412,430],"product_tag":[],"class_list":{"0":"post-12077","1":"product","2":"type-product","3":"status-publish","4":"has-post-thumbnail","6":"product_cat-catal-tekeri","7":"product_cat-tellure-rota","8":"product_cat-catal-tekeri-rota","10":"first","11":"instock","12":"taxable","13":"shipping-taxable","14":"purchasable","15":"product-type-simple"},"_links":{"self":[{"href":"https:\/\/ceoparts.com\/fr\/wp-json\/wp\/v2\/product\/12077","targetHints":{"allow":["GET"]}}],"collection":[{"href":"https:\/\/ceoparts.com\/fr\/wp-json\/wp\/v2\/product"}],"about":[{"href":"https:\/\/ceoparts.com\/fr\/wp-json\/wp\/v2\/types\/product"}],"wp:featuredmedia":[{"embeddable":true,"href":"https:\/\/ceoparts.com\/fr\/wp-json\/wp\/v2\/media\/15067"}],"wp:attachment":[{"href":"https:\/\/ceoparts.com\/fr\/wp-json\/wp\/v2\/media?parent=12077"}],"wp:term":[{"taxonomy":"product_brand","embeddable":true,"href":"https:\/\/ceoparts.com\/fr\/wp-json\/wp\/v2\/product_brand?post=12077"},{"taxonomy":"product_cat","embeddable":true,"href":"https:\/\/ceoparts.com\/fr\/wp-json\/wp\/v2\/product_cat?post=12077"},{"taxonomy":"product_tag","embeddable":true,"href":"https:\/\/ceoparts.com\/fr\/wp-json\/wp\/v2\/product_tag?post=12077"}],"curies":[{"name":"wp","href":"https:\/\/api.w.org\/{rel}","templated":true}]}}