{"id":12085,"date":"2024-12-27T09:48:42","date_gmt":"2024-12-27T06:48:42","guid":{"rendered":"https:\/\/ceoparts.com\/?post_type=product&#038;p=12085"},"modified":"2026-05-16T23:42:43","modified_gmt":"2026-05-16T20:42:43","slug":"39-x-16-mm-ere-120-catal-mekanizma-burcu-51450582","status":"publish","type":"product","link":"https:\/\/ceoparts.com\/fr\/urun\/39-x-16-mm-ere-120-catal-mekanizma-burcu-51450582\/","title":{"rendered":"39&#215;16 mm ERE 120 Douille du m\u00e9canisme de fourche &#8211; 51450582"},"content":{"rendered":"<p>39&#215;16 mm ERE 120 Douille du m\u00e9canisme de fourche &#8211; 51450582<\/p>\n<p>Jungheinrich 51450582<\/p>\n<p>ERC 215a 11.12 &#8211;<br \/>\nERE 120 \/ 125 \/ 225 10.16 &#8211;<br \/>\nERE 120 \/ 125 \/ 225 (ABD) 10.16 &#8211;<br \/>\nEJE 114 \/ 116 \/ 118 \/ 120 3.18 &#8211;<br \/>\nEJE 120 ABD 3.18 &#8211;<br \/>\nPW23P 3.18 &#8211;<br \/>\n2WP4500 3,18 &#8211;<br \/>\nEJE 222\/225 8,18 &#8211;<br \/>\nEJE 225 (ABD) 8,18 &#8211;<br \/>\nPW30P 8,18 &#8211;<br \/>\n2WP6000 8,18 &#8211;<br \/>\nEJE C20 9,18 &#8211;<br \/>\nEJE C20 (ABD) 9,18 &#8211;<br \/>\nEJE 114-120 fvz 8.19 &#8211;<br \/>\nEJE 230-235 2.20 &#8211;<br \/>\nERE 225i 10.21 &#8211;<br \/>\nERE 225i (ABD) 10.21 &#8211;<\/p>","protected":false},"excerpt":{"rendered":"<p data-start=\"0\" data-end=\"418\"><br data-start=\"2918\" data-end=\"2921\" \/>La bague de m\u00e9canisme de fourche 39\u00d716 mm ERE 120 est une pi\u00e8ce robuste et sp\u00e9cialement con\u00e7ue utilis\u00e9e dans les syst\u00e8mes de fourches des chariots \u00e9l\u00e9vateurs et gerbeurs mod\u00e8le ERE 120 pour soutenir les connexions d\u2019axe des pi\u00e8ces mobiles et pr\u00e9venir l\u2019usure. Fabriqu\u00e9e en acier haute r\u00e9sistance, elle offre une excellente r\u00e9sistance \u00e0 la friction et aux chocs. Garantit un fonctionnement stable, silencieux et s\u00fbr.<\/p>\n<p data-start=\"3338\" data-end=\"3723\"><strong data-start=\"3338\" data-end=\"3360\">Caract\u00e9ristiques :<\/strong><br data-start=\"3360\" data-end=\"3363\" \/><strong data-start=\"3363\" data-end=\"3383\">Nom du produit :<\/strong> Bague de m\u00e9canisme de fourche 39\u00d716 mm ERE 120<br data-start=\"3430\" data-end=\"3433\" \/><strong data-start=\"3433\" data-end=\"3449\">Code pi\u00e8ce :<\/strong> 51450582<br data-start=\"3458\" data-end=\"3461\" \/><strong data-start=\"3461\" data-end=\"3475\">Mat\u00e9riau :<\/strong> Acier haute r\u00e9sistance<br data-start=\"3498\" data-end=\"3501\" \/><strong data-start=\"3501\" data-end=\"3527\">Domaine d\u2019utilisation:<\/strong> Connexions de m\u00e9canisme de fourche des chariots \u00e9l\u00e9vateurs et gerbeurs mod\u00e8le ERE 120<br data-start=\"3613\" data-end=\"3616\" \/><strong data-start=\"3616\" data-end=\"3629\">Avantage:<\/strong> R\u00e9sistante \u00e0 l\u2019usure et aux chocs, longue dur\u00e9e de vie, fonctionnement silencieux et stable<\/p>\n<p data-start=\"3725\" data-end=\"4147\">\n","protected":false},"featured_media":12263,"template":"","meta":[],"product_brand":[],"product_cat":[441,464,465],"product_tag":[],"class_list":{"0":"post-12085","1":"product","2":"type-product","3":"status-publish","4":"has-post-thumbnail","6":"product_cat-yedek-parca","7":"product_cat-burc-ve-mill-grubu","8":"product_cat-catal-burclari","10":"first","11":"instock","12":"taxable","13":"shipping-taxable","14":"purchasable","15":"product-type-simple"},"_links":{"self":[{"href":"https:\/\/ceoparts.com\/fr\/wp-json\/wp\/v2\/product\/12085","targetHints":{"allow":["GET"]}}],"collection":[{"href":"https:\/\/ceoparts.com\/fr\/wp-json\/wp\/v2\/product"}],"about":[{"href":"https:\/\/ceoparts.com\/fr\/wp-json\/wp\/v2\/types\/product"}],"wp:featuredmedia":[{"embeddable":true,"href":"https:\/\/ceoparts.com\/fr\/wp-json\/wp\/v2\/media\/12263"}],"wp:attachment":[{"href":"https:\/\/ceoparts.com\/fr\/wp-json\/wp\/v2\/media?parent=12085"}],"wp:term":[{"taxonomy":"product_brand","embeddable":true,"href":"https:\/\/ceoparts.com\/fr\/wp-json\/wp\/v2\/product_brand?post=12085"},{"taxonomy":"product_cat","embeddable":true,"href":"https:\/\/ceoparts.com\/fr\/wp-json\/wp\/v2\/product_cat?post=12085"},{"taxonomy":"product_tag","embeddable":true,"href":"https:\/\/ceoparts.com\/fr\/wp-json\/wp\/v2\/product_tag?post=12085"}],"curies":[{"name":"wp","href":"https:\/\/api.w.org\/{rel}","templated":true}]}}