{"id":12096,"date":"2024-12-27T10:52:47","date_gmt":"2024-12-27T07:52:47","guid":{"rendered":"https:\/\/ceoparts.com\/?post_type=product&#038;p=12096"},"modified":"2026-05-16T19:04:24","modified_gmt":"2026-05-16T16:04:24","slug":"30x30-mm-catal-mekanizma-burc","status":"publish","type":"product","link":"https:\/\/ceoparts.com\/fr\/urun\/30x30-mm-catal-mekanizma-burc\/","title":{"rendered":"30&#215;30 mm Douille du m\u00e9canisme de fourche"},"content":{"rendered":"<p>30&#215;30 mm Douille du m\u00e9canisme de fourche<\/p>","protected":false},"excerpt":{"rendered":"<p data-start=\"0\" data-end=\"357\"><br data-start=\"2628\" data-end=\"2631\" \/>La bague de m\u00e9canisme de fourche 30\u00d730 mm est une pi\u00e8ce robuste utilis\u00e9e dans les syst\u00e8mes de fourches des chariots \u00e9l\u00e9vateurs et gerbeurs pour soutenir les connexions d\u2019axe des pi\u00e8ces mobiles et pr\u00e9venir l\u2019usure. Fabriqu\u00e9e en acier haute r\u00e9sistance, elle offre une excellente r\u00e9sistance \u00e0 la friction et aux chocs. Garantit un fonctionnement stable, silencieux et s\u00fbr du m\u00e9canisme de fourche.<\/p>\n<p data-start=\"3026\" data-end=\"3381\"><strong data-start=\"3026\" data-end=\"3048\">Caract\u00e9ristiques :<\/strong><br data-start=\"3048\" data-end=\"3051\" \/><strong data-start=\"3051\" data-end=\"3071\">Nom du produit :<\/strong> Bague de m\u00e9canisme de fourche 30\u00d730 mm<br data-start=\"3110\" data-end=\"3113\" \/><strong data-start=\"3113\" data-end=\"3129\">Code pi\u00e8ce :<\/strong> &#8211;<br data-start=\"3131\" data-end=\"3134\" \/><strong data-start=\"3134\" data-end=\"3148\">Mat\u00e9riau :<\/strong> Acier haute r\u00e9sistance<br data-start=\"3171\" data-end=\"3174\" \/><strong data-start=\"3174\" data-end=\"3200\">Domaine d\u2019utilisation:<\/strong> Connexions de m\u00e9canisme de fourche des chariots \u00e9l\u00e9vateurs et gerbeurs<br data-start=\"3271\" data-end=\"3274\" \/><strong data-start=\"3274\" data-end=\"3287\">Avantage:<\/strong> R\u00e9sistante \u00e0 l\u2019usure et aux chocs, longue dur\u00e9e de vie, fonctionnement silencieux et stable<\/p>\n<p data-start=\"3383\" data-end=\"3775\">\n","protected":false},"featured_media":12271,"template":"","meta":[],"product_brand":[],"product_cat":[441,464,465],"product_tag":[],"class_list":{"0":"post-12096","1":"product","2":"type-product","3":"status-publish","4":"has-post-thumbnail","6":"product_cat-yedek-parca","7":"product_cat-burc-ve-mill-grubu","8":"product_cat-catal-burclari","10":"first","11":"instock","12":"taxable","13":"shipping-taxable","14":"purchasable","15":"product-type-simple"},"_links":{"self":[{"href":"https:\/\/ceoparts.com\/fr\/wp-json\/wp\/v2\/product\/12096","targetHints":{"allow":["GET"]}}],"collection":[{"href":"https:\/\/ceoparts.com\/fr\/wp-json\/wp\/v2\/product"}],"about":[{"href":"https:\/\/ceoparts.com\/fr\/wp-json\/wp\/v2\/types\/product"}],"wp:featuredmedia":[{"embeddable":true,"href":"https:\/\/ceoparts.com\/fr\/wp-json\/wp\/v2\/media\/12271"}],"wp:attachment":[{"href":"https:\/\/ceoparts.com\/fr\/wp-json\/wp\/v2\/media?parent=12096"}],"wp:term":[{"taxonomy":"product_brand","embeddable":true,"href":"https:\/\/ceoparts.com\/fr\/wp-json\/wp\/v2\/product_brand?post=12096"},{"taxonomy":"product_cat","embeddable":true,"href":"https:\/\/ceoparts.com\/fr\/wp-json\/wp\/v2\/product_cat?post=12096"},{"taxonomy":"product_tag","embeddable":true,"href":"https:\/\/ceoparts.com\/fr\/wp-json\/wp\/v2\/product_tag?post=12096"}],"curies":[{"name":"wp","href":"https:\/\/api.w.org\/{rel}","templated":true}]}}