{"id":12110,"date":"2024-12-27T11:16:13","date_gmt":"2024-12-27T08:16:13","guid":{"rendered":"https:\/\/ceoparts.com\/?post_type=product&#038;p=12110"},"modified":"2026-05-16T11:51:22","modified_gmt":"2026-05-16T08:51:22","slug":"25x16-5-mm-catal-mekanizma-burc","status":"publish","type":"product","link":"https:\/\/ceoparts.com\/fr\/urun\/25x16-5-mm-catal-mekanizma-burc\/","title":{"rendered":"25&#215;16,5 Douille du m\u00e9canisme de fourche"},"content":{"rendered":"<p>25&#215;16,5 Douille du m\u00e9canisme de fourche<\/p>","protected":false},"excerpt":{"rendered":"<p data-start=\"84\" data-end=\"470\"><br data-start=\"2722\" data-end=\"2725\" \/>La bague de m\u00e9canisme de fourche 25\u00d716,5 mm est une pi\u00e8ce robuste utilis\u00e9e dans les syst\u00e8mes de fourches des chariots \u00e9l\u00e9vateurs et gerbeurs pour soutenir les connexions d\u2019axe des pi\u00e8ces mobiles. Fabriqu\u00e9e en acier haute r\u00e9sistance, elle offre une excellente r\u00e9sistance \u00e0 l\u2019usure, aux frottements et aux chocs. Garantit un fonctionnement stable, silencieux et fiable du m\u00e9canisme de fourche.<\/p>\n<p data-start=\"3118\" data-end=\"3475\"><strong data-start=\"3118\" data-end=\"3140\">Caract\u00e9ristiques :<\/strong><br data-start=\"3140\" data-end=\"3143\" \/><strong data-start=\"3143\" data-end=\"3163\">Nom du produit :<\/strong> Bague de m\u00e9canisme de fourche 25\u00d716,5 mm<br data-start=\"3204\" data-end=\"3207\" \/><strong data-start=\"3207\" data-end=\"3223\">Code pi\u00e8ce :<\/strong> &#8211;<br data-start=\"3225\" data-end=\"3228\" \/><strong data-start=\"3228\" data-end=\"3242\">Mat\u00e9riau :<\/strong> Acier haute r\u00e9sistance<br data-start=\"3265\" data-end=\"3268\" \/><strong data-start=\"3268\" data-end=\"3294\">Domaine d\u2019utilisation:<\/strong> Connexions de m\u00e9canisme de fourche des chariots \u00e9l\u00e9vateurs et gerbeurs<br data-start=\"3365\" data-end=\"3368\" \/><strong data-start=\"3368\" data-end=\"3381\">Avantage:<\/strong> R\u00e9sistante \u00e0 l\u2019usure et aux chocs, longue dur\u00e9e de vie, fonctionnement stable et silencieux<\/p>\n<p data-start=\"3477\" data-end=\"3857\">\n","protected":false},"featured_media":12278,"template":"","meta":[],"product_brand":[],"product_cat":[441,464,465],"product_tag":[],"class_list":{"0":"post-12110","1":"product","2":"type-product","3":"status-publish","4":"has-post-thumbnail","6":"product_cat-yedek-parca","7":"product_cat-burc-ve-mill-grubu","8":"product_cat-catal-burclari","10":"first","11":"instock","12":"taxable","13":"shipping-taxable","14":"purchasable","15":"product-type-simple"},"_links":{"self":[{"href":"https:\/\/ceoparts.com\/fr\/wp-json\/wp\/v2\/product\/12110","targetHints":{"allow":["GET"]}}],"collection":[{"href":"https:\/\/ceoparts.com\/fr\/wp-json\/wp\/v2\/product"}],"about":[{"href":"https:\/\/ceoparts.com\/fr\/wp-json\/wp\/v2\/types\/product"}],"wp:featuredmedia":[{"embeddable":true,"href":"https:\/\/ceoparts.com\/fr\/wp-json\/wp\/v2\/media\/12278"}],"wp:attachment":[{"href":"https:\/\/ceoparts.com\/fr\/wp-json\/wp\/v2\/media?parent=12110"}],"wp:term":[{"taxonomy":"product_brand","embeddable":true,"href":"https:\/\/ceoparts.com\/fr\/wp-json\/wp\/v2\/product_brand?post=12110"},{"taxonomy":"product_cat","embeddable":true,"href":"https:\/\/ceoparts.com\/fr\/wp-json\/wp\/v2\/product_cat?post=12110"},{"taxonomy":"product_tag","embeddable":true,"href":"https:\/\/ceoparts.com\/fr\/wp-json\/wp\/v2\/product_tag?post=12110"}],"curies":[{"name":"wp","href":"https:\/\/api.w.org\/{rel}","templated":true}]}}